{"id":463,"date":"2024-07-12T12:04:23","date_gmt":"2024-07-12T04:04:23","guid":{"rendered":"https:\/\/ruiqigo.com\/?post_type=product&#038;p=463"},"modified":"2024-11-06T13:42:51","modified_gmt":"2024-11-06T05:42:51","slug":"jelly-facial-mask","status":"publish","type":"product","link":"https:\/\/www.ruiqigo.com\/de\/product\/jelly-facial-mask","title":{"rendered":"Gelee-Gesichtsmaske"},"content":{"rendered":"<h2 class=\"wp-block-heading\">Herstellung g\u00e4ngiger Formeln f\u00fcr Gelee-Gesichtsmasken<\/h2>\n\n\n\n<p>Carbomer Als hervorragendes Verdickungsmittel und Stabilisator spielt Carbomer eine Schl\u00fcsselrolle in unserer Jelly-Gesichtsmaske, da es die Haftung der Maske verbessert und ein effektives Eindringen der N\u00e4hrstoffe gew\u00e4hrleistet. Dar\u00fcber hinaus ist nordamerikanisches Hamameliswasser f\u00fcr seine beruhigenden und adstringierenden Eigenschaften bekannt, die dabei helfen, die Haut\u00f6le zu regulieren, vergr\u00f6\u00dferte Poren zu minimieren und der Haut Frische und Verfeinerung zur\u00fcckzugeben. Als zuverl\u00e4ssiger Hersteller von Jelly-Gesichtsmasken wissen wir, dass Aloe Vera Cura\u00e7ao-Wasser, das reich an Vitaminen und Mineralien ist, eine ausgezeichnete feuchtigkeitsspendende und reparierende Wirkung hat, die Regeneration der Hautzellen f\u00f6rdert und trockene Haut verbessert.<\/p>\n\n\n\n<h2 class=\"wp-block-heading\">Anwendungsszenarien f\u00fcr Gelee-Gesichtsmasken<\/h2>\n\n\n\n<p>Unsere Jelly-Gesichtsmasken eignen sich f\u00fcr eine Vielzahl von t\u00e4glichen Hautpflegesituationen. Egal, ob Sie zu Hause eine entspannende abendliche Hautpflegeroutine genie\u00dfen oder Ihre Haut unterwegs schnell mit Feuchtigkeit versorgen m\u00f6chten, diese Maske ist genau das Richtige f\u00fcr Sie. Sie eignet sich besonders f\u00fcr die Anwendung w\u00e4hrend der Trockenzeit, bei l\u00e4ngerem Aufenthalt in klimatisierten oder beheizten Umgebungen oder nach Aktivit\u00e4ten im Freien, um der Haut sofort Feuchtigkeit und wohltuende Linderung zu verleihen.<\/p>\n\n\n\n<h2 class=\"wp-block-heading\">F\u00fcr wen ist die Jelly-Gesichtsmaske geeignet?<\/h2>\n\n\n\n<p>Diese Jelly-Gesichtsmaske ist f\u00fcr alle Hauttypen geeignet, insbesondere f\u00fcr trockene, dehydrierte, empfindliche oder reife Haut. Sie bietet eine schnelle und wirksame L\u00f6sung zur Hautpflege f\u00fcr moderne Menschen, die st\u00e4ndig Umweltverschmutzung, UV-Sch\u00e4den und Alltagsstress ausgesetzt sind. Dar\u00fcber hinaus ist sie auch f\u00fcr Verbraucher geeignet, die nach nat\u00fcrlicher Hautpflege und pflanzlichen Inhaltsstoffen suchen.<\/p>\n\n\n\n<h2 class=\"wp-block-heading\">Herstellungsprozess einer Gelee-Gesichtsmaske<\/h2>\n\n\n\n<p>Um h\u00f6chste Qualit\u00e4t und Wirksamkeit zu gew\u00e4hrleisten, werden w\u00e4hrend des Herstellungsprozesses unserer Jelly-Gesichtsmasken eine Reihe strenger Ma\u00dfnahmen ergriffen. Zun\u00e4chst w\u00e4hlen wir sorgf\u00e4ltig die besten Pflanzenstoffe aus, um ihre Reinheit und Wirksamkeit sicherzustellen. Diese werden dann sorgf\u00e4ltig mit makromolekularen Feuchtigkeitsspendern gemischt, um eine synergistische Formel zu schaffen, die sich gegenseitig erg\u00e4nzt. Als professioneller Hersteller von Jelly-Gesichtsmasken erfordert der n\u00e4chste entscheidende Schritt der Gelierung, dass unser professionelles Team die Menge des hinzugef\u00fcgten Carbomers genau kontrolliert, um die gew\u00fcnschte k\u00fchlende Geltextur zu erzielen. Dieses kritische Gleichgewicht verst\u00e4rkt nicht nur das k\u00fchlende Gef\u00fchl beim Auftragen, sondern stellt auch sicher, dass die Maske f\u00fcr maximale Wirksamkeit auf der Haut haftet.<\/p>","protected":false},"excerpt":{"rendered":"Jelly facial mask manufacturing common formulas Carbomer As a superior thickener and stabilizer, carbomer plays a key role in our Jelly Facial Mask, enhancing the adhesion of the mask and ensuring effective penetration of nutrients. In addition, North American Witch Hazel Water is known for its soothing and astringent properties, helping to regulate skin&#8217;s oils, [&hellip;]","protected":false},"featured_media":464,"menu_order":0,"template":"","meta":[],"product-tag":[],"products":[69],"class_list":["post-463","product","type-product","status-publish","has-post-thumbnail","hentry","products-facial-mask"],"acf":[],"_links":{"self":[{"href":"https:\/\/www.ruiqigo.com\/de\/wp-json\/wp\/v2\/product\/463","targetHints":{"allow":["GET"]}}],"collection":[{"href":"https:\/\/www.ruiqigo.com\/de\/wp-json\/wp\/v2\/product"}],"about":[{"href":"https:\/\/www.ruiqigo.com\/de\/wp-json\/wp\/v2\/types\/product"}],"version-history":[{"count":0,"href":"https:\/\/www.ruiqigo.com\/de\/wp-json\/wp\/v2\/product\/463\/revisions"}],"wp:featuredmedia":[{"embeddable":true,"href":"https:\/\/www.ruiqigo.com\/de\/wp-json\/wp\/v2\/media\/464"}],"wp:attachment":[{"href":"https:\/\/www.ruiqigo.com\/de\/wp-json\/wp\/v2\/media?parent=463"}],"wp:term":[{"taxonomy":"product-tag","embeddable":true,"href":"https:\/\/www.ruiqigo.com\/de\/wp-json\/wp\/v2\/product-tag?post=463"},{"taxonomy":"products","embeddable":true,"href":"https:\/\/www.ruiqigo.com\/de\/wp-json\/wp\/v2\/products?post=463"}],"curies":[{"name":"wp","href":"https:\/\/api.w.org\/{rel}","templated":true}]}}