{"id":468,"date":"2024-07-12T15:30:38","date_gmt":"2024-07-12T07:30:38","guid":{"rendered":"https:\/\/ruiqigo.com\/?post_type=product&#038;p=468"},"modified":"2024-11-06T13:38:55","modified_gmt":"2024-11-06T05:38:55","slug":"bubble-facial-mask","status":"publish","type":"product","link":"https:\/\/www.ruiqigo.com\/de\/product\/bubble-facial-mask","title":{"rendered":"Bubble-Gesichtsmaske"},"content":{"rendered":"<h2 class=\"wp-block-heading\">Herstellung von Bubble-Gesichtsmasken \u2013 g\u00e4ngige Formeln<\/h2>\n\n\n\n<p>Die Hauptbestandteile dieser Blasengesichtsmaske sind Silberweidenrindenextrakt, Amaranthextrakt und Hafer-Beta-Glucan. Silberweidenrindenextrakt ist reich an Ellags\u00e4ure und anderen wichtigen Wirkstoffen, die Schmutz in den Poren effektiv absorbieren und das Wachstum sch\u00e4dlicher Bakterien hemmen k\u00f6nnen, wodurch eine Tiefenreinigungswirkung erzielt wird. Amaranthextrakt ist reich an Vitamin C und Aminos\u00e4uren, die helfen, die durch die Reinigung verursachte Reizung zu lindern und die Barrierefunktion der Haut aufrechtzuerhalten. Als f\u00fchrender Hersteller von Blasengesichtsmasken wissen wir, dass Hafer-Beta-Glucan nicht nur reichhaltige, dichte Blasen erzeugt, sondern auch \u00fcbersch\u00fcssiges \u00d6l absorbiert und abgestorbene Hautzellen sanft abbl\u00e4ttert, wodurch die Haut frisch und strahlend bleibt. Diese drei Hauptbestandteile erg\u00e4nzen sich gegenseitig, um Ihrer Haut eine umfassende Tiefenreinigung und -reparatur zu bieten.<\/p>\n\n\n\n<h2 class=\"wp-block-heading\">Anwendungsszenarien f\u00fcr Bubble-Gesichtsmasken<\/h2>\n\n\n\n<p>Die Bubble-Gesichtsmaske ist ideal f\u00fcr Haut in der T-Zone, die aufgrund anhaltender Fettigkeit oder mangelnder Reinigung zu Mitessern, Akne und vergr\u00f6\u00dferten Poren neigt. W\u00f6chentlich angewendet l\u00f6st sie alte Ablagerungen und Schadstoffe in den Poren tiefgehend auf und hinterl\u00e4sst eine erfrischte und revitalisierte Haut. Die beruhigenden Inhaltsstoffe dieses Reinigungsmittels sorgen au\u00dferdem f\u00fcr sofortige Linderung nach der Reinigung und machen den Vorgang zu einem angenehmen Erlebnis.<\/p>\n\n\n\n<h2 class=\"wp-block-heading\">F\u00fcr wen ist die Bubble-Gesichtsmaske geeignet?<\/h2>\n\n\n\n<p>Diese Gesichtsmaske mit Sprudeleffekt ist f\u00fcr alle Hauttypen geeignet, insbesondere f\u00fcr diejenigen, die eine Tiefenreinigung, Porenpflege und einen aufhellenden Teint ben\u00f6tigen. Bei fettiger und Mischhaut kontrolliert sie effektiv die \u00d6lproduktion und reduziert die Bildung von Akne und Mitessern. Bei trockener und empfindlicher Haut beruhigen ihre sanfte Formel und die feuchtigkeitsspendenden Inhaltsstoffe die Haut und reduzieren Reizungen.<\/p>\n\n\n\n<h2 class=\"wp-block-heading\">Herstellungsprozess der Bubble-Gesichtsmaske<\/h2>\n\n\n\n<p>Unser professionelles Team hat unerm\u00fcdlich daran gearbeitet, eine herausragende Bubble-Gesichtsmaske zu entwickeln. Zun\u00e4chst sind wir bei der Auswahl der Rohstoffe sehr streng, um die Reinheit und Wirksamkeit der Hauptbestandteile wie Silberweidenrindenextrakt und Amaranthextrakt sicherzustellen. Dann kontrollieren wir im Formulierungsprozess als vertrauensw\u00fcrdiger Hersteller von Bubble-Gesichtsmasken sorgf\u00e4ltig die Menge und den Anteil jedes Inhaltsstoffs, um ihre synergistischen Effekte zu maximieren. Der wichtige Schaumschritt wurde immer wieder optimiert, um reichhaltige, cremige Blasen zu erzielen.<\/p>","protected":false},"excerpt":{"rendered":"Bubble facial mask manufacturing common formulas The core ingredients of this bubble facial mask include White Willow Bark Extract, Amaranth Extract and Oat Beta-Glucan. White Willow Bark Extract is rich in ellagic acid and other important active ingredients, which can effectively absorb dirt in the pores and inhibit the growth of harmful bacteria, thus achieving [&hellip;]","protected":false},"featured_media":469,"menu_order":0,"template":"","meta":[],"product-tag":[],"products":[69],"class_list":["post-468","product","type-product","status-publish","has-post-thumbnail","hentry","products-facial-mask"],"acf":[],"_links":{"self":[{"href":"https:\/\/www.ruiqigo.com\/de\/wp-json\/wp\/v2\/product\/468","targetHints":{"allow":["GET"]}}],"collection":[{"href":"https:\/\/www.ruiqigo.com\/de\/wp-json\/wp\/v2\/product"}],"about":[{"href":"https:\/\/www.ruiqigo.com\/de\/wp-json\/wp\/v2\/types\/product"}],"version-history":[{"count":0,"href":"https:\/\/www.ruiqigo.com\/de\/wp-json\/wp\/v2\/product\/468\/revisions"}],"wp:featuredmedia":[{"embeddable":true,"href":"https:\/\/www.ruiqigo.com\/de\/wp-json\/wp\/v2\/media\/469"}],"wp:attachment":[{"href":"https:\/\/www.ruiqigo.com\/de\/wp-json\/wp\/v2\/media?parent=468"}],"wp:term":[{"taxonomy":"product-tag","embeddable":true,"href":"https:\/\/www.ruiqigo.com\/de\/wp-json\/wp\/v2\/product-tag?post=468"},{"taxonomy":"products","embeddable":true,"href":"https:\/\/www.ruiqigo.com\/de\/wp-json\/wp\/v2\/products?post=468"}],"curies":[{"name":"wp","href":"https:\/\/api.w.org\/{rel}","templated":true}]}}