{"id":479,"date":"2024-07-12T16:01:49","date_gmt":"2024-07-12T08:01:49","guid":{"rendered":"https:\/\/ruiqigo.com\/?post_type=product&#038;p=479"},"modified":"2024-11-05T23:15:26","modified_gmt":"2024-11-05T15:15:26","slug":"avocado-facial-mask","status":"publish","type":"product","link":"https:\/\/www.ruiqigo.com\/de\/product\/avocado-facial-mask","title":{"rendered":"Avocado-Gesichtsmaske"},"content":{"rendered":"<h2 class=\"wp-block-heading\">Herstellung von Avocado-Gesichtsmasken \u2013 g\u00e4ngige Formeln<\/h2>\n\n\n\n<p>Die Hauptbestandteile dieser Avocado-Gesichtsmaske sind Avocadobaumharz, Camellia sinensis-Extrakt und Vitamin E. Avocadobaumharz ist reich an \u00d6len und Fetts\u00e4uren, die die Unterhaut tief n\u00e4hren und die Elastizit\u00e4t und Geschmeidigkeit der Haut verbessern k\u00f6nnen. Gleichzeitig kann es auch effektiv Wasserverlust verhindern, sodass sich die Haut hydratisiert und voll anf\u00fchlt. Kamelienextrakt ist reich an antioxidativen Vitaminen, die Sch\u00e4den durch freie Radikale an der Haut effektiv reduzieren und das Problem von Mattheit und Schwellungen verbessern k\u00f6nnen. Wie ein Hersteller von Avocado-Gesichtsmasken mit Vitamin E feststellt, f\u00f6rdert es nicht nur den Zellstoffwechsel, verbessert die Widerstandsf\u00e4higkeit der Haut, sondern minimiert auch feine Linien und macht die Haut geschmeidiger und elastischer.<\/p>\n\n\n\n<h2 class=\"wp-block-heading\">Anwendungsszenarien f\u00fcr Avocado-Gesichtsmasken<\/h2>\n\n\n\n<p>Die Avocado-Gesichtsmaske eignet sich f\u00fcr viele Gelegenheiten. Egal, ob Sie Ihre t\u00e4gliche Hautpflege zu Hause durchf\u00fchren oder eine professionelle Behandlung im Salon genie\u00dfen, sie kann Ihre Haut deutlich verbessern. Sie eignet sich besonders f\u00fcr die Anwendung w\u00e4hrend der Trockenzeit, bei l\u00e4ngerer Einwirkung von Klimaanlagen oder Heizungen oder zur Hautreparatur nach Sonneneinstrahlung.<\/p>\n\n\n\n<h2 class=\"wp-block-heading\">F\u00fcr wen ist die Avocado-Gesichtsmaske geeignet?<\/h2>\n\n\n\n<p>Diese Maske ist f\u00fcr alle Hauttypen geeignet, insbesondere f\u00fcr trockene und dehydrierte Haut. F\u00fcr Verbraucher, die eine tiefe Pflege und Feuchtigkeitsversorgung ben\u00f6tigen, bietet die Avocado-Gesichtsmaske reichhaltige N\u00e4hrstoffe und eine lang anhaltende Feuchtigkeitswirkung. Sie ist auch ideal f\u00fcr diejenigen unter Ihnen, die sich eine gesunde und nat\u00fcrlich strahlende Haut w\u00fcnschen.<\/p>\n\n\n\n<h2 class=\"wp-block-heading\">Herstellungsprozess der Avocado-Gesichtsmaske<\/h2>\n\n\n\n<p>Unsere Avocado-Gesichtsmasken werden in einem einzigartigen Produktionsprozess hergestellt, um die hohe Qualit\u00e4t und Wirksamkeit unserer Produkte sicherzustellen. Im Produktionsprozess kontrollieren wir zun\u00e4chst bei der Auswahl der Rohstoffe streng die Qualit\u00e4t der Hauptzutaten wie Avocadobaumharz und Kamelienextrakt, um die Maximierung ihres N\u00e4hrwerts und ihrer Wirkstoffe sicherzustellen. Im Formulierungsprozess gleichen wir auch das Verh\u00e4ltnis der verschiedenen Zutaten sorgf\u00e4ltig aus, damit sie die beste synergetische Wirkung auf die Haut entfalten k\u00f6nnen. Gleichzeitig haben wir als vertrauensw\u00fcrdiger Hersteller von Avocado-Gesichtsmasken auch einen schonenden und milden Extraktionsprozess f\u00fcr Avocado, eine nat\u00fcrliche Zutat, entwickelt, um sicherzustellen, dass ihre N\u00e4hrstoffe nicht besch\u00e4digt werden und der urspr\u00fcngliche Geschmack maximal erhalten bleibt.<\/p>","protected":false},"excerpt":{"rendered":"Avocado facial mask manufacturing common formulas The core ingredients of this avocado facial mask are avocado tree resin, camellia sinensis extract and vitamin E. Among them, avocado tree resin is rich in oils and fatty acids, which can deeply nourish the underbelly of the skin and enhance the elasticity and suppleness of the skin. At [&hellip;]","protected":false},"featured_media":480,"menu_order":0,"template":"","meta":[],"product-tag":[],"products":[69],"class_list":["post-479","product","type-product","status-publish","has-post-thumbnail","hentry","products-facial-mask"],"acf":[],"_links":{"self":[{"href":"https:\/\/www.ruiqigo.com\/de\/wp-json\/wp\/v2\/product\/479","targetHints":{"allow":["GET"]}}],"collection":[{"href":"https:\/\/www.ruiqigo.com\/de\/wp-json\/wp\/v2\/product"}],"about":[{"href":"https:\/\/www.ruiqigo.com\/de\/wp-json\/wp\/v2\/types\/product"}],"version-history":[{"count":0,"href":"https:\/\/www.ruiqigo.com\/de\/wp-json\/wp\/v2\/product\/479\/revisions"}],"wp:featuredmedia":[{"embeddable":true,"href":"https:\/\/www.ruiqigo.com\/de\/wp-json\/wp\/v2\/media\/480"}],"wp:attachment":[{"href":"https:\/\/www.ruiqigo.com\/de\/wp-json\/wp\/v2\/media?parent=479"}],"wp:term":[{"taxonomy":"product-tag","embeddable":true,"href":"https:\/\/www.ruiqigo.com\/de\/wp-json\/wp\/v2\/product-tag?post=479"},{"taxonomy":"products","embeddable":true,"href":"https:\/\/www.ruiqigo.com\/de\/wp-json\/wp\/v2\/products?post=479"}],"curies":[{"name":"wp","href":"https:\/\/api.w.org\/{rel}","templated":true}]}}