{"id":484,"date":"2024-07-12T16:15:53","date_gmt":"2024-07-12T08:15:53","guid":{"rendered":"https:\/\/ruiqigo.com\/?post_type=product&#038;p=484"},"modified":"2024-11-05T23:16:03","modified_gmt":"2024-11-05T15:16:03","slug":"oat-facial-mask","status":"publish","type":"product","link":"https:\/\/www.ruiqigo.com\/de\/product\/oat-facial-mask","title":{"rendered":"Hafer-Gesichtsmaske"},"content":{"rendered":"<h2 class=\"wp-block-heading\">Herstellung von Gesichtsmasken aus Hafer<\/h2>\n\n\n\n<p>Die Hauptbestandteile dieser Hafer-Gesichtsmaske sind Haferkernextrakt, hydrolysiertes Haferprotein und Hafer-Beta-Glucan. Haferkernextrakt ist reich an nat\u00fcrlichen Saponinen, die Unreinheiten sanft entfernen und die Poren gr\u00fcndlich reinigen. Gleichzeitig kann es auch die Talgsekretion regulieren und die Entstehung von Mitessern und Akne kontrollieren. Hydrolysiertes Haferprotein kann tief in die Haut eindringen und sie mit reichhaltigen Proteinen versorgen, wodurch die Rauheit der Haut verbessert und die Haut zarter und weicher wird. Was Hafer-Beta-Glucan betrifft, so wissen wir als w\u00fcrdiger Hersteller von Hafer-Gesichtsmasken, dass es nicht nur effektiv Wasser absorbiert und die Feuchtigkeitsaufnahmef\u00e4higkeit der Haut verbessert, sondern auch die Zellen aktiviert und die Selbstreparaturfunktion der Haut verbessert, sodass Sie die gute Qualit\u00e4t einer strahlenden und kristallklaren Haut zur\u00fcckgewinnen k\u00f6nnen.<\/p>\n\n\n\n<h2 class=\"wp-block-heading\">Anwendungsszenarien f\u00fcr Hafergesichtsmasken<\/h2>\n\n\n\n<p>Die Hafer-Gesichtsmaske eignet sich f\u00fcr viele verschiedene Hautpflegeanl\u00e4sse und ist besonders gut f\u00fcr die Anwendung geeignet, wenn die Haut eine Tiefenreinigung und Pflege ben\u00f6tigt. Zum Beispiel nach einem Tag mit Umweltverschmutzung oder w\u00e4hrend des Jahreszeitenwechsels, wenn die Haut besondere Pflege ben\u00f6tigt. Auch bei Haut, die lange Zeit Make-up getragen hat, bietet die Hafer-Gesichtsmaske eine sanfte Reinigungs- und Beruhigungswirkung.<\/p>\n\n\n\n<h2 class=\"wp-block-heading\">F\u00fcr wen ist die Hafer-Gesichtsmaske geeignet?<\/h2>\n\n\n\n<p>Diese Maske eignet sich besonders f\u00fcr Menschen mit dickerer Nagelhaut, die ihren Hautton aufhellen m\u00f6chten. F\u00fcr Verbraucher mit rauer Haut, vergr\u00f6\u00dferten Poren oder Menschen, die unter Akne leiden, kann eine Gesichtsmaske aus Hafer eine wirksame L\u00f6sung sein. Sie ist auch eine ideale Wahl f\u00fcr Verbraucher, die nach nat\u00fcrlicher Hautpflege und pflanzlichen Inhaltsstoffen suchen.<\/p>\n\n\n\n<h2 class=\"wp-block-heading\">Herstellungsprozess einer Hafer-Gesichtsmaske<\/h2>\n\n\n\n<p>Der Produktionsprozess der Hafer-Gesichtsmaske konzentriert sich darauf, die nat\u00fcrliche Aktivit\u00e4t und Wirksamkeit der Inhaltsstoffe zu bewahren. Wir verwenden eine Niedertemperatur-Extraktionstechnologie, um die Wirkstoffe aus Hafer zu extrahieren und so ihre Reinheit und Stabilit\u00e4t sicherzustellen. W\u00e4hrend des Produktionsprozesses kontrollieren wir die Produktionsumgebung streng, um die Sterilit\u00e4t und Sicherheit unserer Produkte zu gew\u00e4hrleisten. Dar\u00fcber hinaus verwenden wir als f\u00fchrender Hersteller von Hafer-Gesichtsmasken einzigartige Formeln und Emulgierungsprozesse, um den Masken eine cremige Textur zu verleihen, die leicht absorbiert wird und ein sanftes und dennoch wirksames Hautpflegeerlebnis bietet.<\/p>","protected":false},"excerpt":{"rendered":"Oat facial mask manufacturing common formulas The core ingredients of this oat facial mask are oat kernel extract, hydrolyzed oat protein and oat beta-glucan. Among them, Oat Kernel Extract is rich in natural saponins, which gently exfoliates impurities and deeply cleanses pores. At the same time, it can also regulate sebum secretion and control the [&hellip;]","protected":false},"featured_media":485,"menu_order":0,"template":"","meta":[],"product-tag":[],"products":[69],"class_list":["post-484","product","type-product","status-publish","has-post-thumbnail","hentry","products-facial-mask"],"acf":[],"_links":{"self":[{"href":"https:\/\/www.ruiqigo.com\/de\/wp-json\/wp\/v2\/product\/484","targetHints":{"allow":["GET"]}}],"collection":[{"href":"https:\/\/www.ruiqigo.com\/de\/wp-json\/wp\/v2\/product"}],"about":[{"href":"https:\/\/www.ruiqigo.com\/de\/wp-json\/wp\/v2\/types\/product"}],"version-history":[{"count":0,"href":"https:\/\/www.ruiqigo.com\/de\/wp-json\/wp\/v2\/product\/484\/revisions"}],"wp:featuredmedia":[{"embeddable":true,"href":"https:\/\/www.ruiqigo.com\/de\/wp-json\/wp\/v2\/media\/485"}],"wp:attachment":[{"href":"https:\/\/www.ruiqigo.com\/de\/wp-json\/wp\/v2\/media?parent=484"}],"wp:term":[{"taxonomy":"product-tag","embeddable":true,"href":"https:\/\/www.ruiqigo.com\/de\/wp-json\/wp\/v2\/product-tag?post=484"},{"taxonomy":"products","embeddable":true,"href":"https:\/\/www.ruiqigo.com\/de\/wp-json\/wp\/v2\/products?post=484"}],"curies":[{"name":"wp","href":"https:\/\/api.w.org\/{rel}","templated":true}]}}