{"id":489,"date":"2024-07-12T16:33:47","date_gmt":"2024-07-12T08:33:47","guid":{"rendered":"https:\/\/ruiqigo.com\/?post_type=product&#038;p=489"},"modified":"2024-11-05T23:09:49","modified_gmt":"2024-11-05T15:09:49","slug":"herb-facial-mask","status":"publish","type":"product","link":"https:\/\/www.ruiqigo.com\/de\/product\/herb-facial-mask","title":{"rendered":"Kr\u00e4utergesichtsmaske"},"content":{"rendered":"<h2 class=\"wp-block-heading\">Herstellung von Kr\u00e4utergesichtsmasken \u2013 g\u00e4ngige Formeln<\/h2>\n\n\n\n<p>Die Kr\u00e4utergesichtsmaske enth\u00e4lt nordamerikanisches Hamameliswasser, Gurkenextrakt und Amaranthextrakt und ist reich an mehreren Kr\u00e4uterextrakten. Nordamerikanisches Hamameliswasser ist f\u00fcr seine beruhigenden und adstringierenden Eigenschaften bekannt. Es hilft, den \u00d6lhaushalt der Haut auszugleichen, vergr\u00f6\u00dferte Poren zu minimieren und der Haut Frische und Verfeinerung zur\u00fcckzugeben. Gurkenextrakt ist reich an Wasser und Vitaminen und spendet der Haut sofort Feuchtigkeit, w\u00e4hrend es gleichzeitig eine k\u00fchlende und beruhigende Wirkung hat. Als zuverl\u00e4ssiger Hersteller von Kr\u00e4utergesichtsmasken wissen wir, dass Amaranthusextrakt entz\u00fcndungshemmende und antioxidative Eigenschaften hat, die R\u00f6tungen reduzieren, die Hautgesundheit f\u00f6rdern und die F\u00e4higkeit der Haut verbessern, sich selbst zu sch\u00fctzen.<\/p>\n\n\n\n<h2 class=\"wp-block-heading\">Anwendungsszenarien f\u00fcr Kr\u00e4utergesichtsmasken<\/h2>\n\n\n\n<p>Die Kr\u00e4utergesichtsmaske eignet sich f\u00fcr eine Vielzahl von Hautpflegeanl\u00e4ssen, insbesondere beim Wechsel der Jahreszeiten, wenn die Haut \u00e4u\u00dferen Reizen ausgesetzt ist oder wenn sie sich l\u00e4ngere Zeit in einer klimatisierten Umgebung aufgehalten hat. Sie ist auch ideal f\u00fcr die Verwendung in einer t\u00e4glichen Hautpflegeroutine, um die Haut regelm\u00e4\u00dfig zu beruhigen und mit Feuchtigkeit zu versorgen. Dar\u00fcber hinaus verleiht die Kr\u00e4utermaske der Haut nach einer langen Reise oder Outdoor-Aktivit\u00e4ten wichtige beruhigende und regenerierende Eigenschaften.<\/p>\n\n\n\n<h2 class=\"wp-block-heading\">F\u00fcr wen ist die Kr\u00e4utergesichtsmaske geeignet?<\/h2>\n\n\n\n<p>Diese Maske ist f\u00fcr alle Hauttypen geeignet, insbesondere f\u00fcr empfindliche Haut oder Haut, die anf\u00e4llig f\u00fcr \u00e4u\u00dfere Reize ist. F\u00fcr Verbraucher, die eine nat\u00fcrliche Hautpflege suchen und die Belastung durch Chemikalien minimieren m\u00f6chten, bietet die Kr\u00e4utermaske eine sanfte und dennoch wirksame Hautpflegeoption. Sie ist auch f\u00fcr diejenigen geeignet, die Hauterm\u00fcdung lindern und die Haut verj\u00fcngen m\u00fcssen.<\/p>\n\n\n\n<h2 class=\"wp-block-heading\">Herstellungsprozess einer Kr\u00e4utergesichtsmaske<\/h2>\n\n\n\n<p>Wir verwenden ein einzigartiges Niedertemperatur-Vakuummahlverfahren mit strenger Temperatur- und Zeitkontrolle, um die reichhaltigen N\u00e4hrstoffe der Kr\u00e4uter so gut wie m\u00f6glich zu erhalten. Wir w\u00e4hlen sorgf\u00e4ltig hochwertige nat\u00fcrliche Pflanzenzutaten aus und verwenden eine Formel ohne Zusatzstoffe, um sicherzustellen, dass die Kr\u00e4utergesichtsmaske sicher und sanft ist und wirklich f\u00fcr die Gesundheit der Haut sorgt. Als w\u00fcrdiger Hersteller von Kr\u00e4utergesichtsmasken verwenden wir au\u00dferdem ein plastikfreies Verpackungsdesign, das den Gedanken des Umweltschutzes unterstreicht.<\/p>","protected":false},"excerpt":{"rendered":"Herb facial mask manufacturing common formulas Herb facial mask contains North American Witch Hazel Water, Cucumber Extract, and Amaranth Extract, rich in multiple herbal extracts. North American Witch Hazel Water is known for its soothing and astringent properties, helping to balance the skin&#8217;s oil, minimize enlarged pores, and restore freshness and refinement to the skin. [&hellip;]","protected":false},"featured_media":490,"menu_order":0,"template":"","meta":[],"product-tag":[],"products":[69],"class_list":["post-489","product","type-product","status-publish","has-post-thumbnail","hentry","products-facial-mask"],"acf":[],"_links":{"self":[{"href":"https:\/\/www.ruiqigo.com\/de\/wp-json\/wp\/v2\/product\/489","targetHints":{"allow":["GET"]}}],"collection":[{"href":"https:\/\/www.ruiqigo.com\/de\/wp-json\/wp\/v2\/product"}],"about":[{"href":"https:\/\/www.ruiqigo.com\/de\/wp-json\/wp\/v2\/types\/product"}],"version-history":[{"count":0,"href":"https:\/\/www.ruiqigo.com\/de\/wp-json\/wp\/v2\/product\/489\/revisions"}],"wp:featuredmedia":[{"embeddable":true,"href":"https:\/\/www.ruiqigo.com\/de\/wp-json\/wp\/v2\/media\/490"}],"wp:attachment":[{"href":"https:\/\/www.ruiqigo.com\/de\/wp-json\/wp\/v2\/media?parent=489"}],"wp:term":[{"taxonomy":"product-tag","embeddable":true,"href":"https:\/\/www.ruiqigo.com\/de\/wp-json\/wp\/v2\/product-tag?post=489"},{"taxonomy":"products","embeddable":true,"href":"https:\/\/www.ruiqigo.com\/de\/wp-json\/wp\/v2\/products?post=489"}],"curies":[{"name":"wp","href":"https:\/\/api.w.org\/{rel}","templated":true}]}}