{"id":500,"date":"2024-07-16T10:38:36","date_gmt":"2024-07-16T02:38:36","guid":{"rendered":"https:\/\/ruiqigo.com\/?post_type=product&#038;p=500"},"modified":"2024-11-06T11:00:46","modified_gmt":"2024-11-06T03:00:46","slug":"foaming-cleanser","status":"publish","type":"product","link":"https:\/\/www.ruiqigo.com\/de\/product\/foaming-cleanser","title":{"rendered":"Schaumreiniger"},"content":{"rendered":"<h2 class=\"wp-block-heading\">Herstellung g\u00e4ngiger Formeln f\u00fcr Schaumreiniger<\/h2>\n\n\n\n<p>Das Produkt enth\u00e4lt Kamelienextrakt und Amaranthextrakt. Als Hersteller von Reinigungsschaum wissen wir, dass Kamelienbl\u00fctenextrakt f\u00fcr seine beruhigenden und antioxidativen Eigenschaften bekannt ist. Es hilft, die Haut vor freien Radikalen zu sch\u00fctzen und verbessert gleichzeitig Weichheit und Elastizit\u00e4t. Amaranthusextrakt: Bekannt f\u00fcr seine entz\u00fcndungshemmenden und antimikrobiellen Eigenschaften, hilft es, R\u00f6tungen und Reizungen zu minimieren und f\u00f6rdert eine gesunde Haut.<\/p>\n\n\n\n<h2 class=\"wp-block-heading\">Anwendungsszenarien f\u00fcr Schaumreiniger<\/h2>\n\n\n\n<p>Der Foaming Cleanser eignet sich f\u00fcr die t\u00e4gliche Gesichtsreinigung, insbesondere f\u00fcr trockene, feuchtigkeitsarme, fettanf\u00e4llige und problematische Haut in der T-Zone. Er sorgt f\u00fcr ein sanftes und dennoch effektives Reinigungserlebnis, sowohl morgens nach dem Aufwachen als auch abends nach dem Abschminken. Er eignet sich auch zur Anwendung nach dem Sport oder nach l\u00e4ngerem Aufenthalt im Freien, um Schmutz und Schadstoffe von der Haut zu entfernen.<\/p>\n\n\n\n<h2 class=\"wp-block-heading\">F\u00fcr wen ist der Reinigungsschaum geeignet?<\/h2>\n\n\n\n<p>Dieses Reinigungsmittel ist f\u00fcr alle Hauttypen geeignet, auch f\u00fcr empfindliche Haut. Das sch\u00e4umende Reinigungsmittel ist die ideale Wahl f\u00fcr Verbraucher, die eine sanfte Reinigungs- und Feuchtigkeitswirkung w\u00fcnschen oder ihre Haut beruhigen und revitalisieren m\u00f6chten.<\/p>\n\n\n\n<h2 class=\"wp-block-heading\">Herstellungsprozess von Schaumreinigern<\/h2>\n\n\n\n<p>Als zuverl\u00e4ssiger Hersteller von Schaumreinigern verwenden wir eine Niedertemperatur-Ultramikromahltechnologie, um die N\u00e4hrstoffe in Camellia sinensis und Amaranthus sinensis so gut wie m\u00f6glich zu erhalten. Gleichzeitig kontrollieren wir Temperatur und Zeit streng, um sicherzustellen, dass die Inhaltsstoffe konzentriert und nicht besch\u00e4digt sind. Dar\u00fcber hinaus haben wir als sorgf\u00e4ltiger Hersteller von Schaumreinigern eine Formel ohne Zusatzstoffe gew\u00e4hlt, die keine Chemikalien enth\u00e4lt, wodurch ein wirklich sanftes, nicht reizendes Reinigungsmittel entsteht.<\/p>","protected":false},"excerpt":{"rendered":"Foaming cleanser manufacturing common formulas The product contains camellia extract and amaranth extract. As a Foaming cleanser manufacturer, we know that Camellia Flower Extract is known for its soothing and antioxidant properties, helping to protect the skin from free radicals while improving softness and elasticity. Amaranthus Extract: Known for its anti-inflammatory and antimicrobial properties, it [&hellip;]","protected":false},"featured_media":501,"menu_order":0,"template":"","meta":[],"product-tag":[],"products":[65],"class_list":["post-500","product","type-product","status-publish","has-post-thumbnail","hentry","products-facial-cleanser"],"acf":[],"_links":{"self":[{"href":"https:\/\/www.ruiqigo.com\/de\/wp-json\/wp\/v2\/product\/500","targetHints":{"allow":["GET"]}}],"collection":[{"href":"https:\/\/www.ruiqigo.com\/de\/wp-json\/wp\/v2\/product"}],"about":[{"href":"https:\/\/www.ruiqigo.com\/de\/wp-json\/wp\/v2\/types\/product"}],"version-history":[{"count":0,"href":"https:\/\/www.ruiqigo.com\/de\/wp-json\/wp\/v2\/product\/500\/revisions"}],"wp:featuredmedia":[{"embeddable":true,"href":"https:\/\/www.ruiqigo.com\/de\/wp-json\/wp\/v2\/media\/501"}],"wp:attachment":[{"href":"https:\/\/www.ruiqigo.com\/de\/wp-json\/wp\/v2\/media?parent=500"}],"wp:term":[{"taxonomy":"product-tag","embeddable":true,"href":"https:\/\/www.ruiqigo.com\/de\/wp-json\/wp\/v2\/product-tag?post=500"},{"taxonomy":"products","embeddable":true,"href":"https:\/\/www.ruiqigo.com\/de\/wp-json\/wp\/v2\/products?post=500"}],"curies":[{"name":"wp","href":"https:\/\/api.w.org\/{rel}","templated":true}]}}