{"id":505,"date":"2024-07-16T10:48:30","date_gmt":"2024-07-16T02:48:30","guid":{"rendered":"https:\/\/ruiqigo.com\/?post_type=product&#038;p=505"},"modified":"2024-11-05T22:55:49","modified_gmt":"2024-11-05T14:55:49","slug":"sulfur-cleanser","status":"publish","type":"product","link":"https:\/\/www.ruiqigo.com\/de\/product\/sulfur-cleanser","title":{"rendered":"Schwefelreiniger"},"content":{"rendered":"<h2 class=\"wp-block-heading\">Herstellung g\u00e4ngiger Formeln f\u00fcr Schwefelreiniger<\/h2>\n\n\n\n<p>Das Produkt enth\u00e4lt Schwefel, Allantoin und Alginat. Schwefel ist ein nat\u00fcrlicher Inhaltsstoff mit starken \u00f6lregulierenden und seborrhoehemmenden Eigenschaften und t\u00f6tet au\u00dferdem Akne verursachende Bakterien und Milben ab. Allantoin: ein beruhigender und regenerierender Inhaltsstoff, der hilft, Reizungen zu reduzieren, die durch den Reinigungsprozess verursacht werden k\u00f6nnen. Als professioneller Hersteller von Schwefelreinigern wissen wir, dass Alginat ein feuchtigkeitsspendender Inhaltsstoff ist, der der Haut w\u00e4hrend der Reinigung wichtige Feuchtigkeit zuf\u00fchrt und sie hydratisiert h\u00e4lt.<\/p>\n\n\n\n<h2 class=\"wp-block-heading\">Anwendungsszenarien f\u00fcr Schwefelreiniger<\/h2>\n\n\n\n<p>Sulfur Cleanser eignet sich f\u00fcr eine Vielzahl von Situationen, in denen eine Tiefenreinigung erforderlich ist, insbesondere f\u00fcr die t\u00e4gliche Pflege fettiger und zu Akne neigender Haut. Es eignet sich f\u00fcr die Anwendung morgens nach dem Aufwachen, abends nach dem Abschminken oder nach dem Training, um \u00d6l und Schmutz von der Haut zu entfernen.<\/p>\n\n\n\n<h2 class=\"wp-block-heading\">F\u00fcr wen ist Schwefelreiniger geeignet?<\/h2>\n\n\n\n<p>Dieses Reinigungsmittel eignet sich besonders f\u00fcr fettige Haut, Mischhaut und Haut mit Akne- und Pickelproblemen. F\u00fcr diejenigen, die eine Tiefenreinigung und gesunde Haut suchen, ist Sulfur Facial Cleanser eine ideale Wahl. Bei empfindlicher Haut wird jedoch empfohlen, vor der Anwendung einen Hauttest durchzuf\u00fchren.<\/p>\n\n\n\n<h2 class=\"wp-block-heading\">Produktionsprozess f\u00fcr Schwefelreiniger<\/h2>\n\n\n\n<p>Bei der Herstellung des Sulfur Facial Cleanser verwenden wir fortschrittliche Extraktions- und Emulgierungstechnologie, um die Wirksamkeit und Stabilit\u00e4t aller Inhaltsstoffe sicherzustellen. Als f\u00fchrender Hersteller von Sulfur-Reinigungsmitteln gew\u00e4hrleisten wir durch die genaue Kontrolle der Schwefelmenge die Sicherheit und Wirksamkeit unserer Produkte. Wir verwenden aseptische Abf\u00fclltechnologie, um die Reinheit und Sicherheit unserer Produkte zu gew\u00e4hrleisten.<\/p>","protected":false},"excerpt":{"rendered":"Sulfur cleanser manufacturing common formulas The product contains Sulfur, Allantoin, and Alginate. Sulfur is a natural ingredient with powerful oil-control and anti-seborrhea properties, as well as killing acne-causing bacteria and mites. Allantoin: a soothing and restorative ingredient that helps reduce irritation that may be caused by the cleansing process. As a professional Sulfur cleanser manufacturer, [&hellip;]","protected":false},"featured_media":513,"menu_order":0,"template":"","meta":[],"product-tag":[],"products":[65],"class_list":["post-505","product","type-product","status-publish","has-post-thumbnail","hentry","products-facial-cleanser"],"acf":[],"_links":{"self":[{"href":"https:\/\/www.ruiqigo.com\/de\/wp-json\/wp\/v2\/product\/505","targetHints":{"allow":["GET"]}}],"collection":[{"href":"https:\/\/www.ruiqigo.com\/de\/wp-json\/wp\/v2\/product"}],"about":[{"href":"https:\/\/www.ruiqigo.com\/de\/wp-json\/wp\/v2\/types\/product"}],"version-history":[{"count":0,"href":"https:\/\/www.ruiqigo.com\/de\/wp-json\/wp\/v2\/product\/505\/revisions"}],"wp:featuredmedia":[{"embeddable":true,"href":"https:\/\/www.ruiqigo.com\/de\/wp-json\/wp\/v2\/media\/513"}],"wp:attachment":[{"href":"https:\/\/www.ruiqigo.com\/de\/wp-json\/wp\/v2\/media?parent=505"}],"wp:term":[{"taxonomy":"product-tag","embeddable":true,"href":"https:\/\/www.ruiqigo.com\/de\/wp-json\/wp\/v2\/product-tag?post=505"},{"taxonomy":"products","embeddable":true,"href":"https:\/\/www.ruiqigo.com\/de\/wp-json\/wp\/v2\/products?post=505"}],"curies":[{"name":"wp","href":"https:\/\/api.w.org\/{rel}","templated":true}]}}