{"id":507,"date":"2024-07-16T10:59:49","date_gmt":"2024-07-16T02:59:49","guid":{"rendered":"https:\/\/ruiqigo.com\/?post_type=product&#038;p=507"},"modified":"2024-11-05T23:02:10","modified_gmt":"2024-11-05T15:02:10","slug":"charcoal-cleanser","status":"publish","type":"product","link":"https:\/\/www.ruiqigo.com\/de\/product\/charcoal-cleanser","title":{"rendered":"Aktivkohlereiniger"},"content":{"rendered":"<h2 class=\"wp-block-heading\">Herstellung g\u00e4ngiger Formeln f\u00fcr Kohlereiniger<\/h2>\n\n\n\n<p>Kohle hat starke Adsorptionseigenschaften, die tief in die Poren eindringen und angesammeltes \u00d6l, Staub und verschiedene Verunreinigungen effektiv entfernen k\u00f6nnen. Gleichzeitig glauben wir als w\u00fcrdiger Hersteller von Kohlereinigern, dass Kohle auch eine sehr gute bakterizide und antibakterielle Funktion hat, das Wachstum sch\u00e4dlicher Bakterien hemmen und die Bildung von Pickeln und Akne verhindern kann.<\/p>\n\n\n\n<h2 class=\"wp-block-heading\">Anwendungsszenarien f\u00fcr den Aktivkohlereiniger<\/h2>\n\n\n\n<p>Charcoal Facial Cleanser eignet sich f\u00fcr die Anwendung in zahlreichen Situationen, einschlie\u00dflich der t\u00e4glichen Gesichtsreinigung, der Tiefenreinigung nach dem Abschminken, der Reinigung nach dem Training und in Umgebungen mit schlechter Luftqualit\u00e4t, um Schadstoffe von der Haut zu entfernen.<\/p>\n\n\n\n<h2 class=\"wp-block-heading\">F\u00fcr wen ist Charcoal Cleanser geeignet?<\/h2>\n\n\n\n<p>Dieses Reinigungsmittel eignet sich besonders f\u00fcr fettige Haut, Mischhaut und zu Akne neigende Haut. Charcoal Facial Cleanser ist die ideale Wahl f\u00fcr Verbraucher, die eine Tiefenreinigung w\u00fcnschen oder das Erscheinungsbild vergr\u00f6\u00dferter Poren verbessern m\u00f6chten.<\/p>\n\n\n\n<h2 class=\"wp-block-heading\">Herstellungsprozess des Charcoal Cleansers<\/h2>\n\n\n\n<p>Bei der Herstellung des Charcoal Facial Cleanser verwenden wir fortschrittliche Mahl- und Mischtechnologie, um die Feinheit und gleichm\u00e4\u00dfige Verteilung des Toners sicherzustellen. Durch die genaue Kontrolle der Partikelgr\u00f6\u00dfe des Toners verbessern wir die Adsorptionskapazit\u00e4t und Reinigungswirkung des Produkts. Als zuverl\u00e4ssiger Hersteller von Charcoal Cleanser verwenden wir aseptische Abf\u00fclltechnologie, um die Reinheit und Sicherheit unserer Produkte zu gew\u00e4hrleisten.<\/p>","protected":false},"excerpt":{"rendered":"Charcoal Cleanser manufacturing common formulas Charcoal has powerful adsorption properties that can penetrate deep into the pores and effectively remove accumulated oil, dust and various impurities. At the same time, as a worthy Charcoal Cleanser manufacturer, we think charcoal also has a very good bactericidal and antibacterial function, can inhibit the growth of harmful bacteria, [&hellip;]","protected":false},"featured_media":521,"menu_order":0,"template":"","meta":[],"product-tag":[],"products":[65],"class_list":["post-507","product","type-product","status-publish","has-post-thumbnail","hentry","products-facial-cleanser"],"acf":[],"_links":{"self":[{"href":"https:\/\/www.ruiqigo.com\/de\/wp-json\/wp\/v2\/product\/507","targetHints":{"allow":["GET"]}}],"collection":[{"href":"https:\/\/www.ruiqigo.com\/de\/wp-json\/wp\/v2\/product"}],"about":[{"href":"https:\/\/www.ruiqigo.com\/de\/wp-json\/wp\/v2\/types\/product"}],"version-history":[{"count":0,"href":"https:\/\/www.ruiqigo.com\/de\/wp-json\/wp\/v2\/product\/507\/revisions"}],"wp:featuredmedia":[{"embeddable":true,"href":"https:\/\/www.ruiqigo.com\/de\/wp-json\/wp\/v2\/media\/521"}],"wp:attachment":[{"href":"https:\/\/www.ruiqigo.com\/de\/wp-json\/wp\/v2\/media?parent=507"}],"wp:term":[{"taxonomy":"product-tag","embeddable":true,"href":"https:\/\/www.ruiqigo.com\/de\/wp-json\/wp\/v2\/product-tag?post=507"},{"taxonomy":"products","embeddable":true,"href":"https:\/\/www.ruiqigo.com\/de\/wp-json\/wp\/v2\/products?post=507"}],"curies":[{"name":"wp","href":"https:\/\/api.w.org\/{rel}","templated":true}]}}