{"id":525,"date":"2024-07-16T11:49:03","date_gmt":"2024-07-16T03:49:03","guid":{"rendered":"https:\/\/ruiqigo.com\/?post_type=product&#038;p=525"},"modified":"2024-11-05T23:06:02","modified_gmt":"2024-11-05T15:06:02","slug":"creamy-cleanser","status":"publish","type":"product","link":"https:\/\/www.ruiqigo.com\/de\/product\/creamy-cleanser","title":{"rendered":"Cremiges Reinigungsmittel"},"content":{"rendered":"<h2 class=\"wp-block-heading\">Cremiges Reinigungsmittel Herstellung gemeinsame Formeln<\/h2>\n\n\n\n<p>Das Produkt enth\u00e4lt Natriumhyaluronat und Tocopherol. Natriumhyaluronat ist ein starkes Feuchthaltemittel, das gro\u00dfe Mengen Feuchtigkeit anzieht und einschlie\u00dft, f\u00fcr langanhaltende Feuchtigkeit sorgt und die Elastizit\u00e4t und Festigkeit der Haut verbessert. Als f\u00fchrender Hersteller cremiger Reinigungsmittel ist Tocopherol (Vitamin E) ein nat\u00fcrliches Antioxidans, das die Haut vor freien Radikalen sch\u00fctzt, die Hautreparatur f\u00f6rdert und die Hautgesundheit erh\u00e4lt.<\/p>\n\n\n\n<h2 class=\"wp-block-heading\">Anwendungsszenarien f\u00fcr cremiges Reinigungsmittel<\/h2>\n\n\n\n<p>Creamy Cleanser eignet sich f\u00fcr die t\u00e4gliche Gesichtsreinigung, insbesondere morgens nach dem Aufstehen und abends nach dem Abschminken. Er ist auch f\u00fcr die Anwendung in trockenen Jahreszeiten oder in klimatisierten Umgebungen geeignet, um die Haut vor Feuchtigkeitsverlust zu sch\u00fctzen. Er ist auch ideal f\u00fcr empfindliche Haut, die eine sanfte Reinigung ben\u00f6tigt.<\/p>\n\n\n\n<h2 class=\"wp-block-heading\">F\u00fcr wen ist Creamy Cleanser geeignet?<\/h2>\n\n\n\n<p>Dieser Reiniger ist f\u00fcr alle Hauttypen geeignet, insbesondere f\u00fcr trockene, dehydrierte oder reife Haut. F\u00fcr Verbraucher, die zus\u00e4tzliche Feuchtigkeit und Pflege ben\u00f6tigen, oder f\u00fcr Benutzer mit empfindlicher Haut, die eine sanfte Reinigungswirkung suchen, ist der Creamy Cleanser die ideale L\u00f6sung.<\/p>\n\n\n\n<h2 class=\"wp-block-heading\">Herstellungsprozess von cremigem Reinigungsmittel<\/h2>\n\n\n\n<p>Bei der Herstellung von Creamy Facial Cleanser verwenden wir fortschrittliche Extraktions- und Emulgierungstechniken, um die Wirksamkeit und Stabilit\u00e4t aller Inhaltsstoffe sicherzustellen. Durch die genaue Kontrolle der Konzentration von Natriumhyaluronat und Tocopherolen stellen wir die feuchtigkeitsspendende und antioxidative Wirkung unserer Produkte sicher. Als Hersteller von Creamy Cleanser verwenden wir eine aseptische Abf\u00fclltechnologie, um die Reinheit und Sicherheit unserer Produkte zu gew\u00e4hrleisten. Dar\u00fcber hinaus umfasst unser Herstellungsprozess ein einzigartiges Formulierungsverfahren, das sicherstellt, dass der Reiniger cremig, leicht aufzutragen und leicht nicht reizend ist.<\/p>","protected":false},"excerpt":{"rendered":"Creamy cleanser manufacturing common formulas The product contains Sodium Hyaluronate, Tocopherol. Sodium Hyaluronate is a powerful humectant that attracts and locks in large amounts of moisture, providing long-lasting moisturization and improving the skin&#8217;s elasticity and firmness. As a leading Creamy cleanser manufacturer, Tocopherol (Vitamin E) is a natural antioxidant that helps protect the skin from [&hellip;]","protected":false},"featured_media":526,"menu_order":0,"template":"","meta":[],"product-tag":[],"products":[65],"class_list":["post-525","product","type-product","status-publish","has-post-thumbnail","hentry","products-facial-cleanser"],"acf":[],"_links":{"self":[{"href":"https:\/\/www.ruiqigo.com\/de\/wp-json\/wp\/v2\/product\/525","targetHints":{"allow":["GET"]}}],"collection":[{"href":"https:\/\/www.ruiqigo.com\/de\/wp-json\/wp\/v2\/product"}],"about":[{"href":"https:\/\/www.ruiqigo.com\/de\/wp-json\/wp\/v2\/types\/product"}],"version-history":[{"count":0,"href":"https:\/\/www.ruiqigo.com\/de\/wp-json\/wp\/v2\/product\/525\/revisions"}],"wp:featuredmedia":[{"embeddable":true,"href":"https:\/\/www.ruiqigo.com\/de\/wp-json\/wp\/v2\/media\/526"}],"wp:attachment":[{"href":"https:\/\/www.ruiqigo.com\/de\/wp-json\/wp\/v2\/media?parent=525"}],"wp:term":[{"taxonomy":"product-tag","embeddable":true,"href":"https:\/\/www.ruiqigo.com\/de\/wp-json\/wp\/v2\/product-tag?post=525"},{"taxonomy":"products","embeddable":true,"href":"https:\/\/www.ruiqigo.com\/de\/wp-json\/wp\/v2\/products?post=525"}],"curies":[{"name":"wp","href":"https:\/\/api.w.org\/{rel}","templated":true}]}}