{"id":531,"date":"2024-07-18T11:33:12","date_gmt":"2024-07-18T03:33:12","guid":{"rendered":"https:\/\/ruiqigo.com\/?post_type=product&#038;p=531"},"modified":"2024-11-15T17:05:08","modified_gmt":"2024-11-15T09:05:08","slug":"rose-water-facial-toner","status":"publish","type":"product","link":"https:\/\/www.ruiqigo.com\/de\/product\/rose-water-facial-toner","title":{"rendered":"Gesichtswasser mit Rosenwasser"},"content":{"rendered":"<h2 class=\"wp-block-heading\">Herstellung g\u00e4ngiger Formeln f\u00fcr Gesichtswasser mit Rosenwasser<\/h2>\n\n\n\n<p>Rosenwasser-Gesichtswasser enth\u00e4lt den Inhaltsstoff Alginat, der mit seiner hervorragenden feuchtigkeitsspendenden Wirkung hilft, Feuchtigkeit zu speichern und die Haut vor Austrocknung zu sch\u00fctzen. Panthenol, auch Vitamin B5 genannt, f\u00f6rdert die Tiefenregeneration der Haut und st\u00e4rkt ihre Barrierefunktion. Als f\u00fchrender Hersteller von Rosenwasser-Gesichtswasser hat Turk Rose Flower Water, angereichert mit \u00e4therischem Rosen\u00f6l und verschiedenen Phyton\u00e4hrstoffen, vielf\u00e4ltige hautberuhigende, teintaufhellende und antioxidative Wirkungen.<\/p>\n\n\n\n<h2 class=\"wp-block-heading\">Anwendungsszenarien f\u00fcr Gesichtswasser mit Rosenwasser<\/h2>\n\n\n\n<p>Dieses Rosenwasser-Toner eignet sich f\u00fcr eine Vielzahl von t\u00e4glichen Hautpflegeanwendungen. Ob morgens zum Aufwachen oder abends nach dem Abschminken \u2013 dieses Toner spendet Ihrer Haut schnell Feuchtigkeit und revitalisiert sie. Es eignet sich auch f\u00fcr Haut, die viel Zeit am Computer oder in klimatisierten R\u00e4umen verbringt, und sch\u00fctzt sie vor den negativen Einfl\u00fcssen der \u00e4u\u00dferen Umgebung.<\/p>\n\n\n\n<h2 class=\"wp-block-heading\">F\u00fcr wen ist Rosenwasser Gesichtswasser geeignet<\/h2>\n\n\n\n<p>Das Rosenwasser-Gesichtswasser ist f\u00fcr alle Hauttypen geeignet, insbesondere f\u00fcr trockene, feuchtigkeitsarme, empfindliche und reife Haut. Dank seiner nat\u00fcrlichen Inhaltsstoffe und seiner effizienten Feuchtigkeitsversorgung ist dieses Gesichtswasser ideal f\u00fcr Verbraucher, die Wert auf nat\u00fcrliche Inhaltsstoffe und sanfte Hautpflegeergebnisse legen.<\/p>\n\n\n\n<h2 class=\"wp-block-heading\">Herstellungsprozess von Gesichtswasser mit Rosenwasser<\/h2>\n\n\n\n<p>Wir verwenden ein einzigartiges Kaltextraktionsverfahren, um nat\u00fcrliche Pflanzenextrakte bei niedrigen Temperaturen zu extrahieren. Dadurch bleiben die Integrit\u00e4t und Aktivit\u00e4t der Inhaltsstoffe erhalten und Vitamine, Polysaccharide und andere N\u00e4hrstoffe im Produkt intakt, um seine Wirksamkeit zu maximieren. Gleichzeitig haben wir als f\u00fchrender Hersteller von Gesichtswasser mit Rosenwasser auch die Mikrowolkennebel-Technologie eingef\u00fchrt. Das Gesichtswasser wird in feine und gleichm\u00e4\u00dfige Mikrotr\u00f6pfchen zerst\u00e4ubt und sanft auf die Haut gespr\u00fcht. Es zieht schnell ein, ohne dass abgewischt werden muss, und sorgt f\u00fcr ein frisches und angenehmes Gef\u00fchl.<\/p>","protected":false},"excerpt":{"rendered":"Rose water facial toner manufacturing common formulas Rose water facial toner contains the ingredient Alginate, which with its excellent moisturizing ability, helps to lock in moisture and protect the skin from dry conditions. Panthenol, or Vitamin B5, promotes deep skin repair and strengthens the skin&#8217;s barrier function. As a leading Rose water facial toner manufacturer, [&hellip;]","protected":false},"featured_media":534,"menu_order":0,"template":"","meta":[],"product-tag":[],"products":[67],"class_list":["post-531","product","type-product","status-publish","has-post-thumbnail","hentry","products-facial-toner"],"acf":[],"_links":{"self":[{"href":"https:\/\/www.ruiqigo.com\/de\/wp-json\/wp\/v2\/product\/531","targetHints":{"allow":["GET"]}}],"collection":[{"href":"https:\/\/www.ruiqigo.com\/de\/wp-json\/wp\/v2\/product"}],"about":[{"href":"https:\/\/www.ruiqigo.com\/de\/wp-json\/wp\/v2\/types\/product"}],"version-history":[{"count":0,"href":"https:\/\/www.ruiqigo.com\/de\/wp-json\/wp\/v2\/product\/531\/revisions"}],"wp:featuredmedia":[{"embeddable":true,"href":"https:\/\/www.ruiqigo.com\/de\/wp-json\/wp\/v2\/media\/534"}],"wp:attachment":[{"href":"https:\/\/www.ruiqigo.com\/de\/wp-json\/wp\/v2\/media?parent=531"}],"wp:term":[{"taxonomy":"product-tag","embeddable":true,"href":"https:\/\/www.ruiqigo.com\/de\/wp-json\/wp\/v2\/product-tag?post=531"},{"taxonomy":"products","embeddable":true,"href":"https:\/\/www.ruiqigo.com\/de\/wp-json\/wp\/v2\/products?post=531"}],"curies":[{"name":"wp","href":"https:\/\/api.w.org\/{rel}","templated":true}]}}