{"id":532,"date":"2024-07-18T11:39:16","date_gmt":"2024-07-18T03:39:16","guid":{"rendered":"https:\/\/ruiqigo.com\/?post_type=product&#038;p=532"},"modified":"2024-11-15T17:03:09","modified_gmt":"2024-11-15T09:03:09","slug":"green-tea-facial-toner","status":"publish","type":"product","link":"https:\/\/www.ruiqigo.com\/de\/product\/green-tea-facial-toner","title":{"rendered":"Gesichtswasser mit gr\u00fcnem Tee"},"content":{"rendered":"<h2 class=\"wp-block-heading\">Herstellung von Gesichtswasser mit gr\u00fcnem Tee \u2013 g\u00e4ngige Formeln<\/h2>\n\n\n\n<p>Alginose ist ein nat\u00fcrlicher Zucker, der f\u00fcr seine ausgezeichnete feuchtigkeitsspendende Wirkung bekannt ist. Er hilft, Feuchtigkeit zu binden und die Haut weicher und elastischer zu machen. Als professioneller Hersteller von Gesichtswasser aus gr\u00fcnem Tee ist Teeextrakt reich an Polyphenolen, die in gr\u00fcnem Tee vorkommen, insbesondere an Catechinen, die starke antioxidative Eigenschaften haben und wirksam gegen \u00e4u\u00dfere Umwelteinfl\u00fcsse auf der Haut k\u00e4mpfen und gleichzeitig helfen, die \u00d6lsekretion der Haut auszugleichen.<\/p>\n\n\n\n<h2 class=\"wp-block-heading\">Anwendungsszenarien f\u00fcr Gesichtswasser mit gr\u00fcnem Tee<\/h2>\n\n\n\n<p>Das Gesichtswasser mit gr\u00fcnem Tee eignet sich f\u00fcr alle Aspekte der t\u00e4glichen Hautpflege. Verwenden Sie es morgens nach der Reinigung, um die Haut zu erwecken und mit Energie zu versorgen, und abends, um das Gleichgewicht der Haut nach der Tiefenreinigung wiederherzustellen. Es eignet sich auch zur Anwendung nach l\u00e4ngerer Nutzung elektronischer Bildschirme oder Aktivit\u00e4ten im Freien, um die Haut vor Umweltbelastungen zu sch\u00fctzen und ihr Frische wiederzugeben.<\/p>\n\n\n\n<h2 class=\"wp-block-heading\">F\u00fcr wen ist Gr\u00fcner Tee Gesichtswasser geeignet<\/h2>\n\n\n\n<p>Dieses Gesichtswasser ist f\u00fcr alle Hauttypen geeignet, insbesondere f\u00fcr fettige und Mischhaut, sowie f\u00fcr Verbraucher, die nat\u00fcrliche Hautpflege und antioxidativen Schutz suchen. F\u00fcr diejenigen, die ihren Hautton verbessern und Anzeichen von Hauterm\u00fcdung minimieren m\u00f6chten, bietet das Gesichtswasser mit gr\u00fcnem Tee mit seinen sanften und dennoch wirksamen Inhaltsstoffen eine ideale Hautpflegeoption.<\/p>\n\n\n\n<h2 class=\"wp-block-heading\">Herstellungsprozess von Gesichtswasser mit gr\u00fcnem Tee<\/h2>\n\n\n\n<p>Wir verwenden ein einzigartiges Niedertemperatur-Infusionsverfahren, um die Wirkstoffe aus den Gr\u00fcnteebl\u00e4ttern zu extrahieren und so den urspr\u00fcnglichen Geschmack der Inhaltsstoffe zu erhalten. Gleichzeitig verwenden wir eine Mikrovernebelungstechnologie, um feine, gleichm\u00e4\u00dfige Wassertr\u00f6pfchen zu erzeugen, damit die N\u00e4hrstoffe schnell in die Haut aufgenommen werden. Als professioneller Hersteller von Gesichtswassern mit Gr\u00fcntee kontrollieren wir in allen Aspekten der Produktion streng die Qualit\u00e4t der wichtigsten Punkte, um eine stabile und zuverl\u00e4ssige Produktqualit\u00e4t zu gew\u00e4hrleisten.<\/p>","protected":false},"excerpt":{"rendered":"Green tea facial toner manufacturing common formulas Alginose is a natural sugar known for its excellent moisturizing ability, helping to lock in moisture and enhance the skin&#8217;s softness and elasticity. As a professional Green tea facial toner manufacturer, tea extract is rich in polyphenols found in green tea, especially catechins, which have powerful antioxidant properties [&hellip;]","protected":false},"featured_media":538,"menu_order":0,"template":"","meta":[],"product-tag":[],"products":[67],"class_list":["post-532","product","type-product","status-publish","has-post-thumbnail","hentry","products-facial-toner"],"acf":[],"_links":{"self":[{"href":"https:\/\/www.ruiqigo.com\/de\/wp-json\/wp\/v2\/product\/532","targetHints":{"allow":["GET"]}}],"collection":[{"href":"https:\/\/www.ruiqigo.com\/de\/wp-json\/wp\/v2\/product"}],"about":[{"href":"https:\/\/www.ruiqigo.com\/de\/wp-json\/wp\/v2\/types\/product"}],"version-history":[{"count":0,"href":"https:\/\/www.ruiqigo.com\/de\/wp-json\/wp\/v2\/product\/532\/revisions"}],"wp:featuredmedia":[{"embeddable":true,"href":"https:\/\/www.ruiqigo.com\/de\/wp-json\/wp\/v2\/media\/538"}],"wp:attachment":[{"href":"https:\/\/www.ruiqigo.com\/de\/wp-json\/wp\/v2\/media?parent=532"}],"wp:term":[{"taxonomy":"product-tag","embeddable":true,"href":"https:\/\/www.ruiqigo.com\/de\/wp-json\/wp\/v2\/product-tag?post=532"},{"taxonomy":"products","embeddable":true,"href":"https:\/\/www.ruiqigo.com\/de\/wp-json\/wp\/v2\/products?post=532"}],"curies":[{"name":"wp","href":"https:\/\/api.w.org\/{rel}","templated":true}]}}