{"id":533,"date":"2024-07-18T11:49:37","date_gmt":"2024-07-18T03:49:37","guid":{"rendered":"https:\/\/ruiqigo.com\/?post_type=product&#038;p=533"},"modified":"2024-11-15T17:02:20","modified_gmt":"2024-11-15T09:02:20","slug":"micellar-water-makeup-remover","status":"publish","type":"product","link":"https:\/\/www.ruiqigo.com\/de\/product\/micellar-water-makeup-remover","title":{"rendered":"Mizellenwasser-Make-up-Entferner"},"content":{"rendered":"<h2 class=\"wp-block-heading\">Herstellung g\u00e4ngiger Formeln f\u00fcr Make-up-Entferner mit Mizellenwasser<\/h2>\n\n\n\n<p>Die Hauptbestandteile des Mizellenwasser-Make-up-Entferners sind PEG-40-hydriertes Rizinus\u00f6l, 1,1-Hexandiol, Phenoxyethanol, Aloe-Barbadensis-Blattwasser und Dinatrium-EDTA. PEG-40-hydriertes Rizinus\u00f6l ist ein hervorragendes Tensid, das Verunreinigungen aufl\u00f6st, w\u00e4hrend 1,1-Hexandiol und Phenoxyethanol hervorragende bakterizide und antiseptische Wirkstoffe sind, die die Hygiene und Sicherheit des Produkts gew\u00e4hrleisten. Als zuverl\u00e4ssiger Hersteller von Mizellenwasser-Make-up-Entfernern ist Aloe-Barbadensis-Blattwasser reich an Vitaminen, Mineralien und Polysacchariden, die die Haut n\u00e4hren und die Hautbarriere verbessern, w\u00e4hrend Dinatrium-EDTA ein Komplexbildner ist, der die Produktstabilit\u00e4t verbessert. Diese Inhaltsstoffe wirken zusammen, um Ihre Haut gr\u00fcndlich zu reinigen und zu pflegen.<\/p>\n\n\n\n<h2 class=\"wp-block-heading\">Anwendungsszenarien f\u00fcr Make-up-Entferner mit Mizellenwasser<\/h2>\n\n\n\n<p>Dieser Mizellenwasser-Make-up-Entferner ist perfekt f\u00fcr die t\u00e4gliche Hautpflege. Egal, ob Sie Ihr t\u00e4gliches Make-up entfernen oder Ihre fettige Haut von angesammelten Unreinheiten reinigen m\u00f6chten, er ist einfach anzuwenden. Er entfernt auch effektiv wasserfestes Make-up und hinterl\u00e4sst eine v\u00f6llig reine Haut. Nach der Anwendung ist Ihre Haut nicht nur sauber und strahlend, sondern auch beruhigt und gepflegt und legt damit eine gute Grundlage f\u00fcr Ihre Hautpflege.<\/p>\n\n\n\n<h2 class=\"wp-block-heading\">F\u00fcr wen ist Mizellenwasser Make-up-Entferner geeignet?<\/h2>\n\n\n\n<p>Dieser Mizellenwasser-Make-up-Entferner ist f\u00fcr alle Hauttypen geeignet. Sowohl fettige als auch trockene Haut k\u00f6nnen davon profitieren. Er reinigt sanft, ohne Reizungen oder allergische Reaktionen hervorzurufen. Besonders f\u00fcr Sch\u00f6nheitsliebhaber geeignet, entfernt er m\u00fchelos alle Arten von Make-up und l\u00e4sst Ihre Haut frisch und neu aussehen. Gleichzeitig ist er mit einer Vielzahl nat\u00fcrlicher Pflanzenstoffe angereichert, die die Haut n\u00e4hren und sch\u00fctzen, sodass Sie die Pflege beim Entfernen von Make-up genie\u00dfen k\u00f6nnen.<\/p>\n\n\n\n<h2 class=\"wp-block-heading\">Herstellungsprozess von Mizellenwasser-Make-up-Entferner<\/h2>\n\n\n\n<p>Wir verwenden eine einzigartige Mizellentechnologie, um diesen Make-up-Entferner herzustellen. Zun\u00e4chst kombinieren wir Tenside wie PEG-40 hydriertes Rizinus\u00f6l mit Wasser, um eine stabile Mizellenstruktur zu bilden. Als zuverl\u00e4ssiger Hersteller von Make-up-Entfernern mit Mizellenwasser kapseln diese Mizellen Schmutz und Make-up-R\u00fcckst\u00e4nde effektiv ein und l\u00f6sen und entfernen sie auf sanfte Weise. Anschlie\u00dfend werden Hautpflegestoffe wie Aloe Barbadensis-Blattwasser und Dinatrium-EDTA hinzugef\u00fcgt, um dem Produkt noch mehr Pflege und Schutz zu verleihen.<\/p>","protected":false},"excerpt":{"rendered":"Micellar water makeup remover manufacturing common formulas The core ingredients of Micellar Water Makeup Remover include PEG-40 Hydrogenated Castor Oil, 1,1-Hexanediol, Phenoxyethanol, Aloe Barbadensis Leaf Water and Disodium EDTA, PEG-40 Hydrogenated Castor Oil is an excellent surfactant that dissolves contaminants, while 1,1-Hexanediol and Phenoxyethanol are excellent bactericidal and antiseptic agents that maintain product hygiene and [&hellip;]","protected":false},"featured_media":542,"menu_order":0,"template":"","meta":[],"product-tag":[],"products":[66],"class_list":["post-533","product","type-product","status-publish","has-post-thumbnail","hentry","products-makeup-remover"],"acf":[],"_links":{"self":[{"href":"https:\/\/www.ruiqigo.com\/de\/wp-json\/wp\/v2\/product\/533","targetHints":{"allow":["GET"]}}],"collection":[{"href":"https:\/\/www.ruiqigo.com\/de\/wp-json\/wp\/v2\/product"}],"about":[{"href":"https:\/\/www.ruiqigo.com\/de\/wp-json\/wp\/v2\/types\/product"}],"version-history":[{"count":0,"href":"https:\/\/www.ruiqigo.com\/de\/wp-json\/wp\/v2\/product\/533\/revisions"}],"wp:featuredmedia":[{"embeddable":true,"href":"https:\/\/www.ruiqigo.com\/de\/wp-json\/wp\/v2\/media\/542"}],"wp:attachment":[{"href":"https:\/\/www.ruiqigo.com\/de\/wp-json\/wp\/v2\/media?parent=533"}],"wp:term":[{"taxonomy":"product-tag","embeddable":true,"href":"https:\/\/www.ruiqigo.com\/de\/wp-json\/wp\/v2\/product-tag?post=533"},{"taxonomy":"products","embeddable":true,"href":"https:\/\/www.ruiqigo.com\/de\/wp-json\/wp\/v2\/products?post=533"}],"curies":[{"name":"wp","href":"https:\/\/api.w.org\/{rel}","templated":true}]}}