{"id":546,"date":"2024-07-18T12:00:46","date_gmt":"2024-07-18T04:00:46","guid":{"rendered":"https:\/\/ruiqigo.com\/?post_type=product&#038;p=546"},"modified":"2024-11-15T17:01:26","modified_gmt":"2024-11-15T09:01:26","slug":"oil-free-makeup-remover","status":"publish","type":"product","link":"https:\/\/www.ruiqigo.com\/de\/product\/oil-free-makeup-remover","title":{"rendered":"\u00d6lfreier Make-up-Entferner"},"content":{"rendered":"<h2 class=\"wp-block-heading\">Herstellung \u00f6lfreier Make-up-Entferner \u2013 g\u00e4ngige Formeln<\/h2>\n\n\n\n<p>Die Hauptbestandteile dieses Produkts sind Poroxam 184 und Camellia sinensis-Extrakt. Peloxam 184 ist ein nichtionisches Tensid mit hervorragender Reinigungs- und L\u00f6sungskraft, das alle Arten von Kosmetika effektiv aufl\u00f6sen kann. Als zuverl\u00e4ssiger Hersteller \u00f6lfreier Make-up-Entferner ist Kamelienextrakt reich an Antioxidantien und N\u00e4hrstoffen, die die Haut n\u00e4hren und Trockenheit und Spannungsgef\u00fchl lindern, die durch das Entfernen des Make-ups entstehen.<\/p>\n\n\n\n<h2 class=\"wp-block-heading\">Anwendungsszenarien f\u00fcr \u00f6lfreien Make-up-Entferner<\/h2>\n\n\n\n<p>Dieser \u00f6lfreie Make-up-Entferner kann in vielen verschiedenen Situationen verwendet werden. Egal, ob Sie Ihr t\u00e4gliches Make-up entfernen, angesammelte Unreinheiten nach einer erholsamen Nacht gr\u00fcndlich reinigen oder die Haut nach einem aktiven Tag im Freien von Sonnenschutzcreme befreien m\u00f6chten, er entfernt Make-up hervorragend. Er ist auch f\u00fcr Menschen mit besonderen Hautbed\u00fcrfnissen wie empfindlicher Haut, trockener Haut usw. geeignet und pflegt die Haut sanft.<\/p>\n\n\n\n<h2 class=\"wp-block-heading\">F\u00fcr wen ist \u00d6lfreier Make-up-Entferner geeignet?<\/h2>\n\n\n\n<p>Dieses Produkt richtet sich an B\u00fcroangestellte in der Stadt, die sich eine gesunde Haut w\u00fcnschen. Sowohl B\u00fcroangestellte als auch Studentinnen k\u00f6nnen es je nach ihrem Hautzustand verwenden. Bei fettiger Haut und Mischhaut kann es die Poren effektiv reinigen und die Talgproduktion kontrollieren; bei trockener oder empfindlicher Haut kann es au\u00dferdem sanfte N\u00e4hrstoffe liefern, um die Hautbarriere aufrechtzuerhalten.<\/p>\n\n\n\n<h2 class=\"wp-block-heading\">Herstellungsprozess f\u00fcr \u00f6lfreien Make-up-Entferner<\/h2>\n\n\n\n<p>Unsere fortschrittliche Mizellentechnologie nutzt die einzigartigen Eigenschaften von Tensiden, um die Wasser- und \u00d6lphasen w\u00e4hrend des Herstellungsprozesses vollst\u00e4ndig zu emulgieren und winzige Mizellenpartikel zu bilden. Diese Technologie reduziert nicht nur den Wasser- und Energieverbrauch erheblich, sondern f\u00fchrt auch zu einem Produkt, das frisch und weich ist, ohne die Haut zu belasten. Als zuverl\u00e4ssiger Hersteller von \u00f6lfreiem Make-up-Entferner haben wir au\u00dferdem biologisch abbaubares Dinatrium-EDTA als Komplexbildner ausgew\u00e4hlt und damit die schwer abbaubaren Inhaltsstoffe in herk\u00f6mmlichen Make-up-Entfernern ersetzt, um die Auswirkungen auf die Umwelt zu minimieren.<\/p>","protected":false},"excerpt":{"rendered":"Oil free makeup remover manufacturing common formulas The core ingredients of this product include Poroxam 184 and Camellia sinensis extract. Peloxam 184 is a non-ionic surfactant with excellent cleansing and solubilizing ability, which can effectively dissolve all kinds of cosmetics. As a reliable Oil free makeup remover manufacturer, camellia Extract, on the other hand, is [&hellip;]","protected":false},"featured_media":547,"menu_order":0,"template":"","meta":[],"product-tag":[],"products":[66],"class_list":["post-546","product","type-product","status-publish","has-post-thumbnail","hentry","products-makeup-remover"],"acf":[],"_links":{"self":[{"href":"https:\/\/www.ruiqigo.com\/de\/wp-json\/wp\/v2\/product\/546","targetHints":{"allow":["GET"]}}],"collection":[{"href":"https:\/\/www.ruiqigo.com\/de\/wp-json\/wp\/v2\/product"}],"about":[{"href":"https:\/\/www.ruiqigo.com\/de\/wp-json\/wp\/v2\/types\/product"}],"version-history":[{"count":0,"href":"https:\/\/www.ruiqigo.com\/de\/wp-json\/wp\/v2\/product\/546\/revisions"}],"wp:featuredmedia":[{"embeddable":true,"href":"https:\/\/www.ruiqigo.com\/de\/wp-json\/wp\/v2\/media\/547"}],"wp:attachment":[{"href":"https:\/\/www.ruiqigo.com\/de\/wp-json\/wp\/v2\/media?parent=546"}],"wp:term":[{"taxonomy":"product-tag","embeddable":true,"href":"https:\/\/www.ruiqigo.com\/de\/wp-json\/wp\/v2\/product-tag?post=546"},{"taxonomy":"products","embeddable":true,"href":"https:\/\/www.ruiqigo.com\/de\/wp-json\/wp\/v2\/products?post=546"}],"curies":[{"name":"wp","href":"https:\/\/api.w.org\/{rel}","templated":true}]}}