{"id":556,"date":"2024-07-18T14:56:34","date_gmt":"2024-07-18T06:56:34","guid":{"rendered":"https:\/\/ruiqigo.com\/?post_type=product&#038;p=556"},"modified":"2024-11-06T14:39:21","modified_gmt":"2024-11-06T06:39:21","slug":"moisturizing-body-lotion","status":"publish","type":"product","link":"https:\/\/www.ruiqigo.com\/de\/product\/moisturizing-body-lotion","title":{"rendered":"Feuchtigkeitsspendende K\u00f6rperlotion"},"content":{"rendered":"<h3 class=\"wp-block-heading\">Herstellung von feuchtigkeitsspendender K\u00f6rperlotion \u2013 g\u00e4ngige Formeln<\/h3>\n\n\n\n<p>Alginat hat eine einzigartige Molek\u00fclstruktur, die Feuchtigkeit absorbiert und in der Haut einschlie\u00dft und so f\u00fcr eine starke Feuchtigkeitsversorgung sorgt. Es st\u00e4rkt auch die Barrierefunktion der Haut und verbessert die Widerstandskraft der Haut gegen Widrigkeiten. Als nat\u00fcrliches Antioxidans kann Tocopherol freie Radikale neutralisieren, Hautsch\u00e4den reparieren und die Hautstruktur verbessern. Als f\u00fchrender Hersteller von feuchtigkeitsspendenden K\u00f6rperlotionen wissen wir, dass es auch hervorragende feuchtigkeitsspendende und weichmachende Eigenschaften hat, wodurch die Haut gepflegter und geschmeidiger wird. Da Ethylhexylglycerin ein spezielles Glycerinderivat mit hervorragender feuchtigkeitsspendender Penetration ist, kann es tief in die Hornschicht eindringen, um Feuchtigkeit wieder aufzuf\u00fcllen, den Wassergehalt der Haut zu erh\u00f6hen und den trockenen und rauen Zustand der Haut zu verbessern.<\/p>\n\n\n\n<h3 class=\"wp-block-heading\">Feuchtigkeitsspendende K\u00f6rperlotion Anwendbare Szenarien<\/h3>\n\n\n\n<p>Diese feuchtigkeitsspendende K\u00f6rperlotion ist f\u00fcr alle Hauttypen geeignet, insbesondere f\u00fcr trockene und feuchtigkeitsarme Haut. Ob t\u00e4gliche Pflege oder spezielle Pflege bei Wetterwechsel, sie kann die Feuchtigkeit und N\u00e4hrstoffe der Haut effektiv wiederherstellen, die sie braucht, um Ihre Haut feucht und glatt zu halten.<\/p>\n\n\n\n<h3 class=\"wp-block-heading\">F\u00fcr wen ist die feuchtigkeitsspendende K\u00f6rperlotion geeignet?<\/h3>\n\n\n\n<p>Diese K\u00f6rperlotion ist f\u00fcr alle Hauttypen geeignet, insbesondere f\u00fcr trockene, dehydrierte oder reife Haut. Sie ist ideal f\u00fcr Verbraucher, die nach nat\u00fcrlichen Inhaltsstoffen und einer hohen Feuchtigkeitswirkung suchen. Auch Verbraucher mit empfindlicher Haut k\u00f6nnen davon profitieren, da die sanfte Formel Hautreizungen reduziert.<\/p>\n\n\n\n<h3 class=\"wp-block-heading\">Feuchtigkeitsspendende K\u00f6rperlotion Produktionsprozess<\/h3>\n\n\n\n<p>Als zuverl\u00e4ssiger Hersteller von feuchtigkeitsspendenden K\u00f6rperlotionen verwendet das Produkt ein mikrokristallines Molek\u00fclextraktionsverfahren bei niedrigen Temperaturen, wodurch die urspr\u00fcngliche Wirksamkeit nat\u00fcrlicher Wirkstoffe effektiv erhalten bleibt. Gleichzeitig wird auch die patentierte Molek\u00fcleinbettungstechnologie verwendet, sodass die feuchtigkeitsspendenden Inhaltsstoffe leichter absorbiert und durchdrungen werden k\u00f6nnen, um die pflegenden und reparierenden Wirkungen zu maximieren. Der gesamte Produktionsprozess erfolgt ohne chemische Zus\u00e4tze, um sicherzustellen, dass das Produkt umweltfreundlich und sicher ist.<\/p>\n\n\n\n<p><\/p>","protected":false},"excerpt":{"rendered":"Moisturizing body lotion manufacturing Common Formulas Alginate has a unique molecular structure that adsorbs and locks moisture into the skin, providing powerful moisturization. It also strengthens the skin&#8217;s barrier function and improves the skin&#8217;s resistance to adversity. As a natural antioxidant, tocopherol can neutralize free radicals, repair skin damage and improve skin texture. As a [&hellip;]","protected":false},"featured_media":557,"menu_order":0,"template":"","meta":[],"product-tag":[],"products":[70],"class_list":["post-556","product","type-product","status-publish","has-post-thumbnail","hentry","products-moisturizing-lotion"],"acf":[],"_links":{"self":[{"href":"https:\/\/www.ruiqigo.com\/de\/wp-json\/wp\/v2\/product\/556","targetHints":{"allow":["GET"]}}],"collection":[{"href":"https:\/\/www.ruiqigo.com\/de\/wp-json\/wp\/v2\/product"}],"about":[{"href":"https:\/\/www.ruiqigo.com\/de\/wp-json\/wp\/v2\/types\/product"}],"version-history":[{"count":0,"href":"https:\/\/www.ruiqigo.com\/de\/wp-json\/wp\/v2\/product\/556\/revisions"}],"wp:featuredmedia":[{"embeddable":true,"href":"https:\/\/www.ruiqigo.com\/de\/wp-json\/wp\/v2\/media\/557"}],"wp:attachment":[{"href":"https:\/\/www.ruiqigo.com\/de\/wp-json\/wp\/v2\/media?parent=556"}],"wp:term":[{"taxonomy":"product-tag","embeddable":true,"href":"https:\/\/www.ruiqigo.com\/de\/wp-json\/wp\/v2\/product-tag?post=556"},{"taxonomy":"products","embeddable":true,"href":"https:\/\/www.ruiqigo.com\/de\/wp-json\/wp\/v2\/products?post=556"}],"curies":[{"name":"wp","href":"https:\/\/api.w.org\/{rel}","templated":true}]}}