{"id":561,"date":"2024-07-18T15:02:16","date_gmt":"2024-07-18T07:02:16","guid":{"rendered":"https:\/\/ruiqigo.com\/?post_type=product&#038;p=561"},"modified":"2024-11-06T14:35:11","modified_gmt":"2024-11-06T06:35:11","slug":"moisturizing-facial-lotion","status":"publish","type":"product","link":"https:\/\/www.ruiqigo.com\/de\/product\/moisturizing-facial-lotion","title":{"rendered":"Feuchtigkeitsspendende Gesichtslotion"},"content":{"rendered":"<h3 class=\"wp-block-heading\">Herstellung von feuchtigkeitsspendender Gesichtslotion \u2013 g\u00e4ngige Formeln<\/h3>\n\n\n\n<p>Ethylhexylglycerin: ein sanfter Feuchtigkeitsspender, der die nat\u00fcrliche Barriere der Haut st\u00e4rkt und Feuchtigkeitsverlust reduziert. Centella Asiatica-Blattextrakt: Bekannt f\u00fcr seine starken regenerierenden und beruhigenden Eigenschaften, hilft es, R\u00f6tungen und Reizungen zu minimieren. Als zuverl\u00e4ssiger Hersteller feuchtigkeitsspendender Gesichtslotionen wissen wir, dass nordamerikanisches Hamameliswasser: nat\u00fcrliche Pflanzenstoffe enth\u00e4lt, die helfen, die Talgproduktion der Haut zu regulieren und die Poren zu verengen, um die Haut frisch zu halten. Camellia Sinensis-Bl\u00fctenextrakt: Reich an Antioxidantien, hilft es, die Haut vor Umwelteinfl\u00fcssen zu sch\u00fctzen und versorgt sie gleichzeitig mit N\u00e4hrstoffen und Feuchtigkeit.<\/p>\n\n\n\n<h3 class=\"wp-block-heading\">Feuchtigkeitsspendende Gesichtslotion Anwendbare Szenarien<\/h3>\n\n\n\n<p>Die feuchtigkeitsspendende Gesichtslotion eignet sich f\u00fcr mehrere Teile Ihrer Hautpflegeroutine. Ob morgens nach der Reinigung oder abends nach dem Abschminken, sie spendet der Haut langanhaltende Feuchtigkeit. Sie eignet sich auch f\u00fcr die Anwendung w\u00e4hrend trockener Jahreszeiten oder bei l\u00e4ngerem Aufenthalt in klimatisierten Umgebungen, um die Haut vor den negativen Einfl\u00fcssen der \u00e4u\u00dferen Umgebung zu sch\u00fctzen.<\/p>\n\n\n\n<h3 class=\"wp-block-heading\">F\u00fcr wen ist die feuchtigkeitsspendende Gesichtslotion geeignet?<\/h3>\n\n\n\n<p>Diese Lotion ist f\u00fcr alle Hauttypen geeignet, insbesondere f\u00fcr trockene, dehydrierte oder empfindliche Haut. Sie ist ideal f\u00fcr Verbraucher, die nat\u00fcrliche Hautpflege und eine effiziente Feuchtigkeitswirkung suchen. F\u00fcr Haut, die zus\u00e4tzliche Beruhigung und Reparatur ben\u00f6tigt, sorgen Centella Asiatica-Blattextrakt und Camellia Sinensis-Bl\u00fctenextrakt f\u00fcr zus\u00e4tzliche Pflege.<\/p>\n\n\n\n<h3 class=\"wp-block-heading\">Produktionsprozess f\u00fcr feuchtigkeitsspendende Gesichtslotion<\/h3>\n\n\n\n<p>Bei der Herstellung unserer feuchtigkeitsspendenden Gesichtslotion verwenden wir eine fortschrittliche Emulgierungstechnologie, um die Stabilit\u00e4t und Hautfreundlichkeit der Lotion sicherzustellen. Als w\u00fcrdiger Hersteller feuchtigkeitsspendender Gesichtslotionen optimieren wir durch die genaue Kontrolle der Inhaltsstoffverh\u00e4ltnisse und Produktionsbedingungen die Textur und die feuchtigkeitsspendende Wirkung der Emulsion. Dar\u00fcber hinaus verwenden wir eine aseptische Abf\u00fclltechnologie, um die Reinheit und Sicherheit unserer Produkte zu gew\u00e4hrleisten.<\/p>","protected":false},"excerpt":{"rendered":"Moisturizing Facial lotion manufacturing Common Formulas Ethylhexylglycerin: a gentle moisturizer that strengthens the skin&#8217;s natural barrier and reduces moisture loss. Centella Asiatica Leaf Extract: Known for its powerful restorative and soothing properties, it helps minimize redness and irritation. As a reliable Moisturizing Facial lotion manufacturer, we know that North American Witch Hazel Water: Contains natural [&hellip;]","protected":false},"featured_media":562,"menu_order":0,"template":"","meta":[],"product-tag":[],"products":[70],"class_list":["post-561","product","type-product","status-publish","has-post-thumbnail","hentry","products-moisturizing-lotion"],"acf":[],"_links":{"self":[{"href":"https:\/\/www.ruiqigo.com\/de\/wp-json\/wp\/v2\/product\/561","targetHints":{"allow":["GET"]}}],"collection":[{"href":"https:\/\/www.ruiqigo.com\/de\/wp-json\/wp\/v2\/product"}],"about":[{"href":"https:\/\/www.ruiqigo.com\/de\/wp-json\/wp\/v2\/types\/product"}],"version-history":[{"count":0,"href":"https:\/\/www.ruiqigo.com\/de\/wp-json\/wp\/v2\/product\/561\/revisions"}],"wp:featuredmedia":[{"embeddable":true,"href":"https:\/\/www.ruiqigo.com\/de\/wp-json\/wp\/v2\/media\/562"}],"wp:attachment":[{"href":"https:\/\/www.ruiqigo.com\/de\/wp-json\/wp\/v2\/media?parent=561"}],"wp:term":[{"taxonomy":"product-tag","embeddable":true,"href":"https:\/\/www.ruiqigo.com\/de\/wp-json\/wp\/v2\/product-tag?post=561"},{"taxonomy":"products","embeddable":true,"href":"https:\/\/www.ruiqigo.com\/de\/wp-json\/wp\/v2\/products?post=561"}],"curies":[{"name":"wp","href":"https:\/\/api.w.org\/{rel}","templated":true}]}}