{"id":566,"date":"2024-07-18T15:16:04","date_gmt":"2024-07-18T07:16:04","guid":{"rendered":"https:\/\/ruiqigo.com\/?post_type=product&#038;p=566"},"modified":"2024-11-06T14:05:41","modified_gmt":"2024-11-06T06:05:41","slug":"olive-oil-moisturizing-lotion","status":"publish","type":"product","link":"https:\/\/www.ruiqigo.com\/de\/product\/olive-oil-moisturizing-lotion","title":{"rendered":"Feuchtigkeitslotion mit Oliven\u00f6l"},"content":{"rendered":"<h3 class=\"wp-block-heading\">Herstellung von Feuchtigkeitslotionen mit Oliven\u00f6l \u2013 g\u00e4ngige Formeln<\/h3>\n\n\n\n<p>Die Wirkstoffe der feuchtigkeitsspendenden Oliven\u00f6llotion umfassen haupts\u00e4chlich Oliven\u00f6lextrakt, Hyalurons\u00e4ure und einen Feuchtigkeitsfaktor. Oliven\u00f6lextrakt ist reich an unges\u00e4ttigten Fetts\u00e4uren wie \u00d6ls\u00e4ure, die den Cholesterinspiegel senkt, die Herzgesundheit sch\u00fctzt und antioxidative Eigenschaften hat. Als f\u00fchrender Hersteller von feuchtigkeitsspendenden Oliven\u00f6llotionen wissen wir, dass Hyalurons\u00e4ure ein hervorragender Feuchtigkeitswirkstoff ist, der mehr als das 500-fache seines Eigengewichts an Wasser aufnehmen kann, um die Haut tiefgehend mit Feuchtigkeit zu versorgen. Dar\u00fcber hinaus hilft der Feuchtigkeitsfaktor der Haut, Feuchtigkeit zu speichern und die Feuchtigkeit der Haut aufrechtzuerhalten.<\/p>\n\n\n\n<h3 class=\"wp-block-heading\">Feuchtigkeitslotion mit Oliven\u00f6l Anwendbare Szenarien<\/h3>\n\n\n\n<p>Die Feuchtigkeitslotion mit Oliven\u00f6l eignet sich f\u00fcr eine Vielzahl von Situationen, darunter die t\u00e4gliche Hautpflege, trockene Umgebungen, klimatisierte R\u00e4ume und nach Aktivit\u00e4ten im Freien. Sie ist besonders f\u00fcr Menschen geeignet, die sich h\u00e4ufig in trockenen Umgebungen aufhalten. Zweimal w\u00f6chentlich angewendet, hilft sie der Haut, trockene Umgebungen besser zu bek\u00e4mpfen, lindert Trockenheit und vergr\u00f6\u00dferte Poren, die durch Sonneneinstrahlung verursacht werden, und h\u00e4lt die Haut frisch und mit Feuchtigkeit versorgt.<\/p>\n\n\n\n<h3 class=\"wp-block-heading\">F\u00fcr wen ist die Feuchtigkeitslotion mit Oliven\u00f6l geeignet?<\/h3>\n\n\n\n<p>Die Feuchtigkeitslotion mit Oliven\u00f6l ist f\u00fcr alle Menschen geeignet, insbesondere f\u00fcr diejenigen, die eine besonders feuchtigkeitsspendende und n\u00e4hrende Haut ben\u00f6tigen. Sie ist f\u00fcr S\u00e4uglinge, schwangere Frauen und stillende M\u00fctter geeignet, da die N\u00e4hrstoffe in Oliven\u00f6l denen der Muttermilch \u00e4hneln, leicht absorbiert werden und das Wachstum und die Entwicklung der Nerven und Knochen von S\u00e4uglingen f\u00f6rdern. Sie ist auch f\u00fcr Frauen geeignet, die Sch\u00f6nheit lieben, da sie antioxidative Substanzen enth\u00e4lt, die Gesichtsfalten beseitigen und Hautalterung vorbeugen k\u00f6nnen. Dar\u00fcber hinaus kann die Feuchtigkeitslotion mit Oliven\u00f6l Patienten mit Herz-Kreislauf- und zerebrovaskul\u00e4ren Erkrankungen, Diabetes, Gastritis und Magengeschw\u00fcren sowie nicht gesunder Menschen eine angemessene Hautpflege und gesundheitsf\u00f6rdernde Wirkung bieten.<\/p>\n\n\n\n<h3 class=\"wp-block-heading\">Herstellungsprozess einer Feuchtigkeitslotion mit Oliven\u00f6l<\/h3>\n\n\n\n<p>Die Feuchtigkeitslotion mit Oliven\u00f6l verwendet eine einzigartige Hightech-Extraktionstechnologie und original importierte professionelle Emulgierger\u00e4te. W\u00e4hrend des Produktionsprozesses wird besonderes Augenmerk darauf gelegt, die nat\u00fcrlichen N\u00e4hrstoffe des Oliven\u00f6ls ohne Erhitzung und chemische Behandlung zu erhalten, um sicherzustellen, dass der Oliven\u00f6lextrakt im Produkt seine nat\u00fcrliche Aktivit\u00e4t beh\u00e4lt. Dar\u00fcber hinaus wurden die Produkte als f\u00fchrender Hersteller von Feuchtigkeitslotionen mit Oliven\u00f6l w\u00e4hrend des Forschungs- und Entwicklungsprozesses von Dermatologen und Markttests zugelassen, um ihre Sicherheit und Wirksamkeit sicherzustellen.<\/p>","protected":false},"excerpt":{"rendered":"Olive oil moisturizing lotion manufacturing Common Formulas The active ingredients of Olive Oil Moisturizing Lotion mainly include Olive Oil Extract, Hyaluronic Acid and Moisturizing Factor. Olive Oil Extract is rich in unsaturated fatty acids such as Oleic Acid, which helps lower cholesterol, protects heart health and has antioxidant properties. As a leading Olive oil moisturizing [&hellip;]","protected":false},"featured_media":567,"menu_order":0,"template":"","meta":[],"product-tag":[],"products":[70],"class_list":["post-566","product","type-product","status-publish","has-post-thumbnail","hentry","products-moisturizing-lotion"],"acf":[],"_links":{"self":[{"href":"https:\/\/www.ruiqigo.com\/de\/wp-json\/wp\/v2\/product\/566","targetHints":{"allow":["GET"]}}],"collection":[{"href":"https:\/\/www.ruiqigo.com\/de\/wp-json\/wp\/v2\/product"}],"about":[{"href":"https:\/\/www.ruiqigo.com\/de\/wp-json\/wp\/v2\/types\/product"}],"version-history":[{"count":0,"href":"https:\/\/www.ruiqigo.com\/de\/wp-json\/wp\/v2\/product\/566\/revisions"}],"wp:featuredmedia":[{"embeddable":true,"href":"https:\/\/www.ruiqigo.com\/de\/wp-json\/wp\/v2\/media\/567"}],"wp:attachment":[{"href":"https:\/\/www.ruiqigo.com\/de\/wp-json\/wp\/v2\/media?parent=566"}],"wp:term":[{"taxonomy":"product-tag","embeddable":true,"href":"https:\/\/www.ruiqigo.com\/de\/wp-json\/wp\/v2\/product-tag?post=566"},{"taxonomy":"products","embeddable":true,"href":"https:\/\/www.ruiqigo.com\/de\/wp-json\/wp\/v2\/products?post=566"}],"curies":[{"name":"wp","href":"https:\/\/api.w.org\/{rel}","templated":true}]}}