{"id":571,"date":"2024-07-18T15:56:32","date_gmt":"2024-07-18T07:56:32","guid":{"rendered":"https:\/\/ruiqigo.com\/?post_type=product&#038;p=571"},"modified":"2024-11-15T17:00:29","modified_gmt":"2024-11-15T09:00:29","slug":"marula-facial-oil","status":"publish","type":"product","link":"https:\/\/www.ruiqigo.com\/de\/product\/marula-facial-oil","title":{"rendered":"Marula Gesichts\u00f6l"},"content":{"rendered":"<h2 class=\"wp-block-heading\">Herstellung von Marula-Gesichts\u00f6l \u2013 g\u00e4ngige Formeln<\/h2>\n\n\n\n<p>Burr&#039;s Hard Walnut Seed Oil ist reich an Antioxidantien und essentiellen Fetts\u00e4uren. Dieses \u00d6l n\u00e4hrt die Haut tiefenwirksam und verbessert ihre Elastizit\u00e4t und Feuchtigkeitsaufnahme. Jojobasamen\u00f6l: Jojobasamen\u00f6l ist ein ausgezeichneter Feuchtigkeitsspender und dringt schnell in die Haut ein, um Trockenheit und Rauheit zu reduzieren und gleichzeitig den \u00d6lhaushalt der Haut zu regulieren. Als f\u00fchrender Hersteller von Marula-Gesichts\u00f6l wissen wir, dass Enteroerythritolester als mildes Emulgator wirkt, um Feuchtigkeit zu bewahren und die Barrierefunktion der Haut zu verbessern.<\/p>\n\n\n\n<h2 class=\"wp-block-heading\">Anwendungsszenarien f\u00fcr Marula-Gesichts\u00f6l<\/h2>\n\n\n\n<p>Marula Gesichts\u00f6l eignet sich f\u00fcr viele Aspekte Ihrer Hautpflege. Ob morgens nach der Reinigung oder abends nach dem Abschminken, es spendet der Haut langanhaltende Feuchtigkeit. Es eignet sich auch f\u00fcr die Anwendung w\u00e4hrend trockener Jahreszeiten oder bei l\u00e4ngerem Aufenthalt in klimatisierten Umgebungen, um die Haut vor den negativen Einfl\u00fcssen der \u00e4u\u00dferen Umgebung zu sch\u00fctzen.<\/p>\n\n\n\n<h2 class=\"wp-block-heading\">F\u00fcr wen ist Marula Gesichts\u00f6l geeignet<\/h2>\n\n\n\n<p>Dieses Gesichts\u00f6l ist f\u00fcr alle Hauttypen geeignet, insbesondere f\u00fcr trockene, dehydrierte oder empfindliche Haut. Marula-Gesichts\u00f6l ist ideal f\u00fcr Verbraucher, die nach nat\u00fcrlichen Inhaltsstoffen und wirksamen Feuchtigkeitseffekten suchen. Es ist besonders f\u00fcr diejenigen geeignet, die trockene, raue oder reife Haut verbessern m\u00f6chten.<\/p>\n\n\n\n<h2 class=\"wp-block-heading\">Herstellungsprozess von Marula-Gesichts\u00f6l<\/h2>\n\n\n\n<p>Bei der Herstellung von Marula-Gesichts\u00f6l verwenden wir eine fortschrittliche Kaltpresstechnologie, um Walnusskern\u00f6l und Jojobasamen\u00f6l zu extrahieren und so ihre nat\u00fcrlichen N\u00e4hrstoffe zu bewahren. Durch die genaue Kontrolle des Emulgierungsprozesses und der Produktionsbedingungen stellen wir sicher, dass die Gesichts\u00f6le stabil und hautfreundlich sind. Dar\u00fcber hinaus verwenden wir eine aseptische Abf\u00fclltechnologie, um die Reinheit und Sicherheit unserer Produkte zu gew\u00e4hrleisten. Als professioneller Hersteller von Marula-Gesichts\u00f6l folgt der gesamte Produktionsprozess strengen Qualit\u00e4tskontrollstandards, um sicherzustellen, dass jede Flasche Gesichts\u00f6l sowohl wirksame Feuchtigkeitsversorgung als auch sanfte Pflege bietet.<\/p>","protected":false},"excerpt":{"rendered":"Marula facial oil manufacturing common formulas Burr&#8217;s Hard Walnut Seed Oil is rich in antioxidants and essential fatty acids, this oil deeply nourishes the skin and improves its elasticity and moisturizing ability. Jojoba Seed Oil: An excellent moisturizer, Jojoba Seed Oil quickly penetrates the skin to reduce dryness and roughness while regulating the skin&#8217;s oil [&hellip;]","protected":false},"featured_media":572,"menu_order":0,"template":"","meta":[],"product-tag":[],"products":[62],"class_list":["post-571","product","type-product","status-publish","has-post-thumbnail","hentry","products-facial-oil"],"acf":[],"_links":{"self":[{"href":"https:\/\/www.ruiqigo.com\/de\/wp-json\/wp\/v2\/product\/571","targetHints":{"allow":["GET"]}}],"collection":[{"href":"https:\/\/www.ruiqigo.com\/de\/wp-json\/wp\/v2\/product"}],"about":[{"href":"https:\/\/www.ruiqigo.com\/de\/wp-json\/wp\/v2\/types\/product"}],"version-history":[{"count":0,"href":"https:\/\/www.ruiqigo.com\/de\/wp-json\/wp\/v2\/product\/571\/revisions"}],"wp:featuredmedia":[{"embeddable":true,"href":"https:\/\/www.ruiqigo.com\/de\/wp-json\/wp\/v2\/media\/572"}],"wp:attachment":[{"href":"https:\/\/www.ruiqigo.com\/de\/wp-json\/wp\/v2\/media?parent=571"}],"wp:term":[{"taxonomy":"product-tag","embeddable":true,"href":"https:\/\/www.ruiqigo.com\/de\/wp-json\/wp\/v2\/product-tag?post=571"},{"taxonomy":"products","embeddable":true,"href":"https:\/\/www.ruiqigo.com\/de\/wp-json\/wp\/v2\/products?post=571"}],"curies":[{"name":"wp","href":"https:\/\/api.w.org\/{rel}","templated":true}]}}