{"id":576,"date":"2024-07-18T16:27:29","date_gmt":"2024-07-18T08:27:29","guid":{"rendered":"https:\/\/ruiqigo.com\/?post_type=product&#038;p=576"},"modified":"2024-11-15T16:59:41","modified_gmt":"2024-11-15T08:59:41","slug":"coconut-facial-oil","status":"publish","type":"product","link":"https:\/\/www.ruiqigo.com\/de\/product\/coconut-facial-oil","title":{"rendered":"Kokosnuss-Gesichts\u00f6l"},"content":{"rendered":"<h2 class=\"wp-block-heading\">Herstellung von Kokosnuss-Gesichts\u00f6l \u2013 g\u00e4ngige Formeln<\/h2>\n\n\n\n<p>Kokosnuss\u00f6l, das aus der tropischen Kokosnussfrucht gewonnen wird, ist reich an einer Vielzahl von Vitaminen und Mineralien, hat eine gute feuchtigkeitsspendende und regenerierende Wirkung, kann die Haut tiefenwirksam n\u00e4hren und die Barrierefunktion der Haut verbessern. Jojobasamen\u00f6l, das aus der Jojobapflanze gewonnen wird, hat eine \u00e4hnliche Molekularstruktur wie menschliches Talg, wird leicht von der Haut aufgenommen und reguliert effektiv den Wasser-\u00d6l-Haushalt der Haut, um Trockenheit und Rauheit zu lindern. Als f\u00fchrender Hersteller von Kokosnuss-Gesichts\u00f6l hat Pentaerythritoltetramer, ein hochwertiges nat\u00fcrliches \u00d6l, gute feuchtigkeitsspendende Eigenschaften, kann die Feuchtigkeit der Haut binden und Wasserverlust verhindern.<\/p>\n\n\n\n<h2 class=\"wp-block-heading\">Anwendungsszenarien f\u00fcr Kokosnuss-Gesichts\u00f6l<\/h2>\n\n\n\n<p>Kokosnuss-Gesichts\u00f6l eignet sich f\u00fcr viele verschiedene Situationen, beispielsweise f\u00fcr die t\u00e4gliche Hautpflege und spezielle Pflege. Tragen Sie Kokosnuss-Gesichts\u00f6l morgens nach dem Aufwachen auf, um die Haut mit Energie zu versorgen und den Tag zu beginnen; verwenden Sie es abends vor dem Schlafengehen, um die Haut bei der Reparatur besch\u00e4digter Zellen zu unterst\u00fctzen und die Selbstheilungsf\u00e4higkeit der Haut zu verbessern. Dar\u00fcber hinaus versorgt Kokosnuss-Gesichts\u00f6l die Haut w\u00e4hrend der trockenen, kalten Jahreszeit mit zus\u00e4tzlicher Nahrung und beugt Trockenheit und Rissbildung vor.<\/p>\n\n\n\n<h2 class=\"wp-block-heading\">F\u00fcr wen ist Kokos Gesichts\u00f6l geeignet<\/h2>\n\n\n\n<p>Kokosnuss-Gesichts\u00f6l ist f\u00fcr alle Hauttypen geeignet, insbesondere f\u00fcr trockene, dehydrierte und empfindliche Haut. Kokosnuss-Gesichts\u00f6l ist eine ideale Hautpflegewahl f\u00fcr Verbraucher, die nach nat\u00fcrlicher Hautpflege und Hautpflege suchen. Es kann sicher von schwangeren und stillenden Frauen und Kindern verwendet werden.<\/p>\n\n\n\n<h2 class=\"wp-block-heading\">Herstellungsprozess von Kokosnuss-Gesichts\u00f6l<\/h2>\n\n\n\n<p>Um die Qualit\u00e4t des Kokosnuss-Gesichts\u00f6ls zu gew\u00e4hrleisten, verwenden wir ein einzigartiges Kaltpressverfahren, das die Wirkstoffe von Kokosnuss\u00f6l, Jojobasamen\u00f6l und Tetrapentaerythrit maximal erh\u00e4lt. W\u00e4hrend des Produktionsprozesses befolgen wir streng die Standards f\u00fcr aseptische und umweltfreundliche Betriebsabl\u00e4ufe, um die Sicherheit und Wirksamkeit unserer Produkte zu gew\u00e4hrleisten. Dar\u00fcber hinaus verwenden wir als professioneller Hersteller von Kokosnuss-Gesichts\u00f6l eine fortschrittliche Molekulardestillationstechnologie, um Verunreinigungen zu entfernen, wodurch das Produkt reiner und leichter von der Haut absorbierbar wird. Durch eine Reihe sorgf\u00e4ltiger Produktionsprozesse bieten wir Ihnen dieses nat\u00fcrliche, sanfte und wirksame Kokosnuss-Gesichts\u00f6l.<\/p>","protected":false},"excerpt":{"rendered":"Coconut facial oil manufacturing common formulas Coconut oil, derived from the tropical coconut fruit, is rich in a variety of vitamins and minerals, has a good moisturizing and restorative effect, can deeply nourish the skin, enhance the skin barrier function. Jojoba seed oil, extracted from the jojoba plant, its molecular structure is similar to human [&hellip;]","protected":false},"featured_media":577,"menu_order":0,"template":"","meta":[],"product-tag":[],"products":[62],"class_list":["post-576","product","type-product","status-publish","has-post-thumbnail","hentry","products-facial-oil"],"acf":[],"_links":{"self":[{"href":"https:\/\/www.ruiqigo.com\/de\/wp-json\/wp\/v2\/product\/576","targetHints":{"allow":["GET"]}}],"collection":[{"href":"https:\/\/www.ruiqigo.com\/de\/wp-json\/wp\/v2\/product"}],"about":[{"href":"https:\/\/www.ruiqigo.com\/de\/wp-json\/wp\/v2\/types\/product"}],"version-history":[{"count":0,"href":"https:\/\/www.ruiqigo.com\/de\/wp-json\/wp\/v2\/product\/576\/revisions"}],"wp:featuredmedia":[{"embeddable":true,"href":"https:\/\/www.ruiqigo.com\/de\/wp-json\/wp\/v2\/media\/577"}],"wp:attachment":[{"href":"https:\/\/www.ruiqigo.com\/de\/wp-json\/wp\/v2\/media?parent=576"}],"wp:term":[{"taxonomy":"product-tag","embeddable":true,"href":"https:\/\/www.ruiqigo.com\/de\/wp-json\/wp\/v2\/product-tag?post=576"},{"taxonomy":"products","embeddable":true,"href":"https:\/\/www.ruiqigo.com\/de\/wp-json\/wp\/v2\/products?post=576"}],"curies":[{"name":"wp","href":"https:\/\/api.w.org\/{rel}","templated":true}]}}