{"id":581,"date":"2024-07-19T09:37:08","date_gmt":"2024-07-19T01:37:08","guid":{"rendered":"https:\/\/ruiqigo.com\/?post_type=product&#038;p=581"},"modified":"2024-11-15T16:59:03","modified_gmt":"2024-11-15T08:59:03","slug":"vitamin-e-facial-oil","status":"publish","type":"product","link":"https:\/\/www.ruiqigo.com\/de\/product\/vitamin-e-facial-oil","title":{"rendered":"Vitamin E Gesichts\u00f6l"},"content":{"rendered":"<h2 class=\"wp-block-heading\">Herstellung von Vitamin E-Gesichts\u00f6l \u2013 g\u00e4ngige Formeln<\/h2>\n\n\n\n<p>Vitamin E, bekannt als das \u201eAnti-Aging-Vitamin\u201c, ist ein starkes Antioxidans, das freie Radikale neutralisiert, die Haut vor Umwelteinfl\u00fcssen sch\u00fctzt und den Alterungsprozess verlangsamt. Vitamin E f\u00f6rdert au\u00dferdem die Durchblutung und verbessert die F\u00e4higkeit der Haut, sich selbst zu regenerieren. Als f\u00fchrender Hersteller von Vitamin-E-Gesichts\u00f6len wissen wir, dass Jojobasamen\u00f6l, ein nat\u00fcrliches Pflanzen\u00f6l aus der Jojobapflanze, eine dem menschlichen Talg \u00e4hnliche Molekularstruktur hat, leicht von der Haut aufgenommen wird und die Haut tiefenwirksam n\u00e4hren, den Wasser-\u00d6l-Haushalt der Haut aufrechterhalten und Trockenheit und feine Linien reduzieren kann.<\/p>\n\n\n\n<h2 class=\"wp-block-heading\">Anwendungsszenarien f\u00fcr Vitamin E-Gesichts\u00f6l<\/h2>\n\n\n\n<p>Vitamin E-Gesichts\u00f6l eignet sich f\u00fcr eine Vielzahl von Hautpflegeanwendungen, sei es f\u00fcr die t\u00e4gliche Pflege oder f\u00fcr spezielle Behandlungen. Verwenden Sie es morgens, um Ihrer Haut die N\u00e4hrstoffe und den Schutz zu geben, die sie den ganzen Tag \u00fcber braucht. Verwenden Sie es abends, um Ihrer Haut zu helfen, sich nachts zu regenerieren und ihre Regenerationsf\u00e4higkeit zu verbessern. W\u00e4hrend der Trockenzeit oder in klimatisierten R\u00e4umen lindert Vitamin E-Gesichts\u00f6l effektiv trockene Haut und h\u00e4lt sie mit Feuchtigkeit versorgt.<\/p>\n\n\n\n<h2 class=\"wp-block-heading\">F\u00fcr wen ist Vitamin E Gesichts\u00f6l geeignet<\/h2>\n\n\n\n<p>Vitamin E-Gesichts\u00f6l ist f\u00fcr alle Hauttypen geeignet, insbesondere f\u00fcr reife Haut, trockene Haut und Verbraucher, die Anti-Aging-Pflege ben\u00f6tigen. F\u00fcr Menschen, die oft lange aufbleiben, ein stressiges Leben f\u00fchren und unter einem schlechten Hautzustand leiden, kann Vitamin E-Gesichts\u00f6l die notwendige Nahrung und Reparatur liefern, um den Hautzustand zu verbessern.<\/p>\n\n\n\n<h2 class=\"wp-block-heading\">Herstellungsprozess von Vitamin E-Gesichts\u00f6l<\/h2>\n\n\n\n<p>Um die Produktqualit\u00e4t von Vitamin E-Gesichts\u00f6l sicherzustellen, verwenden wir als f\u00fchrender Hersteller von Vitamin E-Gesichts\u00f6l eine einzigartige Niedertemperatur-Kaltpress-Extraktionstechnologie, um die Wirkstoffe von Vitamin E und Jojoba\u00f6l so gut wie m\u00f6glich zu erhalten. W\u00e4hrend des Produktionsprozesses kontrollieren wir Temperatur und Druck streng, um zu vermeiden, dass die Wirkstoffe durch hohe Temperaturen zerst\u00f6rt werden. Gleichzeitig befolgen wir aseptische Produktionsstandards, um die Reinheit und Sicherheit unserer Produkte zu gew\u00e4hrleisten.<\/p>\n\n\n\n<p><\/p>","protected":false},"excerpt":{"rendered":"Vitamin E facial oil manufacturing common formulas Vitamin E, known as the \u201canti-aging vitamin\u201d, is a powerful antioxidant that neutralizes free radicals, protects the skin from environmental aggressions and slows down the aging process. Vitamin E also promotes blood circulation and enhances the skin&#8217;s ability to repair itself. As a leading Vitamin E facial oil [&hellip;]","protected":false},"featured_media":583,"menu_order":0,"template":"","meta":[],"product-tag":[],"products":[62],"class_list":["post-581","product","type-product","status-publish","has-post-thumbnail","hentry","products-facial-oil"],"acf":[],"_links":{"self":[{"href":"https:\/\/www.ruiqigo.com\/de\/wp-json\/wp\/v2\/product\/581","targetHints":{"allow":["GET"]}}],"collection":[{"href":"https:\/\/www.ruiqigo.com\/de\/wp-json\/wp\/v2\/product"}],"about":[{"href":"https:\/\/www.ruiqigo.com\/de\/wp-json\/wp\/v2\/types\/product"}],"version-history":[{"count":0,"href":"https:\/\/www.ruiqigo.com\/de\/wp-json\/wp\/v2\/product\/581\/revisions"}],"wp:featuredmedia":[{"embeddable":true,"href":"https:\/\/www.ruiqigo.com\/de\/wp-json\/wp\/v2\/media\/583"}],"wp:attachment":[{"href":"https:\/\/www.ruiqigo.com\/de\/wp-json\/wp\/v2\/media?parent=581"}],"wp:term":[{"taxonomy":"product-tag","embeddable":true,"href":"https:\/\/www.ruiqigo.com\/de\/wp-json\/wp\/v2\/product-tag?post=581"},{"taxonomy":"products","embeddable":true,"href":"https:\/\/www.ruiqigo.com\/de\/wp-json\/wp\/v2\/products?post=581"}],"curies":[{"name":"wp","href":"https:\/\/api.w.org\/{rel}","templated":true}]}}