{"id":591,"date":"2024-07-23T17:48:12","date_gmt":"2024-07-23T09:48:12","guid":{"rendered":"https:\/\/ruiqigo.com\/?post_type=product&#038;p=591"},"modified":"2024-10-31T17:03:51","modified_gmt":"2024-10-31T09:03:51","slug":"hydroxyapatite-toothpaste","status":"publish","type":"product","link":"https:\/\/www.ruiqigo.com\/de\/product\/hydroxyapatite-toothpaste","title":{"rendered":"Hydroxylapatit-Zahnpasta"},"content":{"rendered":"<h2 class=\"wp-block-heading\">Herstellung von Hydroxylapatit-Zahnpasta \u2013 g\u00e4ngige Formeln<\/h2>\n\n\n\n<p><strong>Hydroxylapatit<\/strong>, der Hauptbestandteil von Hydroxylapatit-Zahnpasta, ist ein biologisch aktives Mineral, das die H\u00e4rte des Zahnschmelzes effektiv erh\u00f6hen und die Widerstandsf\u00e4higkeit der Z\u00e4hne gegen S\u00e4ure- und Laugenkorrosion verbessern kann. Als f\u00fchrender Hersteller von Hydroxylapatit-Zahnpasta wissen wir um die Bedeutung dieses Inhaltsstoffs f\u00fcr die F\u00f6rderung der Mundgesundheit. Hydroxylapatit st\u00e4rkt nicht nur den Zahnschmelz, sondern weist auch hervorragende Adsorptionseigenschaften auf, sodass es tief in die Zahnzwischenr\u00e4ume eindringen kann, um Plaque zu entfernen und Parodontalerkrankungen vorzubeugen.<\/p>\n\n\n\n<p>In Kombination mit hydratisierter Kiesels\u00e4ure bildet Hydroxylapatit einen zarten Schaum, der die Z\u00e4hne sanft reinigt und gleichzeitig sowohl die Z\u00e4hne als auch das empfindliche Weichgewebe der Mundh\u00f6hle pflegt. Unsere Rezepturen gew\u00e4hrleisten optimale Wirksamkeit durch die Verwendung von hochwertigem Hydroxylapatit, wodurch sich unsere Produkte auf dem Markt hervorheben.<\/p>\n\n\n\n<p>Als vertrauensw\u00fcrdiger Hersteller von Hydroxylapatit-Zahnpasta haben wir uns der Entwicklung innovativer und wirksamer Formeln verschrieben, die die Zahngesundheit und -hygiene f\u00f6rdern. Ob f\u00fcr den t\u00e4glichen Gebrauch oder zur Behandlung spezifischer Zahnprobleme, unsere Hydroxylapatit-Zahnpastaprodukte bieten au\u00dfergew\u00f6hnliche Reinigungs- und Schutzeigenschaften.<\/p>\n\n\n\n<p><\/p>\n\n\n\n<h2 class=\"wp-block-heading\">Anwendungsbereiche f\u00fcr Hydroxylapatit-Zahnpasta<\/h2>\n\n\n\n<p>Hydroxylapatit-Zahnpasta eignet sich f\u00fcr die t\u00e4gliche Mundpflege und kann Zahnverschlei\u00df, Zahnfleischbluten, Parodontitis und anderen Mundproblemen wirksam vorbeugen. <\/p>\n\n\n\n<p>Sie k\u00f6nnen dieses Produkt morgens nach dem Aufstehen, nach den Mahlzeiten und vor dem Schlafengehen zur Mundreinigung verwenden. <\/p>\n\n\n\n<p>Gleichzeitig verf\u00fcgt das Produkt \u00fcber ein nat\u00fcrliches Pflanzenaroma und ist f\u00fcr B\u00fcro, Schule, Familie und andere Umgebungen geeignet, sodass Sie jederzeit und \u00fcberall einen frischen Atem und ein selbstbewusstes L\u00e4cheln bewahren k\u00f6nnen.<\/p>\n\n\n\n<p><\/p>\n\n\n\n<h2 class=\"wp-block-heading\">F\u00fcr wen ist Hydroxylapatit-Zahnpasta geeignet?<\/h2>\n\n\n\n<p>Hydroxylapatit-Zahnpasta ist f\u00fcr Menschen jeden Alters geeignet, insbesondere f\u00fcr folgende Personengruppen: <\/p>\n\n\n\n<p>1. Menschen, die unter Mundproblemen wie empfindlichen Z\u00e4hnen, Zahnfleischbluten, Mundgeruch usw. leiden; <\/p>\n\n\n\n<p>2. Raucher, Kaffeeliebhaber und Menschen, die besonders auf ihre Z\u00e4hne achten m\u00fcssen; <\/p>\n\n\n\n<p>3. Kinder und Jugendliche, die Vorbeugung von Zahnkaries und von Kindheit an die Ausbildung guter Mundhygienegewohnheiten; <\/p>\n\n\n\n<p>4. Menschen, die die Sch\u00f6nheit lieben, streben nach Gesundheit, frischem Atem und einem selbstbewussten L\u00e4cheln.<\/p>\n\n\n\n<p><\/p>\n\n\n\n<h2 class=\"wp-block-heading\">Herstellungsprozess von Hydroxylapatit-Zahnpasta<\/h2>\n\n\n\n<p>Um die Qualit\u00e4t der Hydroxylapatit-Zahnpasta zu gew\u00e4hrleisten, wenden wir das folgende spezielle Produktionsverfahren an: <\/p>\n\n\n\n<p>1. strenge Pr\u00fcfung der Rohstoffe, um eine hohe Reinheit und Aktivit\u00e4t des Hydroxylapatit sicherzustellen; <\/p>\n\n\n\n<p>2. genaue Dosierung, damit die Wirkstoffe ihre Wirkung voll entfalten k\u00f6nnen; <\/p>\n\n\n\n<p>3. Hochgeschwindigkeitsmischen, damit Hydroxylapatit und hydratisierte Kiesels\u00e4ure vollst\u00e4ndig verschmelzen und die Reinigungswirkung verbessert wird; <\/p>\n\n\n\n<p>4. aseptische Abf\u00fcllung, um die Sicherheit und Hygiene des Produkts zu gew\u00e4hrleisten; <\/p>\n\n\n\n<p>Der gesamte Prozess der Qualit\u00e4tskontrolle stellt sicher, dass jede Zahnpasta dem nationalen Standard entspricht.<\/p>","protected":false},"excerpt":{"rendered":"Hydroxyapatite Toothpaste Manufacturing Common Formulas Hydroxyapatite, the core ingredient of Hydroxyapatite Toothpaste, is a biologically active mineral that can effectively enhance the hardness of tooth enamel and improve the resistance of teeth to acid and alkali corrosion. As a leading Hydroxyapatite Toothpaste manufacturer, we understand the significance of this ingredient in promoting oral health. Hydroxyapatite [&hellip;]","protected":false},"featured_media":596,"menu_order":0,"template":"","meta":[],"product-tag":[],"products":[71],"class_list":["post-591","product","type-product","status-publish","has-post-thumbnail","hentry","products-toothpaste"],"acf":[],"_links":{"self":[{"href":"https:\/\/www.ruiqigo.com\/de\/wp-json\/wp\/v2\/product\/591","targetHints":{"allow":["GET"]}}],"collection":[{"href":"https:\/\/www.ruiqigo.com\/de\/wp-json\/wp\/v2\/product"}],"about":[{"href":"https:\/\/www.ruiqigo.com\/de\/wp-json\/wp\/v2\/types\/product"}],"version-history":[{"count":0,"href":"https:\/\/www.ruiqigo.com\/de\/wp-json\/wp\/v2\/product\/591\/revisions"}],"wp:featuredmedia":[{"embeddable":true,"href":"https:\/\/www.ruiqigo.com\/de\/wp-json\/wp\/v2\/media\/596"}],"wp:attachment":[{"href":"https:\/\/www.ruiqigo.com\/de\/wp-json\/wp\/v2\/media?parent=591"}],"wp:term":[{"taxonomy":"product-tag","embeddable":true,"href":"https:\/\/www.ruiqigo.com\/de\/wp-json\/wp\/v2\/product-tag?post=591"},{"taxonomy":"products","embeddable":true,"href":"https:\/\/www.ruiqigo.com\/de\/wp-json\/wp\/v2\/products?post=591"}],"curies":[{"name":"wp","href":"https:\/\/api.w.org\/{rel}","templated":true}]}}