{"id":593,"date":"2024-07-25T20:39:10","date_gmt":"2024-07-25T12:39:10","guid":{"rendered":"https:\/\/ruiqigo.com\/?post_type=product&#038;p=593"},"modified":"2024-11-01T14:19:50","modified_gmt":"2024-11-01T06:19:50","slug":"peppermint-breath-spray","status":"publish","type":"product","link":"https:\/\/www.ruiqigo.com\/de\/product\/peppermint-breath-spray","title":{"rendered":"Pfefferminz-Atemspray"},"content":{"rendered":"<h2 class=\"wp-block-heading\">Herstellung g\u00e4ngiger Formeln f\u00fcr Pfefferminz-Atemspray<\/h2>\n\n\n\n<p>Die Hauptbestandteile des Pfefferminz-Atemsprays, PEG-40 hydriertes Rizinus\u00f6l und Pfefferminz\u00f6l, haben ein einzigartiges und erfrischendes Aroma. Diese Inhaltsstoffe k\u00f6nnen das Bakterienwachstum im Mund wirksam hemmen und Munderkrankungen vorbeugen. PEG-40 hydriertes Rizinus\u00f6l hat eine milde Schmierwirkung, die dazu beitragen kann, Speisereste im Mund zu reduzieren, und Pfefferminz\u00f6l hat eine starke antibakterielle Wirkung, die zur Verbesserung der Mundumgebung beitr\u00e4gt.<\/p>\n\n\n\n<h2 class=\"wp-block-heading\">Anwendungsszenarien f\u00fcr Pfefferminz-Atemspray<\/h2>\n\n\n\n<p>Pfefferminz-Atemspray eignet sich f\u00fcr viele Einsatzzwecke, insbesondere aber f\u00fcr folgende Gelegenheiten: <\/p>\n\n\n\n<p>1. Nach den Mahlzeiten verwenden, um Speisereste wirksam zu entfernen und einen frischen Atem zu bewahren. <\/p>\n\n\n\n<p>2. nach durchwachten N\u00e4chten, Rauchen, um Mundgeruch zu reduzieren, zur Pflege der Zahngesundheit; <\/p>\n\n\n\n<p>3. besondere Anl\u00e4sse wie Hochzeiten, Vorstellungsgespr\u00e4che usw., um den Atem frisch zu halten; <\/p>\n\n\n\n<p>4. Zur Unterst\u00fctzung der Reinigung der Mundh\u00f6hle nach der Behandlung von Munderkrankungen.<\/p>\n\n\n\n<h2 class=\"wp-block-heading\">F\u00fcr wen ist Pfefferminz-Atemspray geeignet?<\/h2>\n\n\n\n<p>Pfefferminz-Atemspray ist f\u00fcr ein breites Personenspektrum geeignet, wird aber insbesondere f\u00fcr folgende Verbraucher empfohlen: <\/p>\n\n\n\n<p>1. Menschen, die unter Mundgeruch leiden, wie z. B. Raucher und Menschen, die oft bis sp\u00e4t in die Nacht aufbleiben; <\/p>\n\n\n\n<p>2. Menschen, die empfindliche Z\u00e4hne haben und eine sanfte Reinigung ben\u00f6tigen; <\/p>\n\n\n\n<p>3. Diabetiker, bei denen ein hohes Risiko f\u00fcr Parodontitis besteht und die besondere Aufmerksamkeit auf die Mundpflege richten m\u00fcssen; <\/p>\n\n\n\n<p>4. Verbraucher, die gerne neue Mundpflegeprodukte ausprobieren, profitieren von den Vorteilen des Pfefferminz-Atemsprays. Pfefferminz-Atemspray sorgt f\u00fcr Mundgesundheit.<\/p>\n\n\n\n<h2 class=\"wp-block-heading\">Herstellungsprozess von Pfefferminz-Atemspray<\/h2>\n\n\n\n<p>Als professioneller Hersteller von Pfefferminz-Atemsprays wenden wir das folgende spezielle Produktionsverfahren an: <\/p>\n\n\n\n<p>1. Die Rohstoffe f\u00fcr PEG-40-hydriertes Rizinus\u00f6l und Pfefferminz\u00f6l werden streng gepr\u00fcft, um ihre Reinheit und Qualit\u00e4t sicherzustellen. <\/p>\n\n\n\n<p>2. Kontrollieren Sie die Menge der hinzugef\u00fcgten Rohstoffe genau, um sicherzustellen, dass das Produkt sicher und wirksam ist. <\/p>\n\n\n\n<p>3. Verwenden Sie die Niedertemperatur-Mischtechnologie, um die Aktivit\u00e4t der Rohstoffe vollst\u00e4ndig freizusetzen. <\/p>\n\n\n\n<p>4. Aseptische Abf\u00fcllung, um sicherzustellen, dass das Produkt sicher und hygienisch ist; <\/p>\n\n\n\n<p>5. Vollst\u00e4ndige Qualit\u00e4tskontrolle, um sicherzustellen, dass jede Flasche Pfefferminz-Atemspray den nationalen Standards entspricht. <\/p>\n\n\n\n<p>Durch den oben beschriebenen Prozess bieten wir Ihnen als f\u00fchrender Hersteller von Pfefferminz-Atemsprays ein qualitativ hochwertiges und zuverl\u00e4ssiges Produkt zur Mundpflege.<\/p>\n\n\n\n<p><\/p>","protected":false},"excerpt":{"rendered":"Peppermint breath spray manufacturing common formulas Peppermint Breath Spray&#8217;s core ingredients, PEG-40 Hydrogenated Castor Oil and Peppermint Oil, have a unique and refreshing aroma. These ingredients can effectively inhibit the growth of bacteria in the mouth and prevent oral diseases. PEG-40 Hydrogenated Castor Oil has a mild lubricating effect, which can help to reduce food [&hellip;]","protected":false},"featured_media":709,"menu_order":0,"template":"","meta":[],"product-tag":[],"products":[73],"class_list":["post-593","product","type-product","status-publish","has-post-thumbnail","hentry","products-breath-spray"],"acf":[],"_links":{"self":[{"href":"https:\/\/www.ruiqigo.com\/de\/wp-json\/wp\/v2\/product\/593","targetHints":{"allow":["GET"]}}],"collection":[{"href":"https:\/\/www.ruiqigo.com\/de\/wp-json\/wp\/v2\/product"}],"about":[{"href":"https:\/\/www.ruiqigo.com\/de\/wp-json\/wp\/v2\/types\/product"}],"version-history":[{"count":0,"href":"https:\/\/www.ruiqigo.com\/de\/wp-json\/wp\/v2\/product\/593\/revisions"}],"wp:featuredmedia":[{"embeddable":true,"href":"https:\/\/www.ruiqigo.com\/de\/wp-json\/wp\/v2\/media\/709"}],"wp:attachment":[{"href":"https:\/\/www.ruiqigo.com\/de\/wp-json\/wp\/v2\/media?parent=593"}],"wp:term":[{"taxonomy":"product-tag","embeddable":true,"href":"https:\/\/www.ruiqigo.com\/de\/wp-json\/wp\/v2\/product-tag?post=593"},{"taxonomy":"products","embeddable":true,"href":"https:\/\/www.ruiqigo.com\/de\/wp-json\/wp\/v2\/products?post=593"}],"curies":[{"name":"wp","href":"https:\/\/api.w.org\/{rel}","templated":true}]}}