{"id":594,"date":"2024-07-24T16:45:46","date_gmt":"2024-07-24T08:45:46","guid":{"rendered":"https:\/\/ruiqigo.com\/?post_type=product&#038;p=594"},"modified":"2024-11-01T10:33:46","modified_gmt":"2024-11-01T02:33:46","slug":"xylitol-toothpaste","status":"publish","type":"product","link":"https:\/\/www.ruiqigo.com\/de\/product\/xylitol-toothpaste","title":{"rendered":"Xylitol-Zahnpasta"},"content":{"rendered":"<h2 class=\"wp-block-heading\">G\u00e4ngige Formeln f\u00fcr die Herstellung von Xylitol-Zahnpasta<\/h2>\n\n\n\n<p>Xylitol, der Hauptbestandteil von Xylitol-Zahnpasta, ist ein nat\u00fcrlicher S\u00fc\u00dfstoff mit karieshemmenden Eigenschaften. Xylitol kann das Wachstum kariesverursachender Bakterien in der Mundh\u00f6hle hemmen und die Bildung von Plaque verringern, wodurch das Auftreten von Karies reduziert wird. Gleichzeitig kann Xylitol auch f\u00fcr einen frischen Geschmack sorgen, das Mundklima verbessern und f\u00fcr die Zahngesundheit sorgen.<\/p>\n\n\n\n<h2 class=\"wp-block-heading\">Anwendungsszenarien f\u00fcr Xylitol-Zahnpasta<\/h2>\n\n\n\n<p>Xylitol-Zahnpasta eignet sich f\u00fcr die t\u00e4gliche Mundpflege, insbesondere in folgenden Situationen: Nach dem Morgenaufwachen hilft sie, Mundgeruch zu entfernen und f\u00fcr frischen Atem zu sorgen. Nach dem Essen entfernt sie wirksam Speisereste und sch\u00fctzt die Z\u00e4hne. Vor dem Schlafengehen sch\u00fctzt sie die Z\u00e4hne eine ganze Nacht lang und beugt n\u00e4chtlicher Karies vor.<\/p>\n\n\n\n<h2 class=\"wp-block-heading\">F\u00fcr wen ist Xylitol-Zahnpasta geeignet<\/h2>\n\n\n\n<p>Xylitol-Zahnpasta ist f\u00fcr ein breites Personenspektrum geeignet, besonders empfehlenswert f\u00fcr folgende Verbraucher: <\/p>\n\n\n\n<p>1. Kinder, Jugendliche und Erwachsene, um Karies vorzubeugen und die Mundgesundheit zu erhalten; <\/p>\n\n\n\n<p>2. Diabetiker m\u00fcssen aufgrund des hohen Risikos einer Parodontitis besonders auf die Mundhygiene achten. <\/p>\n\n\n\n<p>3. Empfindlichkeit im Mund, muss sanft gereinigt werden; <\/p>\n\n\n\n<p>4. Verbraucher von s\u00fc\u00dfer Zahnpasta m\u00f6gen es, wenn Xylitol-Zahnpasta nicht nur den Geschmack trifft, sondern auch die Z\u00e4hne sch\u00fctzt.<\/p>\n\n\n\n<h2 class=\"wp-block-heading\">Herstellungsprozess von Xylitol-Zahnpasta<\/h2>\n\n\n\n<p>Als zuverl\u00e4ssiger Hersteller von Xylitol-Zahnpasta wenden wir folgendes spezielles Produktionsverfahren an: <\/p>\n\n\n\n<p>1. strenge Pr\u00fcfung der Xylitol-Rohstoffe, um deren Reinheit und Qualit\u00e4t sicherzustellen; <\/p>\n\n\n\n<p>2. genaue Kontrolle der zugesetzten Xylitolmenge, um die Sicherheit und Wirksamkeit des Produkts zu gew\u00e4hrleisten; <\/p>\n\n\n\n<p>3. die Verwendung einer Niedertemperatur-Mahltechnologie, um die Aktivit\u00e4t des Xylitols vollst\u00e4ndig freizusetzen; <\/p>\n\n\n\n<p>4. aseptische Abf\u00fcllung, um die Sicherheit und Hygiene des Produkts zu gew\u00e4hrleisten; <\/p>\n\n\n\n<p>5. Als vertrauensw\u00fcrdiger Hersteller von Xylitol-Zahnpasta stellen wir durch den gesamten Prozess der Qualit\u00e4tskontrolle sicher, dass jede Zahnpasta den nationalen Standards entspricht.<\/p>","protected":false},"excerpt":{"rendered":"Xylitol toothpaste manufacturing common formulas Xylitol, the core ingredient of Xylitol toothpaste, is a natural sweetener with anti-cavity properties. Xylitol can inhibit the growth of caries-causing bacteria in the oral cavity and reduce the formation of plaque, thus reducing the incidence of tooth decay. At the same time, xylitol can also provide a fresh taste, [&hellip;]","protected":false},"featured_media":616,"menu_order":0,"template":"","meta":[],"product-tag":[],"products":[71],"class_list":["post-594","product","type-product","status-publish","has-post-thumbnail","hentry","products-toothpaste"],"acf":[],"_links":{"self":[{"href":"https:\/\/www.ruiqigo.com\/de\/wp-json\/wp\/v2\/product\/594","targetHints":{"allow":["GET"]}}],"collection":[{"href":"https:\/\/www.ruiqigo.com\/de\/wp-json\/wp\/v2\/product"}],"about":[{"href":"https:\/\/www.ruiqigo.com\/de\/wp-json\/wp\/v2\/types\/product"}],"version-history":[{"count":0,"href":"https:\/\/www.ruiqigo.com\/de\/wp-json\/wp\/v2\/product\/594\/revisions"}],"wp:featuredmedia":[{"embeddable":true,"href":"https:\/\/www.ruiqigo.com\/de\/wp-json\/wp\/v2\/media\/616"}],"wp:attachment":[{"href":"https:\/\/www.ruiqigo.com\/de\/wp-json\/wp\/v2\/media?parent=594"}],"wp:term":[{"taxonomy":"product-tag","embeddable":true,"href":"https:\/\/www.ruiqigo.com\/de\/wp-json\/wp\/v2\/product-tag?post=594"},{"taxonomy":"products","embeddable":true,"href":"https:\/\/www.ruiqigo.com\/de\/wp-json\/wp\/v2\/products?post=594"}],"curies":[{"name":"wp","href":"https:\/\/api.w.org\/{rel}","templated":true}]}}