{"id":595,"date":"2024-07-24T16:23:41","date_gmt":"2024-07-24T08:23:41","guid":{"rendered":"https:\/\/ruiqigo.com\/?post_type=product&#038;p=595"},"modified":"2024-11-01T10:38:32","modified_gmt":"2024-11-01T02:38:32","slug":"fluoride-free-toothpaste","status":"publish","type":"product","link":"https:\/\/www.ruiqigo.com\/de\/product\/fluoride-free-toothpaste","title":{"rendered":"Fluoridfreie Zahnpasta"},"content":{"rendered":"<h2 class=\"wp-block-heading\">\u00dcbliche Formeln f\u00fcr die Herstellung fluoridfreier Zahnpasta<\/h2>\n\n\n\n<p>Calciumphosphat, der Hauptbestandteil fluoridfreier Zahnpasta, hat eine gute Reinigungswirkung, kann Plaque effektiv entfernen und Zahnsteinbildung vorbeugen. Glycerin hat eine feuchtigkeitsspendende Funktion, die beim Z\u00e4hneputzen einen Schutzfilm bilden und die Zahnempfindlichkeit verringern kann. Das Produkt enth\u00e4lt kein Fluor, wodurch Allergien und Zahnfluorose, die durch Fluor verursacht werden k\u00f6nnen, vermieden werden, sodass Verbraucher das Z\u00e4hneputzen genie\u00dfen k\u00f6nnen, ohne sich \u00fcber eine \u00fcberm\u00e4\u00dfige Fluoraufnahme Gedanken machen zu m\u00fcssen.<\/p>\n\n\n\n<h2 class=\"wp-block-heading\">Anwendungsszenarien f\u00fcr fluoridfreie Zahnpasta<\/h2>\n\n\n\n<p>Fluoridfreie Zahnpasta eignet sich f\u00fcr die t\u00e4gliche Mundpflege und kann morgens nach dem Aufwachen, nach den Mahlzeiten, vor dem Schlafengehen und zu anderen Zeiten verwendet werden. Das Produkt ist mild und nicht reizend und eignet sich f\u00fcr zu Hause, im B\u00fcro, in der Schule und andere Szenarien. Egal, ob Sie bei der Arbeit besch\u00e4ftigt sind oder Ihre Freizeit genie\u00dfen, fluoridfreie Zahnpasta kann Ihnen frischen Atem verleihen und Ihre Mundgesundheit sch\u00fctzen.<\/p>\n\n\n\n<h2 class=\"wp-block-heading\">F\u00fcr wen ist fluoridfreie Zahnpasta geeignet<\/h2>\n\n\n\n<p>Fluoridfreie Zahnpasta eignet sich f\u00fcr ein breites Personenspektrum, insbesondere f\u00fcr folgende Verbrauchergruppen: <\/p>\n\n\n\n<p>1. Menschen, die gegen Fluorid allergisch sind; <\/p>\n\n\n\n<p>2. Kinder und Jugendliche, um eine \u00fcberm\u00e4\u00dfige Fluoridaufnahme zu vermeiden, die Wachstum und Entwicklung beeintr\u00e4chtigt; <\/p>\n\n\n\n<p>3. Schwangere sollten w\u00e4hrend der Schwangerschaft auf ihre Mundgesundheit achten. <\/p>\n\n\n\n<p>4. Umweltsch\u00fctzer streben nach fluoridfreien und unbedenklichen Mundpflegeprodukten. Fluoridfreie Zahnpasta, damit jeder Verbraucher eine gesunde Zahnpflege genie\u00dfen kann.<\/p>\n\n\n\n<h2 class=\"wp-block-heading\">Herstellungsprozess fluoridfreier Zahnpasta<\/h2>\n\n\n\n<p>Als professioneller Hersteller fluoridfreier Zahnpasta wenden wir das folgende spezielle Produktionsverfahren an: <\/p>\n\n\n\n<p>1. strenge Pr\u00fcfung der Rohstoffe, um die Reinheit und Qualit\u00e4t von Calciumphosphat und anderen Inhaltsstoffen sicherzustellen; <\/p>\n\n\n\n<p>2. pr\u00e4zise Dosierung, damit die Wirkstoffe ihre Wirkung voll entfalten und die beste Reinigungswirkung erzielen; <\/p>\n\n\n\n<p>3. Hochgeschwindigkeitsmischen, damit die Rohstoffe vollst\u00e4ndig vermischt werden, um die Stabilit\u00e4t der Zahnpasta zu verbessern; <\/p>\n\n\n\n<p>4. aseptische Abf\u00fcllung, um die Sicherheit und Hygiene des Produkts zu gew\u00e4hrleisten; <\/p>\n\n\n\n<p>5. Der gesamte Prozess der Qualit\u00e4tskontrolle stellt sicher, dass jede Zahnpasta den nationalen Standards entspricht. Als professioneller Hersteller fluoridfreier Zahnpasta entspricht jede Zahnpasta dem nationalen Standard.<\/p>","protected":false},"excerpt":{"rendered":"Fluoride free Toothpaste manufacturing common formulas Calcium phosphate, the core ingredient of fluoride-free toothpaste, has a good cleaning effect, can effectively remove plaque and prevent tartar. Glycerin has a moisturizing function, which can form a protective film during brushing and reduce tooth sensitivity. The product does not contain fluorine, which avoids allergies and dental fluorosis [&hellip;]","protected":false},"featured_media":601,"menu_order":0,"template":"","meta":[],"product-tag":[],"products":[71],"class_list":["post-595","product","type-product","status-publish","has-post-thumbnail","hentry","products-toothpaste"],"acf":[],"_links":{"self":[{"href":"https:\/\/www.ruiqigo.com\/de\/wp-json\/wp\/v2\/product\/595","targetHints":{"allow":["GET"]}}],"collection":[{"href":"https:\/\/www.ruiqigo.com\/de\/wp-json\/wp\/v2\/product"}],"about":[{"href":"https:\/\/www.ruiqigo.com\/de\/wp-json\/wp\/v2\/types\/product"}],"version-history":[{"count":0,"href":"https:\/\/www.ruiqigo.com\/de\/wp-json\/wp\/v2\/product\/595\/revisions"}],"wp:featuredmedia":[{"embeddable":true,"href":"https:\/\/www.ruiqigo.com\/de\/wp-json\/wp\/v2\/media\/601"}],"wp:attachment":[{"href":"https:\/\/www.ruiqigo.com\/de\/wp-json\/wp\/v2\/media?parent=595"}],"wp:term":[{"taxonomy":"product-tag","embeddable":true,"href":"https:\/\/www.ruiqigo.com\/de\/wp-json\/wp\/v2\/product-tag?post=595"},{"taxonomy":"products","embeddable":true,"href":"https:\/\/www.ruiqigo.com\/de\/wp-json\/wp\/v2\/products?post=595"}],"curies":[{"name":"wp","href":"https:\/\/api.w.org\/{rel}","templated":true}]}}