{"id":605,"date":"2024-07-24T16:33:31","date_gmt":"2024-07-24T08:33:31","guid":{"rendered":"https:\/\/ruiqigo.com\/?post_type=product&#038;p=605"},"modified":"2024-11-01T14:02:40","modified_gmt":"2024-11-01T06:02:40","slug":"fluoride-toothpaste","status":"publish","type":"product","link":"https:\/\/www.ruiqigo.com\/de\/product\/fluoride-toothpaste","title":{"rendered":"Fluorid-Zahnpasta"},"content":{"rendered":"<h2 class=\"wp-block-heading\">Herstellung fluoridhaltiger Zahnpasta \u2013 g\u00e4ngige Formeln<\/h2>\n\n\n\n<p>Natriummonofluorphosphat, der Hauptbestandteil von fluoridhaltiger Zahnpasta, ist eine Art Fluorid, das in Mundpflegeprodukten weit verbreitet ist. Es kann die S\u00e4urebest\u00e4ndigkeit des Zahnschmelzes wirksam verbessern und das Auftreten von Karies verringern. Der Fluorgehalt von 0,10% entspricht nationalen und internationalen Standards, was nicht nur bei der Fluoridierung eine Rolle spielen kann, sondern auch die Anwendungssicherheit gew\u00e4hrleistet. Dar\u00fcber hinaus kann Natriummonofluorphosphat auch die Remineralisierung der Z\u00e4hne f\u00f6rdern und fr\u00fchzeitige Karies reparieren.<\/p>\n\n\n\n<h2 class=\"wp-block-heading\">Anwendungsszenarien f\u00fcr Fluorid-Zahnpasta<\/h2>\n\n\n\n<p>Fluoridhaltige Zahnpasta eignet sich f\u00fcr die t\u00e4gliche Mundpflege insbesondere in folgenden Situationen: Nach dem Morgenaufstehen hilft sie, Mundgeruch zu entfernen und f\u00fcr frischen Atem zu sorgen. Nach dem Essen entfernt sie wirksam Speisereste und sch\u00fctzt die Z\u00e4hne. Vor dem Schlafengehen sch\u00fctzt sie die Z\u00e4hne eine ganze Nacht lang und beugt n\u00e4chtlicher Karies vor.<\/p>\n\n\n\n<h2 class=\"wp-block-heading\">F\u00fcr wen ist die Fluorid-Zahnpasta geeignet<\/h2>\n\n\n\n<p>Fluorid-Zahnpasta ist f\u00fcr ein breites Personenspektrum geeignet, besonders empfehlenswert f\u00fcr folgende Verbraucher: <\/p>\n\n\n\n<p>1. Kinder, Jugendliche und Erwachsene, um Karies vorzubeugen und die Mundgesundheit zu erhalten; <\/p>\n\n\n\n<p>2. Menschen mit empfindlichen Z\u00e4hnen, die die H\u00e4rte des Zahnschmelzes verbessern m\u00fcssen; <\/p>\n\n\n\n<p>3. Diabetiker m\u00fcssen aufgrund des hohen Risikos einer Parodontitis besonders auf die Mundhygiene achten. <\/p>\n\n\n\n<p>4. Wenn es in der Familie Karies gibt, sollten Sie Ihren Zahnschutz verst\u00e4rken.<\/p>\n\n\n\n<h2 class=\"wp-block-heading\">Herstellungsprozess von Fluorid-Zahnpasta<\/h2>\n\n\n\n<p>Als vertrauensw\u00fcrdiger Hersteller von Fluorid-Zahnpasta wenden wir folgendes spezielles Produktionsverfahren an: <\/p>\n\n\n\n<p>1. strenge Pr\u00fcfung der Natriummonofluorphosphat-Rohstoffe, um deren Reinheit und Qualit\u00e4t sicherzustellen; <\/p>\n\n\n\n<p>2. genaue Kontrolle der zugesetzten Fluoridmenge, um die Sicherheit und Wirksamkeit des Produkts zu gew\u00e4hrleisten; <\/p>\n\n\n\n<p>3. Einsatz einer Niedertemperatur-Mahltechnologie, um die Aktivit\u00e4t des Fluorids vollst\u00e4ndig freizusetzen; <\/p>\n\n\n\n<p>4. aseptische Abf\u00fcllung, um die Sicherheit und Hygiene des Produkts zu gew\u00e4hrleisten; <\/p>\n\n\n\n<p>5. Als professioneller Hersteller von Fluorid-Zahnpasta stellt der gesamte Prozess der Qualit\u00e4tskontrolle sicher, dass jede Zahnpasta dem nationalen Standard entspricht.<\/p>","protected":false},"excerpt":{"rendered":"Fluoride toothpaste manufacturing common formulas Sodium Monofluorophosphate, the core ingredient of fluoride toothpaste, is a kind of fluoride widely used in oral care products, which can effectively enhance the acid resistance of tooth enamel and reduce the incidence of cavities.0.10% fluorine content is in line with national and international standards, which can play a role [&hellip;]","protected":false},"featured_media":611,"menu_order":0,"template":"","meta":[],"product-tag":[],"products":[71],"class_list":["post-605","product","type-product","status-publish","has-post-thumbnail","hentry","products-toothpaste"],"acf":[],"_links":{"self":[{"href":"https:\/\/www.ruiqigo.com\/de\/wp-json\/wp\/v2\/product\/605","targetHints":{"allow":["GET"]}}],"collection":[{"href":"https:\/\/www.ruiqigo.com\/de\/wp-json\/wp\/v2\/product"}],"about":[{"href":"https:\/\/www.ruiqigo.com\/de\/wp-json\/wp\/v2\/types\/product"}],"version-history":[{"count":0,"href":"https:\/\/www.ruiqigo.com\/de\/wp-json\/wp\/v2\/product\/605\/revisions"}],"wp:featuredmedia":[{"embeddable":true,"href":"https:\/\/www.ruiqigo.com\/de\/wp-json\/wp\/v2\/media\/611"}],"wp:attachment":[{"href":"https:\/\/www.ruiqigo.com\/de\/wp-json\/wp\/v2\/media?parent=605"}],"wp:term":[{"taxonomy":"product-tag","embeddable":true,"href":"https:\/\/www.ruiqigo.com\/de\/wp-json\/wp\/v2\/product-tag?post=605"},{"taxonomy":"products","embeddable":true,"href":"https:\/\/www.ruiqigo.com\/de\/wp-json\/wp\/v2\/products?post=605"}],"curies":[{"name":"wp","href":"https:\/\/api.w.org\/{rel}","templated":true}]}}