{"id":606,"date":"2024-07-24T16:29:40","date_gmt":"2024-07-24T08:29:40","guid":{"rendered":"https:\/\/ruiqigo.com\/?post_type=product&#038;p=606"},"modified":"2024-11-01T10:36:30","modified_gmt":"2024-11-01T02:36:30","slug":"charcoal-toothpaste","status":"publish","type":"product","link":"https:\/\/www.ruiqigo.com\/de\/product\/charcoal-toothpaste","title":{"rendered":"Zahnpasta mit Aktivkohle"},"content":{"rendered":"<h2 class=\"wp-block-heading\">Herstellung g\u00e4ngiger Rezepturen f\u00fcr Zahnpasta mit Aktivkohle<\/h2>\n\n\n\n<p>Der Hauptbestandteil von Kohlezahnpasta ist nat\u00fcrliche Kohle, deren por\u00f6se Struktur dem Produkt eine hervorragende Adsorptionsf\u00e4higkeit verleiht, wodurch Pigmente, Verunreinigungen und Ger\u00fcche im Mund wirksam absorbiert werden k\u00f6nnen. Polyethylenglykol-400 hat eine gute Schmierwirkung, wodurch sich die Zahnpasta beim Z\u00e4hneputzen leichter verteilen l\u00e4sst und die Reinigungswirkung verbessert wird. Glycerin hat eine feuchtigkeitsspendende Funktion und kann beim Z\u00e4hneputzen einen Schutzfilm bilden, um Zahnempfindlichkeit und Mundtrockenheit vorzubeugen.<\/p>\n\n\n\n<h2 class=\"wp-block-heading\">Anwendungsszenarien f\u00fcr Zahnpasta mit Aktivkohle<\/h2>\n\n\n\n<p>Zahnpasta mit Aktivkohle eignet sich f\u00fcr die t\u00e4gliche Mundpflege, insbesondere in folgenden Situationen: Nach dem morgendlichen Aufwachen hilft sie, Mundgeruch zu entfernen und f\u00fcr frischen Atem zu sorgen. Nach dem Essen entfernt sie wirksam Speisereste und sch\u00fctzt die Z\u00e4hne. Nach langem Aufbleiben, Rauchen und Trinken verbessert sie schnell die Mundumgebung und lindert Mundbeschwerden.<\/p>\n\n\n\n<h2 class=\"wp-block-heading\">F\u00fcr wen ist Aktivkohle-Zahnpasta geeignet?<\/h2>\n\n\n\n<p>Zahnpasta mit Aktivkohle ist f\u00fcr ein breites Personenspektrum geeignet, wird jedoch insbesondere f\u00fcr folgende Verbraucher empfohlen: <\/p>\n\n\n\n<p>1. Menschen, die unter Mundgeruch leiden, wie z. B. Raucher und Menschen, die oft lange aufbleiben; <\/p>\n\n\n\n<p>2. Menschen mit Zahnpigmentierung, die eine Tiefenreinigung ben\u00f6tigen; <\/p>\n\n\n\n<p>3. Kindern und Jugendlichen, gute Mundhygienegewohnheiten zu entwickeln; <\/p>\n\n\n\n<p>4. Umweltsch\u00fctzer, das Streben nach nat\u00fcrlichen, unbedenklichen Mundpflegeprodukten.<\/p>\n\n\n\n<h2 class=\"wp-block-heading\">Herstellungsprozess von Zahnpasta mit Aktivkohle<\/h2>\n\n\n\n<p>Als seri\u00f6ser Hersteller von Aktivkohle-Zahnpasta wenden wir das folgende spezielle Produktionsverfahren an: <\/p>\n\n\n\n<p>1. strenge Pr\u00fcfung der Naturkohle, um ihre Reinheit und Adsorptionseigenschaften sicherzustellen; <\/p>\n\n\n\n<p>2. pr\u00e4zise Dosierung, damit die Wirkstoffe ihre Wirkung voll entfalten und die beste Reinigungswirkung erzielen; <\/p>\n\n\n\n<p>3. Niedertemperatur-Mahltechnologie, um die Adsorptionskapazit\u00e4t der Holzkohle vollst\u00e4ndig freizusetzen; <\/p>\n\n\n\n<p>4. aseptische Abf\u00fcllung, um die Sicherheit und Hygiene des Produkts zu gew\u00e4hrleisten; <\/p>\n\n\n\n<p>5. Als f\u00fchrender Hersteller von Aktivkohle-Zahnpasta f\u00fchren wir den gesamten Prozess der Qualit\u00e4tskontrolle durch, um sicherzustellen, dass jede Zahnpasta den nationalen Standards entspricht. Halten Sie den nationalen Standard ein.<\/p>","protected":false},"excerpt":{"rendered":"Charcoal toothpaste manufacturing common formulas The core ingredient of charcoal toothpaste is natural charcoal, whose porous structure gives the product excellent adsorption ability, which can effectively adsorb pigments, impurities and odors in the mouth. Polyethylene Glycol-400 has a good lubricating effect, which makes the toothpaste easier to spread when brushing and enhances the cleaning effect. [&hellip;]","protected":false},"featured_media":607,"menu_order":0,"template":"","meta":[],"product-tag":[],"products":[71],"class_list":["post-606","product","type-product","status-publish","has-post-thumbnail","hentry","products-toothpaste"],"acf":[],"_links":{"self":[{"href":"https:\/\/www.ruiqigo.com\/de\/wp-json\/wp\/v2\/product\/606","targetHints":{"allow":["GET"]}}],"collection":[{"href":"https:\/\/www.ruiqigo.com\/de\/wp-json\/wp\/v2\/product"}],"about":[{"href":"https:\/\/www.ruiqigo.com\/de\/wp-json\/wp\/v2\/types\/product"}],"version-history":[{"count":0,"href":"https:\/\/www.ruiqigo.com\/de\/wp-json\/wp\/v2\/product\/606\/revisions"}],"wp:featuredmedia":[{"embeddable":true,"href":"https:\/\/www.ruiqigo.com\/de\/wp-json\/wp\/v2\/media\/607"}],"wp:attachment":[{"href":"https:\/\/www.ruiqigo.com\/de\/wp-json\/wp\/v2\/media?parent=606"}],"wp:term":[{"taxonomy":"product-tag","embeddable":true,"href":"https:\/\/www.ruiqigo.com\/de\/wp-json\/wp\/v2\/product-tag?post=606"},{"taxonomy":"products","embeddable":true,"href":"https:\/\/www.ruiqigo.com\/de\/wp-json\/wp\/v2\/products?post=606"}],"curies":[{"name":"wp","href":"https:\/\/api.w.org\/{rel}","templated":true}]}}