{"id":615,"date":"2024-07-24T16:52:04","date_gmt":"2024-07-24T08:52:04","guid":{"rendered":"https:\/\/ruiqigo.com\/?post_type=product&#038;p=615"},"modified":"2024-11-01T10:33:36","modified_gmt":"2024-11-01T02:33:36","slug":"baking-soda-toothpaste","status":"publish","type":"product","link":"https:\/\/www.ruiqigo.com\/de\/product\/baking-soda-toothpaste","title":{"rendered":"Zahnpasta mit Backpulver"},"content":{"rendered":"<h2 class=\"wp-block-heading\">\u00dcbliche Formeln f\u00fcr die Herstellung von Zahnpasta mit Backpulver<\/h2>\n\n\n\n<p>Der Hauptbestandteil von Backpulver-Zahnpasta, Natriumbicarbonat, allgemein bekannt als Backsoda, hat eine leicht abrasive Wirkung, die Flecken und Plaque effektiv von der Zahnoberfl\u00e4che entfernt. Natriumbicarbonat kann auch Munds\u00e4uren neutralisieren und die Mundumgebung verbessern, wodurch Karies und Parodontitis vorgebeugt wird. Dar\u00fcber hinaus ist Natriumbicarbonat f\u00fcr den menschlichen K\u00f6rper unsch\u00e4dlich und f\u00fcr die Langzeitanwendung geeignet.<\/p>\n\n\n\n<h2 class=\"wp-block-heading\">Anwendungsszenarien f\u00fcr Backpulver-Zahnpasta<\/h2>\n\n\n\n<p>Zahnpasta mit Natron eignet sich f\u00fcr viele verschiedene Situationen, insbesondere f\u00fcr die folgenden Gelegenheiten: Nach dem Aufwachen am Morgen hilft sie, Mundgeruch zu entfernen und f\u00fcr frischen Atem zu sorgen. Nach dem Essen entfernt sie wirksam Speisereste und sch\u00fctzt die Z\u00e4hne. Nach einer durchzechten Nacht und Rauchen reduziert sie Mundgeruch und sorgt f\u00fcr die Zahngesundheit.<\/p>\n\n\n\n<h2 class=\"wp-block-heading\">F\u00fcr wen ist Natron-Zahnpasta geeignet?<\/h2>\n\n\n\n<p>Zahnpasta mit Natron ist f\u00fcr ein breites Spektrum von Menschen geeignet, wird aber insbesondere f\u00fcr folgende Verbraucher empfohlen: <\/p>\n\n\n\n<p>1. Menschen mit Flecken auf der Zahnoberfl\u00e4che, die eine sanfte Dekontamination ben\u00f6tigen; <\/p>\n\n\n\n<p>2. Menschen mit hohem S\u00e4uregehalt in der Mundh\u00f6hle m\u00fcssen das Mundmilieu verbessern; <\/p>\n\n\n\n<p>3. \u00e4ltere Menschen, die Notwendigkeit einer sanften Reinigung der Z\u00e4hne, die Vorbeugung von Parodontitis; <\/p>\n\n\n\n<p>4. Kindern und Jugendlichen gute Mundhygienegewohnheiten beizubringen.<\/p>\n\n\n\n<h2 class=\"wp-block-heading\">Herstellungsprozess von Zahnpasta mit Backpulver<\/h2>\n\n\n\n<p>Als zuverl\u00e4ssiger Hersteller von Backpulver-Zahnpasta wenden wir das folgende spezielle Produktionsverfahren an: <\/p>\n\n\n\n<p>1. strenge Pr\u00fcfung der Natriumbicarbonat-Rohstoffe, um deren Reinheit und Qualit\u00e4t sicherzustellen; <\/p>\n\n\n\n<p>2. genaue Kontrolle der zugesetzten Natriumbicarbonatmenge, um sicherzustellen, dass das Produkt schonend ist und eine dekontaminationsf\u00f6rdernde Wirkung hat; <\/p>\n\n\n\n<p>3. Durch die Niedertemperatur-Mahltechnologie wird die Aktivit\u00e4t des Natriumbicarbonats vollst\u00e4ndig freigesetzt. <\/p>\n\n\n\n<p>4. aseptische Abf\u00fcllung, um die Sicherheit und Hygiene des Produkts zu gew\u00e4hrleisten; <\/p>\n\n\n\n<p>5. Der gesamte Prozess der Qualit\u00e4tskontrolle, um sicherzustellen, dass jede Zahnpasta den nationalen Standards entspricht. Als f\u00fchrender Hersteller von Backpulver-Zahnpasta entspricht jede Zahnpasta dem nationalen Standard.<\/p>","protected":false},"excerpt":{"rendered":"Baking soda toothpaste manufacturing common formulas The core ingredient of baking soda toothpaste, sodium bicarbonate, commonly known as baking soda, has a slight abrasive effect, which effectively removes stains and plaque from the surface of teeth. Sodium bicarbonate can also neutralize oral acids and improve the oral environment, helping to prevent tooth decay and periodontal [&hellip;]","protected":false},"featured_media":620,"menu_order":0,"template":"","meta":[],"product-tag":[],"products":[71],"class_list":["post-615","product","type-product","status-publish","has-post-thumbnail","hentry","products-toothpaste"],"acf":[],"_links":{"self":[{"href":"https:\/\/www.ruiqigo.com\/de\/wp-json\/wp\/v2\/product\/615","targetHints":{"allow":["GET"]}}],"collection":[{"href":"https:\/\/www.ruiqigo.com\/de\/wp-json\/wp\/v2\/product"}],"about":[{"href":"https:\/\/www.ruiqigo.com\/de\/wp-json\/wp\/v2\/types\/product"}],"version-history":[{"count":0,"href":"https:\/\/www.ruiqigo.com\/de\/wp-json\/wp\/v2\/product\/615\/revisions"}],"wp:featuredmedia":[{"embeddable":true,"href":"https:\/\/www.ruiqigo.com\/de\/wp-json\/wp\/v2\/media\/620"}],"wp:attachment":[{"href":"https:\/\/www.ruiqigo.com\/de\/wp-json\/wp\/v2\/media?parent=615"}],"wp:term":[{"taxonomy":"product-tag","embeddable":true,"href":"https:\/\/www.ruiqigo.com\/de\/wp-json\/wp\/v2\/product-tag?post=615"},{"taxonomy":"products","embeddable":true,"href":"https:\/\/www.ruiqigo.com\/de\/wp-json\/wp\/v2\/products?post=615"}],"curies":[{"name":"wp","href":"https:\/\/api.w.org\/{rel}","templated":true}]}}