{"id":625,"date":"2024-07-24T17:02:08","date_gmt":"2024-07-24T09:02:08","guid":{"rendered":"https:\/\/ruiqigo.com\/?post_type=product&#038;p=625"},"modified":"2024-11-01T10:33:26","modified_gmt":"2024-11-01T02:33:26","slug":"mint-toothpaste","status":"publish","type":"product","link":"https:\/\/www.ruiqigo.com\/de\/product\/mint-toothpaste","title":{"rendered":"Minz-Zahnpasta"},"content":{"rendered":"<h2 class=\"wp-block-heading\">Herstellung von Minzzahnpasta \u2013 g\u00e4ngige Formeln<\/h2>\n\n\n\n<p>Menthol, der Hauptbestandteil von Minzzahnpasta, ist eine nat\u00fcrliche Verbindung, die aus der Minzpflanze gewonnen wird und ein einzigartiges k\u00fchlendes Gef\u00fchl und Aroma hat. Menthol stimuliert die Mundschleimhaut und f\u00f6rdert die Durchblutung, wodurch Entz\u00fcndungen und Schmerzen im Mund gelindert werden. Dar\u00fcber hinaus hat Menthol eine bakterizide Wirkung, die Bakterien im Mund wirksam reduzieren und Parodontitis und Karies vorbeugen kann.<\/p>\n\n\n\n<h2 class=\"wp-block-heading\">Anwendungsszenarien f\u00fcr Minzzahnpasta<\/h2>\n\n\n\n<p>Minz-Zahnpasta eignet sich f\u00fcr viele Situationen, insbesondere f\u00fcr die folgenden Gelegenheiten: Nach dem Aufwachen am Morgen hilft sie, Mundgeruch zu entfernen und erfrischt; nach dem Essen reinigt sie wirksam Essensreste und h\u00e4lt den Atem frisch; wenn Sie von der Arbeit oder vom Studium m\u00fcde sind, kann das Z\u00e4hneputzen Ihren Geist erfrischen und M\u00fcdigkeit lindern; nach langem Aufbleiben oder Rauchen kann sie den schlechten Geschmack im Mund reduzieren und f\u00fcr die Mundgesundheit sorgen.<\/p>\n\n\n\n<h2 class=\"wp-block-heading\">F\u00fcr wen ist Mint-Zahnpasta geeignet<\/h2>\n\n\n\n<p>Minz-Zahnpasta ist f\u00fcr ein breites Personenspektrum geeignet, wird aber insbesondere f\u00fcr folgende Verbraucher empfohlen: <\/p>\n\n\n\n<p>1. Menschen, die ihren Atem frisch halten m\u00f6chten; <\/p>\n\n\n\n<p>2. Menschen, die unter Mundgeruch leiden, wie z. B. Raucher und Menschen, die oft lange aufbleiben; <\/p>\n\n\n\n<p>3. Menschen, die ihren Geist erfrischen m\u00fcssen, wie etwa B\u00fcroangestellte, Studenten; <\/p>\n\n\n\n<p>4. Menschen, die den Minzgeschmack bevorzugen, m\u00f6chten ein k\u00fchles und angenehmes Putzerlebnis genie\u00dfen.<\/p>\n\n\n\n<h2 class=\"wp-block-heading\">Herstellungsprozess von Minzzahnpasta<\/h2>\n\n\n\n<p>Als zuverl\u00e4ssiger Hersteller von Mint-Zahnpasta wenden wir das folgende spezielle Produktionsverfahren an:<\/p>\n\n\n\n<p>1) Die Menthol-Rohstoffe werden streng gepr\u00fcft, um ihre Reinheit und Qualit\u00e4t sicherzustellen. <\/p>\n\n\n\n<p>2) Kontrollieren Sie die zugegebene Mentholmenge genau, um die K\u00fchle und das moderate Aroma des Produkts sicherzustellen. <\/p>\n\n\n\n<p>3) Verwenden Sie die Niedertemperatur-Mahltechnologie, um die Wirkung des Menthols vollst\u00e4ndig freizusetzen. <\/p>\n\n\n\n<p>4) Aseptische Abf\u00fcllung, um die Sicherheit und Hygiene des Produkts zu gew\u00e4hrleisten; <\/p>\n\n\n\n<p>5) Umfassende Qualit\u00e4tskontrolle, um sicherzustellen, dass jede Zahnpasta den nationalen Standards entspricht. Nationaler Standard.<\/p>","protected":false},"excerpt":{"rendered":"Mint toothpaste manufacturing common formulas Menthol, the core ingredient of Mint Toothpaste, is a natural compound extracted from the mint plant, which has a unique cooling sensation and aroma. Menthol stimulates the oral mucosa and promotes blood circulation, helping to relieve oral inflammation and pain. In addition, menthol has a bactericidal effect, which can effectively [&hellip;]","protected":false},"featured_media":626,"menu_order":0,"template":"","meta":[],"product-tag":[],"products":[71],"class_list":["post-625","product","type-product","status-publish","has-post-thumbnail","hentry","products-toothpaste"],"acf":[],"_links":{"self":[{"href":"https:\/\/www.ruiqigo.com\/de\/wp-json\/wp\/v2\/product\/625","targetHints":{"allow":["GET"]}}],"collection":[{"href":"https:\/\/www.ruiqigo.com\/de\/wp-json\/wp\/v2\/product"}],"about":[{"href":"https:\/\/www.ruiqigo.com\/de\/wp-json\/wp\/v2\/types\/product"}],"version-history":[{"count":0,"href":"https:\/\/www.ruiqigo.com\/de\/wp-json\/wp\/v2\/product\/625\/revisions"}],"wp:featuredmedia":[{"embeddable":true,"href":"https:\/\/www.ruiqigo.com\/de\/wp-json\/wp\/v2\/media\/626"}],"wp:attachment":[{"href":"https:\/\/www.ruiqigo.com\/de\/wp-json\/wp\/v2\/media?parent=625"}],"wp:term":[{"taxonomy":"product-tag","embeddable":true,"href":"https:\/\/www.ruiqigo.com\/de\/wp-json\/wp\/v2\/product-tag?post=625"},{"taxonomy":"products","embeddable":true,"href":"https:\/\/www.ruiqigo.com\/de\/wp-json\/wp\/v2\/products?post=625"}],"curies":[{"name":"wp","href":"https:\/\/api.w.org\/{rel}","templated":true}]}}