{"id":630,"date":"2024-07-24T17:29:38","date_gmt":"2024-07-24T09:29:38","guid":{"rendered":"https:\/\/ruiqigo.com\/?post_type=product&#038;p=630"},"modified":"2024-11-01T10:33:12","modified_gmt":"2024-11-01T02:33:12","slug":"tea-tree-oil-toothpaste","status":"publish","type":"product","link":"https:\/\/www.ruiqigo.com\/de\/product\/tea-tree-oil-toothpaste","title":{"rendered":"Zahnpasta mit Teebaum\u00f6l"},"content":{"rendered":"<h2 class=\"wp-block-heading\">Herstellung von Zahnpasta mit Teebaum\u00f6l \u2013 g\u00e4ngige Formeln<\/h2>\n\n\n\n<p>Der Hauptbestandteil der Teebaum\u00f6l-Zahnpasta, Camellia Sinensis-Samenextrakt, ist ein nat\u00fcrliches \u00d6l, das aus den Samen der Camellia Sinensis gewonnen wird und entz\u00fcndungshemmend und antibakteriell wirkt. \u00d6l-Teesamenextrakt kann das Wachstum sch\u00e4dlicher Bakterien in der Mundh\u00f6hle wirksam hemmen, die Bildung von Plaque verringern und so das Auftreten von Karies reduzieren. Dar\u00fcber hinaus hat \u00d6l-Teesamenextrakt auch einen nat\u00fcrlichen Duft, kann Mundgeruch wirksam entfernen und die Mundumgebung verbessern.<\/p>\n\n\n\n<h2 class=\"wp-block-heading\">Anwendungsszenarien f\u00fcr Zahnpasta mit Teebaum\u00f6l<\/h2>\n\n\n\n<p>Zahnpasta mit Teebaum\u00f6l eignet sich f\u00fcr viele Situationen, insbesondere f\u00fcr die folgenden Gelegenheiten: morgens nach dem Aufwachen, um Mundgeruch zu entfernen und f\u00fcr frischen Atem zu sorgen; nach dem Essen, um Speisereste wirksam zu entfernen und die Z\u00e4hne zu sch\u00fctzen; nach einer durchzechten Nacht oder nach dem Rauchen, um Mundgeruch zu lindern und f\u00fcr die Zahngesundheit zu sorgen.<\/p>\n\n\n\n<h2 class=\"wp-block-heading\">F\u00fcr wen ist Teebaum\u00f6l-Zahnpasta geeignet<\/h2>\n\n\n\n<p>Teebaum\u00f6l-Zahnpasta ist f\u00fcr ein breites Personenspektrum geeignet, besonders empfehlenswert f\u00fcr folgende Verbraucher: <\/p>\n\n\n\n<p>1. Menschen, die unter Mundgeruch leiden, wie z. B. Raucher, bleiben oft lange auf; <\/p>\n\n\n\n<p>2. Menschen mit empfindlichen Z\u00e4hnen m\u00fcssen die Menge sanft reinigen; <\/p>\n\n\n\n<p>3. Diabetiker m\u00fcssen aufgrund des hohen Risikos einer Parodontitis besonders auf die Mundpflege achten. <\/p>\n\n\n\n<p>4. Verbraucher m\u00f6chten eine neue Art von Mundpflegeprodukten ausprobieren und die durch Teebaum\u00f6l bewirkte Mundgesundheit genie\u00dfen.<\/p>\n\n\n\n<h2 class=\"wp-block-heading\">Herstellungsprozess von Zahnpasta mit Teebaum\u00f6l<\/h2>\n\n\n\n<p>Als qualitativer Teebaum\u00f6l-Zahnpastahersteller verwenden wir folgendes spezielles Produktionsverfahren: <\/p>\n\n\n\n<p>1. strenge Pr\u00fcfung der Rohstoffe f\u00fcr den Samenextrakt der Camellia sinensis, um dessen Reinheit und Qualit\u00e4t sicherzustellen; <\/p>\n\n\n\n<p>2. genaue Kontrolle der Menge des zugesetzten Camellia sinensis-Samenextrakts, um die Sicherheit und Wirksamkeit des Produkts zu gew\u00e4hrleisten; <\/p>\n\n\n\n<p>3. Durch den Einsatz einer Niedertemperatur-Mahltechnologie wird die Aktivit\u00e4t des Camellia sinensis-Samenextrakts vollst\u00e4ndig freigesetzt. <\/p>\n\n\n\n<p>4. aseptische Abf\u00fcllung, um die Sicherheit und Hygiene des Produkts zu gew\u00e4hrleisten;<\/p>\n\n\n\n<p>5. Der gesamte Prozess der Qualit\u00e4tskontrolle stellt sicher, dass jede Zahnpasta den nationalen Standards entspricht. Als Hersteller qualitativ hochwertiger Zahnpasta mit Teebaum\u00f6l entspricht jede Zahnpasta dem nationalen Standard.<\/p>","protected":false},"excerpt":{"rendered":"Tea tree oil toothpaste manufacturing common formulas The core ingredient of Tea Tree Oil Toothpaste, Camellia Sinensis Seed Extract, is a natural oil extracted from Camellia Sinensis seeds, which has anti-inflammatory and antibacterial effects. Oil tea seed extract can effectively inhibit the growth of harmful bacteria in the oral cavity, reduce the formation of plaque, [&hellip;]","protected":false},"featured_media":631,"menu_order":0,"template":"","meta":[],"product-tag":[],"products":[71],"class_list":["post-630","product","type-product","status-publish","has-post-thumbnail","hentry","products-toothpaste"],"acf":[],"_links":{"self":[{"href":"https:\/\/www.ruiqigo.com\/de\/wp-json\/wp\/v2\/product\/630","targetHints":{"allow":["GET"]}}],"collection":[{"href":"https:\/\/www.ruiqigo.com\/de\/wp-json\/wp\/v2\/product"}],"about":[{"href":"https:\/\/www.ruiqigo.com\/de\/wp-json\/wp\/v2\/types\/product"}],"version-history":[{"count":0,"href":"https:\/\/www.ruiqigo.com\/de\/wp-json\/wp\/v2\/product\/630\/revisions"}],"wp:featuredmedia":[{"embeddable":true,"href":"https:\/\/www.ruiqigo.com\/de\/wp-json\/wp\/v2\/media\/631"}],"wp:attachment":[{"href":"https:\/\/www.ruiqigo.com\/de\/wp-json\/wp\/v2\/media?parent=630"}],"wp:term":[{"taxonomy":"product-tag","embeddable":true,"href":"https:\/\/www.ruiqigo.com\/de\/wp-json\/wp\/v2\/product-tag?post=630"},{"taxonomy":"products","embeddable":true,"href":"https:\/\/www.ruiqigo.com\/de\/wp-json\/wp\/v2\/products?post=630"}],"curies":[{"name":"wp","href":"https:\/\/api.w.org\/{rel}","templated":true}]}}