{"id":635,"date":"2024-07-25T15:47:07","date_gmt":"2024-07-25T07:47:07","guid":{"rendered":"https:\/\/ruiqigo.com\/?post_type=product&#038;p=635"},"modified":"2025-09-03T15:22:48","modified_gmt":"2025-09-03T07:22:48","slug":"fluoride-mouthwash","status":"publish","type":"product","link":"https:\/\/www.ruiqigo.com\/de\/product\/fluoride-mouthwash","title":{"rendered":"Fluorid-Mundwasser"},"content":{"rendered":"<h2 class=\"wp-block-heading\">Allgemeine Formeln<\/h2>\n\n\n\n<p><strong>Natriummonofluorophosphat<\/strong>, der Hauptbestandteil von Fluorid-Mundwasser, ist eine Art Fluorid, das in Mundpflegeprodukten weit verbreitet ist. Es kann die S\u00e4ureschutzwirkung des Zahnschmelzes wirksam verbessern und das Auftreten von Karies verringern. Der Fluorgehalt von 0,02% entspricht nationalen und internationalen Standards, was bei Fluorid eine Rolle spielen kann, aber auch die Anwendungssicherheit gew\u00e4hrleistet. Dar\u00fcber hinaus kann Natriummonofluorphosphat auch die Remineralisierung der Z\u00e4hne f\u00f6rdern und fr\u00fchzeitige Karies reparieren.<\/p>\n\n\n\n<h2 class=\"wp-block-heading\">Anwendbare Szenarien<\/h2>\n\n\n\n<p>Fluorid-Mundsp\u00fclungen eignen sich f\u00fcr viele Situationen, insbesondere aber f\u00fcr folgende Anl\u00e4sse: <\/p>\n\n\n\n<p>1. nach den Mahlzeiten, wirksame Reinigung von Speiseresten und Schutz der Z\u00e4hne; <\/p>\n\n\n\n<p>2. nach durchwachten N\u00e4chten und Rauchen, um den schlechten Geschmack im Mund zu reduzieren und die Zahngesundheit zu pflegen; <\/p>\n\n\n\n<p>3. bei besonderen Anl\u00e4ssen wie Hochzeiten, Vorstellungsgespr\u00e4chen usw., um den Atem frisch zu halten; <\/p>\n\n\n\n<p>4. Zur Unterst\u00fctzung der Reinigung der Mundh\u00f6hle nach der Behandlung von Munderkrankungen.<\/p>\n\n\n\n<h2 class=\"wp-block-heading\">F\u00fcr wen ist Fluorid-Mundwasser geeignet?<\/h2>\n\n\n\n<p>Fluorid-Mundsp\u00fclungen sind f\u00fcr ein breites Personenspektrum geeignet, werden aber insbesondere f\u00fcr folgende Verbraucher empfohlen: <\/p>\n\n\n\n<p>1. Kinder, Jugendliche und Erwachsene, um Karies vorzubeugen und die Mundgesundheit zu erhalten; <\/p>\n\n\n\n<p>2. Menschen mit empfindlichen Z\u00e4hnen, die die H\u00e4rte des Zahnschmelzes verbessern m\u00fcssen; <\/p>\n\n\n\n<p>3. Diabetiker, bei denen ein hohes Risiko f\u00fcr Parodontitis besteht und die besondere Aufmerksamkeit auf ihre Mundhygiene richten m\u00fcssen; <\/p>\n\n\n\n<p>4. Verbraucher, die gerne neue Mundhygieneprodukte ausprobieren, um die Vorteile von Fluorid-Mundwasser zu nutzen. Die Mundgesundheit durch Fluorid-Mundwasser.<\/p>\n\n\n\n<h2 class=\"wp-block-heading\">Produktionsprozess<\/h2>\n\n\n\n<p>Um die Qualit\u00e4t des Fluorid-Mundwassers sicherzustellen, wenden wir das folgende spezielle Produktionsverfahren an: <\/p>\n\n\n\n<p>1. strenge Pr\u00fcfung der Natriummonofluorphosphat-Rohstoffe, um deren Reinheit und Qualit\u00e4t sicherzustellen; <\/p>\n\n\n\n<p>2. genaue Kontrolle der zugesetzten Menge an Natriummonofluorphosphat, um die Sicherheit und Wirksamkeit des Produkts zu gew\u00e4hrleisten; <\/p>\n\n\n\n<p>3. Durch die Verwendung einer Niedertemperatur-Mischtechnologie wird die Aktivit\u00e4t des Natriummonofluorphosphats in vollem Umfang freigesetzt. <\/p>\n\n\n\n<p>4. aseptische Abf\u00fcllung, um die Sicherheit und Hygiene des Produkts zu gew\u00e4hrleisten; <\/p>\n\n\n\n<p>5. Vollst\u00e4ndige Qualit\u00e4tskontrolle, um sicherzustellen, dass jede Flasche Fluorid-Mundwasser sicher und hygienisch ist. Qualit\u00e4tskontrolle, um sicherzustellen, dass jede Flasche Fluorid-Mundwasser dem nationalen Standard entspricht. <\/p>\n\n\n\n<p>Durch den oben beschriebenen Prozess bieten wir Ihnen ein hochwertiges und zuverl\u00e4ssiges Mundpflegeprodukt.<\/p>","protected":false},"excerpt":{"rendered":"Common Formulas Sodium Monofluorophosphate, the core ingredient of Fluoride Mouthwash, is a kind of fluoride widely used in oral care products, which can effectively enhance the anti-acid ability of tooth enamel and reduce the incidence of tooth decay.0.02% fluorine content is in line with national and international standards, which can play a role in the [&hellip;]","protected":false},"featured_media":667,"menu_order":0,"template":"","meta":[],"product-tag":[201,206,207,208,212,213,214,216],"products":[72],"class_list":["post-635","product","type-product","status-publish","has-post-thumbnail","hentry","product-tag-mouthwash-manufacturer","product-tag-mouthwash-companies","product-tag-mouthwash-factory","product-tag-mouthwash-suppliers","product-tag-mouthwash-contract-manufacturer","product-tag-antiseptic-mouthwashes-manufacturer","product-tag-mouthwash-manufacturers-usa","product-tag-private-label-mouthwash-manufacturers","products-mouthwash"],"acf":[],"_links":{"self":[{"href":"https:\/\/www.ruiqigo.com\/de\/wp-json\/wp\/v2\/product\/635","targetHints":{"allow":["GET"]}}],"collection":[{"href":"https:\/\/www.ruiqigo.com\/de\/wp-json\/wp\/v2\/product"}],"about":[{"href":"https:\/\/www.ruiqigo.com\/de\/wp-json\/wp\/v2\/types\/product"}],"version-history":[{"count":0,"href":"https:\/\/www.ruiqigo.com\/de\/wp-json\/wp\/v2\/product\/635\/revisions"}],"wp:featuredmedia":[{"embeddable":true,"href":"https:\/\/www.ruiqigo.com\/de\/wp-json\/wp\/v2\/media\/667"}],"wp:attachment":[{"href":"https:\/\/www.ruiqigo.com\/de\/wp-json\/wp\/v2\/media?parent=635"}],"wp:term":[{"taxonomy":"product-tag","embeddable":true,"href":"https:\/\/www.ruiqigo.com\/de\/wp-json\/wp\/v2\/product-tag?post=635"},{"taxonomy":"products","embeddable":true,"href":"https:\/\/www.ruiqigo.com\/de\/wp-json\/wp\/v2\/products?post=635"}],"curies":[{"name":"wp","href":"https:\/\/api.w.org\/{rel}","templated":true}]}}