{"id":636,"date":"2024-07-24T18:01:18","date_gmt":"2024-07-24T10:01:18","guid":{"rendered":"https:\/\/ruiqigo.com\/?post_type=product&#038;p=636"},"modified":"2024-11-01T14:21:18","modified_gmt":"2024-11-01T06:21:18","slug":"floss-with-stick","status":"publish","type":"product","link":"https:\/\/www.ruiqigo.com\/de\/product\/floss-with-stick","title":{"rendered":"Zahnseide mit Stick"},"content":{"rendered":"<h2 class=\"wp-block-heading\">Zahnseide mit Stickherstellung g\u00e4ngige Formeln<\/h2>\n\n\n\n<p>Der Wirkstoff in Zahnseide mit Stick, UHMWPE-Faser, hat die Eigenschaften hoher Festigkeit und hoher Reibung, wodurch er tief in die Zahnzwischenr\u00e4ume eindringen und Speisereste und Plaque wirksam entfernen kann. Der Stick besteht aus lebensmittelechtem HIPS-Kunststoff und hat einen ergonomischen Griff, der ihn angenehm zu halten und kraftsparend macht. Als f\u00fchrender Hersteller von Zahnseide mit Stick kann der hinzugef\u00fcgte Minz-\/Fruchtfaktor den Atem erfrischen und Speisereste entfernen.<\/p>\n\n\n\n<h2 class=\"wp-block-heading\">Anwendungsszenarien f\u00fcr Zahnseide mit Stick<\/h2>\n\n\n\n<p>Floss with Stick eignet sich f\u00fcr viele Einsatzbereiche, insbesondere aber f\u00fcr folgende Anl\u00e4sse: <\/p>\n\n\n\n<p>1. Nach dem Essen Speisereste wirksam entfernen und den Atem frisch halten. <\/p>\n\n\n\n<p>2. w\u00e4hrend der kieferorthop\u00e4dischen Behandlung, Hilfsreinigungsl\u00fccke; <\/p>\n\n\n\n<p>3. besondere Anl\u00e4sse wie Hochzeiten, Vorstellungsgespr\u00e4che usw., um den Atem frisch zu halten; <\/p>\n\n\n\n<p>4. Nach der Behandlung oraler Erkrankungen zus\u00e4tzliche Reinigungsl\u00fccken.<\/p>\n\n\n\n<h2 class=\"wp-block-heading\">F\u00fcr wen ist Zahnseide mit Stick geeignet?<\/h2>\n\n\n\n<p>Zahnseide mit Stick ist f\u00fcr ein breites Personenspektrum geeignet, wird aber insbesondere f\u00fcr folgende Verbraucher empfohlen: <\/p>\n\n\n\n<p>1. Menschen mit einem hohen Bewusstsein f\u00fcr Mundhygiene; <\/p>\n\n\n\n<p>2. Menschen mit besonderen Bed\u00fcrfnissen, beispielsweise bei kieferorthop\u00e4dischen Behandlungen und Zahnimplantaten; <\/p>\n\n\n\n<p>3. Menschen, die zu besonderen Anl\u00e4ssen einen frischen Atem ben\u00f6tigen; <\/p>\n\n\n\n<p>4. Personen, die nach der Behandlung von Erkrankungen im Mundbereich ihre Z\u00e4hne reinigen m\u00fcssen.<\/p>\n\n\n\n<h2 class=\"wp-block-heading\">Herstellungsverfahren f\u00fcr Zahnseide mit Stick<\/h2>\n\n\n\n<p>Als professioneller Hersteller von Zahnseide mit Stick wenden wir das folgende spezielle Produktionsverfahren an: <\/p>\n\n\n\n<p>1. Strenge Pr\u00fcfung der UHMWPE-Rohstoffe (Polyethylenfasern mit ultrahohem Molekulargewicht), um deren Reinheit und Qualit\u00e4t sicherzustellen; <\/p>\n\n\n\n<p>2. Pr\u00e4zise Kontrolle des Floss-Fadenwebprozesses, um sicherzustellen, dass das Produkt nicht stehen bleibt und nicht auseinanderf\u00e4llt; <\/p>\n\n\n\n<p>3. Die Verwendung von lebensmittelechtem HIPS-Kunststoff, um die Sicherheit des Sticks zu gew\u00e4hrleisten; <\/p>\n\n\n\n<p>4. Aseptische Abf\u00fcllung, um sicherzustellen, dass das Produkt sicher und hygienisch ist; <\/p>\n\n\n\n<p>5. Vollst\u00e4ndige Qualit\u00e4tskontrolle, um sicherzustellen, dass jede Zahnseide mit Stick dem nationalen Standard entspricht.<\/p>","protected":false},"excerpt":{"rendered":"Floss with stick manufacturing common formulas The active ingredient in Floss with Stick, UHMWPE fiber, has the characteristics of high strength and high friction, which can penetrate deep into the crevices of the teeth and effectively remove food residues and plaque.Stick is made of HIPS food-grade plastic, with an ergonomic handle, which makes it comfortable [&hellip;]","protected":false},"featured_media":637,"menu_order":0,"template":"","meta":[],"product-tag":[],"products":[74],"class_list":["post-636","product","type-product","status-publish","has-post-thumbnail","hentry","products-floss-stick"],"acf":[],"_links":{"self":[{"href":"https:\/\/www.ruiqigo.com\/de\/wp-json\/wp\/v2\/product\/636","targetHints":{"allow":["GET"]}}],"collection":[{"href":"https:\/\/www.ruiqigo.com\/de\/wp-json\/wp\/v2\/product"}],"about":[{"href":"https:\/\/www.ruiqigo.com\/de\/wp-json\/wp\/v2\/types\/product"}],"version-history":[{"count":0,"href":"https:\/\/www.ruiqigo.com\/de\/wp-json\/wp\/v2\/product\/636\/revisions"}],"wp:featuredmedia":[{"embeddable":true,"href":"https:\/\/www.ruiqigo.com\/de\/wp-json\/wp\/v2\/media\/637"}],"wp:attachment":[{"href":"https:\/\/www.ruiqigo.com\/de\/wp-json\/wp\/v2\/media?parent=636"}],"wp:term":[{"taxonomy":"product-tag","embeddable":true,"href":"https:\/\/www.ruiqigo.com\/de\/wp-json\/wp\/v2\/product-tag?post=636"},{"taxonomy":"products","embeddable":true,"href":"https:\/\/www.ruiqigo.com\/de\/wp-json\/wp\/v2\/products?post=636"}],"curies":[{"name":"wp","href":"https:\/\/api.w.org\/{rel}","templated":true}]}}