{"id":641,"date":"2024-07-24T18:09:35","date_gmt":"2024-07-24T10:09:35","guid":{"rendered":"https:\/\/ruiqigo.com\/?post_type=product&#038;p=641"},"modified":"2024-11-01T14:23:37","modified_gmt":"2024-11-01T06:23:37","slug":"biodegradable-floss-sticks","status":"publish","type":"product","link":"https:\/\/www.ruiqigo.com\/de\/product\/biodegradable-floss-sticks","title":{"rendered":"Biologisch abbaubarer Zahnseide-Stick"},"content":{"rendered":"<h2 class=\"wp-block-heading\">G\u00e4ngige Formeln f\u00fcr die Herstellung biologisch abbaubarer Zahnseidestifte<\/h2>\n\n\n\n<p>Der Wirkstoff in biologisch abbaubaren Zahnseide-Sticks, UHMWPE-Faser, hat eine hohe Festigkeit und hohe Reibungseigenschaften, die tief in die Zahnzwischenr\u00e4ume eindringen und Speisereste und Plaque wirksam entfernen k\u00f6nnen. W\u00e4hrend der Stick aus PLA-abbaubarer Maisst\u00e4rke besteht, ist der Griff ergonomisch gestaltet, sodass er bequem zu halten ist und die Verwendung Kraft spart. Der hinzugef\u00fcgte Minz-\/Fruchtfaktor kann den Atem erfrischen und Speisereste entfernen.<\/p>\n\n\n\n<h2 class=\"wp-block-heading\">Anwendungsszenarien f\u00fcr biologisch abbaubare Zahnseide<\/h2>\n\n\n\n<p>Biologisch abbaubare Zahnseide-Sticks k\u00f6nnen in vielen Szenarien verwendet werden, insbesondere bei den folgenden Gelegenheiten: <\/p>\n\n\n\n<p>1. nach den Mahlzeiten, um Speisereste wirksam zu entfernen und den Atem frisch zu halten; <\/p>\n\n\n\n<p>2. w\u00e4hrend einer kieferorthop\u00e4dischen Behandlung, um die Reinigung der L\u00fccke zu unterst\u00fctzen; <\/p>\n\n\n\n<p>3. besondere Anl\u00e4sse wie Hochzeiten, Vorstellungsgespr\u00e4che usw., um den Atem frisch zu halten; <\/p>\n\n\n\n<p>4. Nach der Behandlung oraler Erkrankungen zur Unterst\u00fctzung bei der Reinigung der L\u00fccken.<\/p>\n\n\n\n<h2 class=\"wp-block-heading\">F\u00fcr wen ist der biologisch abbaubare Zahnseidestift geeignet?<\/h2>\n\n\n\n<p>Biologisch abbaubare Zahnseide-Sticks sind f\u00fcr ein breites Spektrum an Menschen geeignet und werden insbesondere f\u00fcr folgende Verbraucher empfohlen: <\/p>\n\n\n\n<p>1. Menschen mit einem hohen Bewusstsein f\u00fcr Mundhygiene; <\/p>\n\n\n\n<p>2. Spezialgebiete wie Kieferorthop\u00e4die und Zahnimplantate; <\/p>\n\n\n\n<p>3. Menschen, die zu besonderen Anl\u00e4ssen einen frischen Atem ben\u00f6tigen; <\/p>\n\n\n\n<p>4. Personen, die nach der Behandlung von Munderkrankungen bei der Reinigung helfen m\u00fcssen.<\/p>\n\n\n\n<h2 class=\"wp-block-heading\">Herstellungsprozess biologisch abbaubarer Zahnseidestifte<\/h2>\n\n\n\n<p>Als anerkannter Hersteller biologisch abbaubarer Zahnseide-Sticks wenden wir das folgende spezielle Produktionsverfahren an: <\/p>\n\n\n\n<p>1. Die Rohstoffe der UHMWPE-Polyethylenfaser mit ultrahohem Molekulargewicht werden streng gepr\u00fcft, um ihre Reinheit und Qualit\u00e4t sicherzustellen. <\/p>\n\n\n\n<p>2. Kontrollieren Sie den Webvorgang des Zahnseidefadens pr\u00e4zise, um sicherzustellen, dass das Produkt nicht zerbricht und nicht auseinanderf\u00e4llt. <\/p>\n\n\n\n<p>3. Verwendung von biologisch abbaubarer PLA-Maisst\u00e4rke, um sicherzustellen, dass die Sticks umweltfreundlich sind; <\/p>\n\n\n\n<p>4. Die aseptische Abf\u00fcllung gew\u00e4hrleistet die Sicherheit und Hygiene der Produkte. <\/p>\n\n\n\n<p>Als f\u00fchrender Hersteller biologisch abbaubarer Zahnseidestifte stellt der gesamte Prozess der Qualit\u00e4tskontrolle sicher, dass jeder biologisch abbaubare Zahnseidestift den nationalen Standards entspricht.<\/p>\n\n\n\n<p><\/p>","protected":false},"excerpt":{"rendered":"Biodegradable floss stick manufacturing common formulas The active ingredient in Biodegradable Floss Sticks, UHMWPE fiber, has high strength and high friction characteristics, which can penetrate deep into the crevices of the teeth, effectively removing food debris and plaque, while PLA degradable corn starch is made into the Stick, the handle is ergonomically designed to make [&hellip;]","protected":false},"featured_media":642,"menu_order":0,"template":"","meta":[],"product-tag":[],"products":[74],"class_list":["post-641","product","type-product","status-publish","has-post-thumbnail","hentry","products-floss-stick"],"acf":[],"_links":{"self":[{"href":"https:\/\/www.ruiqigo.com\/de\/wp-json\/wp\/v2\/product\/641","targetHints":{"allow":["GET"]}}],"collection":[{"href":"https:\/\/www.ruiqigo.com\/de\/wp-json\/wp\/v2\/product"}],"about":[{"href":"https:\/\/www.ruiqigo.com\/de\/wp-json\/wp\/v2\/types\/product"}],"version-history":[{"count":0,"href":"https:\/\/www.ruiqigo.com\/de\/wp-json\/wp\/v2\/product\/641\/revisions"}],"wp:featuredmedia":[{"embeddable":true,"href":"https:\/\/www.ruiqigo.com\/de\/wp-json\/wp\/v2\/media\/642"}],"wp:attachment":[{"href":"https:\/\/www.ruiqigo.com\/de\/wp-json\/wp\/v2\/media?parent=641"}],"wp:term":[{"taxonomy":"product-tag","embeddable":true,"href":"https:\/\/www.ruiqigo.com\/de\/wp-json\/wp\/v2\/product-tag?post=641"},{"taxonomy":"products","embeddable":true,"href":"https:\/\/www.ruiqigo.com\/de\/wp-json\/wp\/v2\/products?post=641"}],"curies":[{"name":"wp","href":"https:\/\/api.w.org\/{rel}","templated":true}]}}