{"id":646,"date":"2024-07-25T15:09:22","date_gmt":"2024-07-25T07:09:22","guid":{"rendered":"https:\/\/ruiqigo.com\/?post_type=product&#038;p=646"},"modified":"2024-11-01T14:14:29","modified_gmt":"2024-11-01T06:14:29","slug":"potassium-nitrate-toothpaste","status":"publish","type":"product","link":"https:\/\/www.ruiqigo.com\/de\/product\/potassium-nitrate-toothpaste","title":{"rendered":"Kaliumnitrat-Zahnpasta"},"content":{"rendered":"<h2 class=\"wp-block-heading\">G\u00e4ngige Formeln f\u00fcr die Herstellung von Kaliumnitrat-Zahnpasta<\/h2>\n\n\n\n<p>Der Hauptbestandteil von Kaliumnitrat-Zahnpasta, Kaliumnitrat, lindert die Zahnempfindlichkeit. Kaliumnitrat kann die Empfindlichkeit der Z\u00e4hne gegen\u00fcber K\u00e4lte, Hitze, S\u00fc\u00dfem und anderen Reizen wirksam verringern und wirkt gleichzeitig antibakteriell und entz\u00fcndungshemmend, was zur Vorbeugung von Munderkrankungen beitr\u00e4gt. Dar\u00fcber hinaus kann Kaliumnitrat auch dazu beitragen, die Mundumgebung zu verbessern und die Bildung von Plaque zu verringern, wodurch das Auftreten von Karies verringert wird.<\/p>\n\n\n\n<h2 class=\"wp-block-heading\">Anwendungsszenarien f\u00fcr Kaliumnitrat-Zahnpasta<\/h2>\n\n\n\n<p>Kaliumnitrat-Zahnpasta eignet sich f\u00fcr eine Vielzahl von Szenarien, insbesondere f\u00fcr die folgenden Gelegenheiten: 1. Menschen mit empfindlichen Z\u00e4hnen, um die Zahnempfindlichkeit wirksam zu reduzieren; <\/p>\n\n\n\n<p>2. Nach dem Essen Speisereste wirksam entfernen und f\u00fcr einen frischen Atem sorgen. <\/p>\n\n\n\n<p>3. nach durchwachten N\u00e4chten, nach dem Rauchen, um den schlechten Geschmack im Mund zu reduzieren, zur Pflege der Zahngesundheit; <\/p>\n\n\n\n<p>4. Besondere Anl\u00e4sse, wie Hochzeiten, Vorstellungsgespr\u00e4che usw., um einen frischen Atem zu bewahren.<\/p>\n\n\n\n<h2 class=\"wp-block-heading\">F\u00fcr wen ist Kaliumnitrat-Zahnpasta geeignet?<\/h2>\n\n\n\n<p>Kaliumnitrat-Zahnpasta ist f\u00fcr ein breites Personenspektrum geeignet, wird aber insbesondere f\u00fcr folgende Verbraucher empfohlen: <\/p>\n\n\n\n<p>1. Menschen mit empfindlichen Z\u00e4hnen, die diese lindern m\u00fcssen; <\/p>\n\n\n\n<p>2. Menschen, die unter Mundgeruch leiden, wie z. B. Raucher, bleiben oft die ganze Nacht wach; <\/p>\n\n\n\n<p>3. Diabetiker, bei denen ein hohes Risiko f\u00fcr Parodontitis besteht und die besondere Aufmerksamkeit auf die Mundpflege richten m\u00fcssen; <\/p>\n\n\n\n<p>4. Verbraucher, die gerne neue Mundpflegeprodukte ausprobieren; <\/p>\n\n\n\n<p>5. Verbraucher, die gerne Kaliumnitrat-Zahnpasta verwenden und die Vorteile von Kaliumnitrat-Zahnpasta genie\u00dfen. <\/p>\n\n\n\n<h2 class=\"wp-block-heading\">Herstellungsprozess von Kaliumnitrat-Zahnpasta<\/h2>\n\n\n\n<p>Als professioneller Hersteller von Kaliumnitrat-Zahnpasta wenden wir das folgende spezielle Produktionsverfahren an: <\/p>\n\n\n\n<p>1. Strenge Pr\u00fcfung der Kaliumnitrat-Rohstoffe, um deren Reinheit und Qualit\u00e4t sicherzustellen; <\/p>\n\n\n\n<p>2. Pr\u00e4zise Kontrolle der zugesetzten Kaliumnitratmenge, um die Sicherheit und Wirksamkeit des Produkts zu gew\u00e4hrleisten; <\/p>\n\n\n\n<p>3. Um die Aktivit\u00e4t des Kaliumnitrats vollst\u00e4ndig freizusetzen, wird eine Niedertemperatur-Mahltechnologie eingesetzt. <\/p>\n\n\n\n<p>4. Die aseptische Abf\u00fcllung gew\u00e4hrleistet die Sicherheit und Hygiene des Produkts. <\/p>\n\n\n\n<p>5. Vollst\u00e4ndige Qualit\u00e4tskontrolle, um sicherzustellen, dass jede Kaliumnitrat-Zahnpasta dem nationalen Standard entspricht. Durch den oben genannten Prozess bieten wir Ihnen als professioneller Hersteller von Kaliumnitrat-Zahnpasta ein qualitativ hochwertiges und zuverl\u00e4ssiges Mundpflegeprodukt.<\/p>\n\n\n\n<p><\/p>","protected":false},"excerpt":{"rendered":"Potassium nitrate toothpaste manufacturing common formulas Potassium Nitrate Toothpaste&#8217;s core ingredient, Potassium Nitrate, has the effect of relieving tooth sensitivity. Potassium nitrate can effectively reduce the sensitivity of teeth to cold, hot, sweet and other stimuli, and at the same time has antibacterial and anti-inflammatory effects, which helps to prevent oral diseases. In addition, potassium [&hellip;]","protected":false},"featured_media":653,"menu_order":0,"template":"","meta":[],"product-tag":[],"products":[71],"class_list":["post-646","product","type-product","status-publish","has-post-thumbnail","hentry","products-toothpaste"],"acf":[],"_links":{"self":[{"href":"https:\/\/www.ruiqigo.com\/de\/wp-json\/wp\/v2\/product\/646","targetHints":{"allow":["GET"]}}],"collection":[{"href":"https:\/\/www.ruiqigo.com\/de\/wp-json\/wp\/v2\/product"}],"about":[{"href":"https:\/\/www.ruiqigo.com\/de\/wp-json\/wp\/v2\/types\/product"}],"version-history":[{"count":0,"href":"https:\/\/www.ruiqigo.com\/de\/wp-json\/wp\/v2\/product\/646\/revisions"}],"wp:featuredmedia":[{"embeddable":true,"href":"https:\/\/www.ruiqigo.com\/de\/wp-json\/wp\/v2\/media\/653"}],"wp:attachment":[{"href":"https:\/\/www.ruiqigo.com\/de\/wp-json\/wp\/v2\/media?parent=646"}],"wp:term":[{"taxonomy":"product-tag","embeddable":true,"href":"https:\/\/www.ruiqigo.com\/de\/wp-json\/wp\/v2\/product-tag?post=646"},{"taxonomy":"products","embeddable":true,"href":"https:\/\/www.ruiqigo.com\/de\/wp-json\/wp\/v2\/products?post=646"}],"curies":[{"name":"wp","href":"https:\/\/api.w.org\/{rel}","templated":true}]}}