{"id":647,"date":"2024-07-25T15:05:08","date_gmt":"2024-07-25T07:05:08","guid":{"rendered":"https:\/\/ruiqigo.com\/?post_type=product&#038;p=647"},"modified":"2024-11-01T14:16:04","modified_gmt":"2024-11-01T06:16:04","slug":"coconut-oil-toothpaste","status":"publish","type":"product","link":"https:\/\/www.ruiqigo.com\/de\/product\/coconut-oil-toothpaste","title":{"rendered":"Zahnpasta mit Kokos\u00f6l"},"content":{"rendered":"<h2 class=\"wp-block-heading\">Herstellung von Zahnpasta mit Kokosnuss\u00f6l \u2013 g\u00e4ngige Formeln<\/h2>\n\n\n\n<p>Der Hauptbestandteil von Kokosnuss\u00f6l-Zahnpasta, Kokosnuss\u00f6l, hat nat\u00fcrliche antibakterielle und entz\u00fcndungshemmende Eigenschaften, die Bakterien im Mund effektiv reduzieren und Munderkrankungen vorbeugen k\u00f6nnen. Kokosnuss\u00f6l hat auch die Funktion, die Mundschleimhaut zu befeuchten und zu reparieren und hilft so, die Mundumgebung zu verbessern. Natriumchlorid hat eine milde Scheuerwirkung, die Flecken und Plaque auf der Zahnoberfl\u00e4che effektiv entfernen kann und gleichzeitig Z\u00e4hne und Zahnfleisch nicht reizt.<\/p>\n\n\n\n<h2 class=\"wp-block-heading\">Anwendungsszenarien f\u00fcr Kokosnuss\u00f6l-Zahnpasta<\/h2>\n\n\n\n<p>Kokos\u00f6l-Zahnpasta eignet sich f\u00fcr viele Situationen, insbesondere aber f\u00fcr folgende Gelegenheiten: <\/p>\n\n\n\n<p>1. Nach den Mahlzeiten verwenden, um Speisereste wirksam zu entfernen und einen frischen Atem zu bewahren. <\/p>\n\n\n\n<p>2. nach durchwachten N\u00e4chten oder Rauchen, um den schlechten Geschmack im Mund zu lindern und die Zahngesundheit zu pflegen; <\/p>\n\n\n\n<p>3. besondere Anl\u00e4sse wie Hochzeiten, Vorstellungsgespr\u00e4che usw., um den Atem frisch zu halten; <\/p>\n\n\n\n<p>4. Behandlung von Munderkrankungen, um die Reinigung der Mundh\u00f6hle zu unterst\u00fctzen.<\/p>\n\n\n\n<h2 class=\"wp-block-heading\">F\u00fcr wen ist Kokos\u00f6l-Zahnpasta geeignet<\/h2>\n\n\n\n<p>Kokosnuss\u00f6l-Zahnpasta ist f\u00fcr ein breites Spektrum von Menschen geeignet und wird besonders f\u00fcr die folgenden Verbraucher empfohlen: <\/p>\n\n\n\n<p>1. Menschen, die unter Mundgeruch leiden, wie z. B. Raucher, bleiben oft lange auf; <\/p>\n\n\n\n<p>2. Menschen mit empfindlichen Z\u00e4hnen m\u00fcssen die Menge sanft reinigen; <\/p>\n\n\n\n<p>3. Diabetiker m\u00fcssen aufgrund des hohen Risikos einer Parodontitis besonders auf die Mundpflege achten. <\/p>\n\n\n\n<p>4. Probieren Sie gerne neue Mundpflegeprodukte aus, an denen die Verbraucher Freude haben. Zahnpasta mit Kokosnuss\u00f6l sorgt f\u00fcr eine gesunde Mundh\u00f6hle.<\/p>\n\n\n\n<h2 class=\"wp-block-heading\">Herstellungsprozess von Zahnpasta mit Kokosnuss\u00f6l<\/h2>\n\n\n\n<p>Als Hersteller qualitativ hochwertiger Kokosnuss\u00f6l-Zahnpasta wenden wir das folgende spezielle Produktionsverfahren an: <\/p>\n\n\n\n<p>1. \u00dcberpr\u00fcfen Sie die Rohstoffe Kokosnuss\u00f6l und Natriumchlorid streng, um ihre Reinheit und Qualit\u00e4t sicherzustellen. <\/p>\n\n\n\n<p>2. Kontrollieren Sie die Menge des hinzugef\u00fcgten Kokos\u00f6ls und Natriumchlorids genau, um die Sicherheit und Wirksamkeit des Produkts zu gew\u00e4hrleisten. <\/p>\n\n\n\n<p>3. Verwenden Sie die Niedertemperatur-Mahltechnologie, um die Aktivit\u00e4t des Kokosnuss\u00f6ls vollst\u00e4ndig freizusetzen. <\/p>\n\n\n\n<p>4. Aseptische Abf\u00fcllung, um sicherzustellen, dass das Produkt sicher und hygienisch ist. <\/p>\n\n\n\n<p>5. Der gesamte Prozess der Qualit\u00e4tskontrolle stellt sicher, dass jede Kokosnuss\u00f6l-Zahnpasta den nationalen Standards entspricht. Als qualitativer Kokosnuss\u00f6l-Zahnpastahersteller bieten wir Ihnen durch den oben genannten Prozess ein qualitativ hochwertiges und zuverl\u00e4ssiges Mundpflegeprodukt.<\/p>","protected":false},"excerpt":{"rendered":"Coconut oil toothpaste manufacturing common formulas Coconut Oil Toothpaste&#8217;s core ingredient, coconut oil, has natural antibacterial and anti-inflammatory properties, which can effectively reduce bacteria in the mouth and prevent oral diseases. Coconut oil also has the function of moisturizing and repairing the oral mucosa, helping to improve the oral environment. Sodium chloride has a mild [&hellip;]","protected":false},"featured_media":648,"menu_order":0,"template":"","meta":[],"product-tag":[],"products":[71],"class_list":["post-647","product","type-product","status-publish","has-post-thumbnail","hentry","products-toothpaste"],"acf":[],"_links":{"self":[{"href":"https:\/\/www.ruiqigo.com\/de\/wp-json\/wp\/v2\/product\/647","targetHints":{"allow":["GET"]}}],"collection":[{"href":"https:\/\/www.ruiqigo.com\/de\/wp-json\/wp\/v2\/product"}],"about":[{"href":"https:\/\/www.ruiqigo.com\/de\/wp-json\/wp\/v2\/types\/product"}],"version-history":[{"count":0,"href":"https:\/\/www.ruiqigo.com\/de\/wp-json\/wp\/v2\/product\/647\/revisions"}],"wp:featuredmedia":[{"embeddable":true,"href":"https:\/\/www.ruiqigo.com\/de\/wp-json\/wp\/v2\/media\/648"}],"wp:attachment":[{"href":"https:\/\/www.ruiqigo.com\/de\/wp-json\/wp\/v2\/media?parent=647"}],"wp:term":[{"taxonomy":"product-tag","embeddable":true,"href":"https:\/\/www.ruiqigo.com\/de\/wp-json\/wp\/v2\/product-tag?post=647"},{"taxonomy":"products","embeddable":true,"href":"https:\/\/www.ruiqigo.com\/de\/wp-json\/wp\/v2\/products?post=647"}],"curies":[{"name":"wp","href":"https:\/\/api.w.org\/{rel}","templated":true}]}}