{"id":652,"date":"2024-07-25T15:14:31","date_gmt":"2024-07-25T07:14:31","guid":{"rendered":"https:\/\/ruiqigo.com\/?post_type=product&#038;p=652"},"modified":"2024-11-01T14:14:59","modified_gmt":"2024-11-01T06:14:59","slug":"stannous-fluoride-toothpaste","status":"publish","type":"product","link":"https:\/\/www.ruiqigo.com\/de\/product\/stannous-fluoride-toothpaste","title":{"rendered":"Zinnfluorid-Zahnpasta"},"content":{"rendered":"<h3 class=\"wp-block-heading\">\u00dcbliche Formeln f\u00fcr die Herstellung von Zinnfluorid-Zahnpasta<\/h3>\n\n\n\n<p>Der Hauptbestandteil von Zinnfluorid-Zahnpasta, Zinnfluorid, ist ein Fluorid, das in Mundpflegeprodukten weit verbreitet ist. Es kann die S\u00e4ureresistenz des Zahnschmelzes wirksam verbessern und das Auftreten von Karies verringern. Zinnfluorid f\u00f6rdert auch die Remineralisierung der Z\u00e4hne und die Wiederherstellung von Karies im Fr\u00fchstadium. Dar\u00fcber hinaus ist Zinnfluorid f\u00fcr den menschlichen K\u00f6rper unsch\u00e4dlich und f\u00fcr die Langzeitanwendung geeignet.<\/p>\n\n\n\n<h3 class=\"wp-block-heading\">Anwendungsszenarien f\u00fcr Zinnfluorid-Zahnpasta<\/h3>\n\n\n\n<p>Zinnfluorid-Zahnpasta eignet sich f\u00fcr viele Situationen, insbesondere f\u00fcr folgende Gelegenheiten: <\/p>\n\n\n\n<p>1. nach den Mahlzeiten, wirksame Reinigung von Speiseresten und Schutz der Z\u00e4hne; <\/p>\n\n\n\n<p>2. nach durchwachten N\u00e4chten und Rauchen, um den schlechten Geschmack im Mund zu lindern und die Zahngesundheit zu pflegen; <\/p>\n\n\n\n<p>3. besondere Anl\u00e4sse wie Hochzeiten, Vorstellungsgespr\u00e4che usw., um den Atem frisch zu halten; <\/p>\n\n\n\n<p>4. Zur Unterst\u00fctzung der Reinigung der Mundh\u00f6hle nach der Behandlung von Munderkrankungen.<\/p>\n\n\n\n<h3 class=\"wp-block-heading\">F\u00fcr wen ist Zinnfluorid-Zahnpasta geeignet?<\/h3>\n\n\n\n<p>Zinnfluorid-Zahnpasta ist f\u00fcr ein breites Personenspektrum geeignet, wird aber insbesondere f\u00fcr folgende Verbraucher empfohlen:<\/p>\n\n\n\n<p>1. Kinder, Jugendliche und Erwachsene, um Karies vorzubeugen und die Mundgesundheit zu erhalten; <\/p>\n\n\n\n<p>2. Menschen mit empfindlichen Z\u00e4hnen, deren Zahnschmelzh\u00e4rte verbessert werden muss; <\/p>\n\n\n\n<p>3. Diabetiker m\u00fcssen aufgrund des hohen Risikos einer Parodontitis besonders auf die Mundpflege achten. <\/p>\n\n\n\n<p>4. Verbraucher, die gerne neue Mundpflegeprodukte ausprobieren, gerne Zinnfluorid-Zahnpasta verwenden und den guten Geschmack von Zinnfluorid-Zahnpasta genie\u00dfen. Verbraucher, die gerne neue Mundpflegeprodukte ausprobieren und die Mundgesundheit genie\u00dfen, die Zinnfluorid-Zahnpasta bietet.<\/p>\n\n\n\n<h3 class=\"wp-block-heading\">Herstellungsprozess von Zinnfluorid-Zahnpasta<\/h3>\n\n\n\n<p>Als professioneller Hersteller von Zinnfluorid-Zahnpasta wenden wir das folgende spezielle Produktionsverfahren an: <\/p>\n\n\n\n<p>1) Die Rohstoffe f\u00fcr Zinnfluorid werden streng gepr\u00fcft, um deren Reinheit und Qualit\u00e4t sicherzustellen. <\/p>\n\n\n\n<p>2) Pr\u00e4zise Kontrolle der zugesetzten Zinnfluoridmenge, um die Sicherheit und Wirksamkeit des Produkts zu gew\u00e4hrleisten; <\/p>\n\n\n\n<p>3) Einsatz einer Niedertemperatur-Mahltechnologie, um die Aktivit\u00e4t des Zinnfluorids in vollem Umfang freizusetzen; <\/p>\n\n\n\n<p>4) Aseptische Abf\u00fcllung zur Gew\u00e4hrleistung der Produktsicherheit und Hygiene; <\/p>\n\n\n\n<p>5) Vollst\u00e4ndige Qualit\u00e4tskontrolle zur Gew\u00e4hrleistung der Produktsicherheit und Hygiene. Als gro\u00dfer Hersteller von Zinnfluorid-Zahnpasta stellen wir durch den gesamten Prozess der Qualit\u00e4tskontrolle sicher, dass jede Zinnfluorid-Zahnpasta dem nationalen Standard entspricht. Durch den oben genannten Prozess bieten wir Ihnen ein qualitativ hochwertiges und zuverl\u00e4ssiges Mundpflegeprodukt.<\/p>","protected":false},"excerpt":{"rendered":"Stannous fluoride toothpaste manufacturing common formulas Stannous Fluoride Toothpaste&#8217;s core ingredient, Stannous Fluoride, is a fluoride widely used in oral care products, which can effectively enhance the enamel&#8217;s ability to resist acidity and reduce the incidence of tooth decay. Stannous fluoride also promotes remineralization of teeth and restoration of early cavities. In addition, stannous fluoride [&hellip;]","protected":false},"featured_media":657,"menu_order":0,"template":"","meta":[],"product-tag":[],"products":[71],"class_list":["post-652","product","type-product","status-publish","has-post-thumbnail","hentry","products-toothpaste"],"acf":[],"_links":{"self":[{"href":"https:\/\/www.ruiqigo.com\/de\/wp-json\/wp\/v2\/product\/652","targetHints":{"allow":["GET"]}}],"collection":[{"href":"https:\/\/www.ruiqigo.com\/de\/wp-json\/wp\/v2\/product"}],"about":[{"href":"https:\/\/www.ruiqigo.com\/de\/wp-json\/wp\/v2\/types\/product"}],"version-history":[{"count":0,"href":"https:\/\/www.ruiqigo.com\/de\/wp-json\/wp\/v2\/product\/652\/revisions"}],"wp:featuredmedia":[{"embeddable":true,"href":"https:\/\/www.ruiqigo.com\/de\/wp-json\/wp\/v2\/media\/657"}],"wp:attachment":[{"href":"https:\/\/www.ruiqigo.com\/de\/wp-json\/wp\/v2\/media?parent=652"}],"wp:term":[{"taxonomy":"product-tag","embeddable":true,"href":"https:\/\/www.ruiqigo.com\/de\/wp-json\/wp\/v2\/product-tag?post=652"},{"taxonomy":"products","embeddable":true,"href":"https:\/\/www.ruiqigo.com\/de\/wp-json\/wp\/v2\/products?post=652"}],"curies":[{"name":"wp","href":"https:\/\/api.w.org\/{rel}","templated":true}]}}