{"id":661,"date":"2024-07-25T15:18:07","date_gmt":"2024-07-25T07:18:07","guid":{"rendered":"https:\/\/ruiqigo.com\/?post_type=product&#038;p=661"},"modified":"2024-11-01T10:32:29","modified_gmt":"2024-11-01T02:32:29","slug":"berryoxide-toothpaste","status":"publish","type":"product","link":"https:\/\/www.ruiqigo.com\/de\/product\/berryoxide-toothpaste","title":{"rendered":"Berryoxide-Zahnpasta"},"content":{"rendered":"<h2 class=\"wp-block-heading\">Herstellung von Berryoxide-Zahnpasta \u2013 g\u00e4ngige Formeln<\/h2>\n\n\n\n<p>Der Hauptbestandteil der Berryoxide-Zahnpasta, Peroxid, hat eine starke oxidierende Wirkung, die Bakterien im Mund effektiv abt\u00f6ten und Munderkrankungen vorbeugen kann. Peroxid kann auch dazu beitragen, Munds\u00e4uren zu neutralisieren und die Mundumgebung zu verbessern, was dazu beitr\u00e4gt, Karies und Parodontitis vorzubeugen. Dar\u00fcber hinaus ist Peroxid f\u00fcr den menschlichen K\u00f6rper unsch\u00e4dlich und f\u00fcr die Langzeitanwendung geeignet.<\/p>\n\n\n\n<h2 class=\"wp-block-heading\">Anwendungsszenarien f\u00fcr Berryoxide-Zahnpasta<\/h2>\n\n\n\n<p>Berryoxide-Zahnpasta eignet sich f\u00fcr viele verschiedene Situationen, insbesondere f\u00fcr die folgenden Gelegenheiten: 1. nach dem Essen, um wirksam Speisereste zu entfernen und einen frischen Atem zu bewahren; 2. nach einer durchzechten Nacht und Rauchen, um den schlechten Geschmack im Mund zu verringern und die Zahngesundheit zu wahren; 3. bei besonderen Anl\u00e4ssen, wie Hochzeiten, Vorstellungsgespr\u00e4chen usw., um einen frischen Atem zu bewahren; 4. nach der Behandlung von Munderkrankungen, um die Reinigung der Mundh\u00f6hle zu unterst\u00fctzen.<\/p>\n\n\n\n<h2 class=\"wp-block-heading\">F\u00fcr wen ist Berryoxide Zahnpasta geeignet<\/h2>\n\n\n\n<p>Berryoxide-Zahnpasta ist f\u00fcr ein breites Spektrum an Menschen geeignet und wird insbesondere f\u00fcr folgende Verbraucher empfohlen:<\/p>\n\n\n\n<p> 1. Menschen, die unter Mundgeruch leiden, wie z. B. Raucher, bleiben oft lange auf; <\/p>\n\n\n\n<p>2. Menschen mit empfindlichen Z\u00e4hnen m\u00fcssen die Menge sanft reinigen; <\/p>\n\n\n\n<p>3. Diabetiker m\u00fcssen aufgrund des hohen Risikos einer Parodontitis besonders auf die Mundpflege achten. <\/p>\n\n\n\n<p>4. Probieren Sie gerne neue Mundpflegeprodukte aus, die den Verbrauchern Spa\u00df machen. Berryoxide-Zahnpasta sorgt f\u00fcr Mundgesundheit.<\/p>\n\n\n\n<h2 class=\"wp-block-heading\">Herstellungsprozess von Berryoxide-Zahnpasta<\/h2>\n\n\n\n<p>Als professioneller Hersteller von Berryoxide-Zahnpasta wenden wir das folgende spezielle Produktionsverfahren an:<\/p>\n\n\n\n<p> 1. Strenge Pr\u00fcfung der Peroxid-Rohstoffe, um deren Reinheit und Qualit\u00e4t sicherzustellen; <\/p>\n\n\n\n<p>2. Pr\u00e4zise Kontrolle der zugesetzten Peroxidmenge, um die Sicherheit und Wirksamkeit des Produkts zu gew\u00e4hrleisten; <\/p>\n\n\n\n<p>3. Einsatz einer Niedertemperatur-Mischtechnologie, um die Aktivit\u00e4t der Peroxide vollst\u00e4ndig freizusetzen; <\/p>\n\n\n\n<p>4. Aseptische Abf\u00fcllung, um sicherzustellen, dass das Produkt sicher und hygienisch ist; <\/p>\n\n\n\n<p>5. Umfassende Qualit\u00e4tskontrolle, um sicherzustellen, dass jede Berryoxide-Zahnpasta sicher und hygienisch ist. Als f\u00fchrender Hersteller von Berryoxide-Zahnpasta stellen wir durch Qualit\u00e4tskontrolle sicher, dass jede Berryoxide-Zahnpasta dem nationalen Standard entspricht. Durch den oben genannten Prozess bieten wir Ihnen ein qualitativ hochwertiges und zuverl\u00e4ssiges Mundpflegeprodukt.<\/p>","protected":false},"excerpt":{"rendered":"Berryoxide toothpaste manufacturing common formulas The core ingredient of Berryoxide Toothpaste, peroxide, has a strong oxidizing effect, which can effectively kill bacteria in the mouth and prevent oral diseases. Peroxide can also help neutralize oral acids and improve the oral environment, which helps prevent tooth decay and periodontal disease. In addition, peroxide is harmless to [&hellip;]","protected":false},"featured_media":662,"menu_order":0,"template":"","meta":[],"product-tag":[],"products":[71],"class_list":["post-661","product","type-product","status-publish","has-post-thumbnail","hentry","products-toothpaste"],"acf":[],"_links":{"self":[{"href":"https:\/\/www.ruiqigo.com\/de\/wp-json\/wp\/v2\/product\/661","targetHints":{"allow":["GET"]}}],"collection":[{"href":"https:\/\/www.ruiqigo.com\/de\/wp-json\/wp\/v2\/product"}],"about":[{"href":"https:\/\/www.ruiqigo.com\/de\/wp-json\/wp\/v2\/types\/product"}],"version-history":[{"count":0,"href":"https:\/\/www.ruiqigo.com\/de\/wp-json\/wp\/v2\/product\/661\/revisions"}],"wp:featuredmedia":[{"embeddable":true,"href":"https:\/\/www.ruiqigo.com\/de\/wp-json\/wp\/v2\/media\/662"}],"wp:attachment":[{"href":"https:\/\/www.ruiqigo.com\/de\/wp-json\/wp\/v2\/media?parent=661"}],"wp:term":[{"taxonomy":"product-tag","embeddable":true,"href":"https:\/\/www.ruiqigo.com\/de\/wp-json\/wp\/v2\/product-tag?post=661"},{"taxonomy":"products","embeddable":true,"href":"https:\/\/www.ruiqigo.com\/de\/wp-json\/wp\/v2\/products?post=661"}],"curies":[{"name":"wp","href":"https:\/\/api.w.org\/{rel}","templated":true}]}}