{"id":677,"date":"2024-07-25T16:01:02","date_gmt":"2024-07-25T08:01:02","guid":{"rendered":"https:\/\/ruiqigo.com\/?post_type=product&#038;p=677"},"modified":"2025-09-03T15:22:29","modified_gmt":"2025-09-03T07:22:29","slug":"xylitol-mouthwash","status":"publish","type":"product","link":"https:\/\/www.ruiqigo.com\/de\/product\/xylitol-mouthwash","title":{"rendered":"Xylitol-Mundwasser"},"content":{"rendered":"<h2 class=\"wp-block-heading\">Allgemeine Formeln<\/h2>\n\n\n\n<p>Der Hauptbestandteil des Xylitol-Mundwassers,<strong> Xylitol<\/strong>, ist ein nat\u00fcrlicher S\u00fc\u00dfstoff mit karieshemmender Wirkung. Xylitol hemmt das Wachstum kariesverursachender Bakterien im Mund und reduziert die Bildung von Plaque, wodurch das Auftreten von Karies reduziert wird. Dar\u00fcber hinaus kann Xylitol f\u00fcr einen frischen Geschmack sorgen, das Mundklima verbessern und f\u00fcr die Zahngesundheit sorgen.<\/p>\n\n\n\n<h2 class=\"wp-block-heading\">Anwendbare Szenarien<\/h2>\n\n\n\n<p>Xylitol Mundwasser eignet sich f\u00fcr viele Situationen, insbesondere aber f\u00fcr folgende Gelegenheiten: <\/p>\n\n\n\n<p>1. nach den Mahlzeiten, entfernt wirksam Speisereste und sch\u00fctzt die Z\u00e4hne; <\/p>\n\n\n\n<p>2. nach durchwachten N\u00e4chten oder Rauchen, um den schlechten Geschmack im Mund zu reduzieren und auf die Zahngesundheit zu achten; <\/p>\n\n\n\n<p>3. bei besonderen Anl\u00e4ssen wie Hochzeiten, Vorstellungsgespr\u00e4chen usw., um den Atem frisch zu halten; <\/p>\n\n\n\n<p>4. Zur Unterst\u00fctzung der Reinigung der Mundh\u00f6hle nach der Behandlung von Munderkrankungen.<\/p>\n\n\n\n<h2 class=\"wp-block-heading\">F\u00fcr wen ist Xylitol-Mundwasser geeignet?<\/h2>\n\n\n\n<p>Xylitol Mundwasser ist f\u00fcr ein breites Spektrum an Menschen geeignet, wird aber besonders f\u00fcr folgende Verbraucher empfohlen: <\/p>\n\n\n\n<p>1. Kinder, Jugendliche und Erwachsene, um Karies vorzubeugen und die Mundgesundheit zu erhalten; <\/p>\n\n\n\n<p>2. Menschen mit empfindlichen Z\u00e4hnen, die eine sanfte Reinigung ben\u00f6tigen; <\/p>\n\n\n\n<p>3. Diabetiker m\u00fcssen aufgrund des hohen Risikos einer Parodontitis besonders auf die Mundhygiene achten. <\/p>\n\n\n\n<p>4. Verbraucher, die gerne neue Produkte zur Mundhygiene ausprobieren, viel Spa\u00df! Xylitol-Mundwasser sorgt f\u00fcr Mundgesundheit.<\/p>\n\n\n\n<h2 class=\"wp-block-heading\">Produktionsprozess<\/h2>\n\n\n\n<p>Um die Qualit\u00e4t des Xylitol-Mundwassers sicherzustellen, wenden wir das folgende spezielle Produktionsverfahren an: <\/p>\n\n\n\n<p>1. strenge Pr\u00fcfung der Xylitol-Rohstoffe, um deren Reinheit und Qualit\u00e4t sicherzustellen; <\/p>\n\n\n\n<p>2. genaue Kontrolle der zugesetzten Xylitolmenge, um die Sicherheit und Wirksamkeit des Produkts zu gew\u00e4hrleisten; <\/p>\n\n\n\n<p>3. Durch die Verwendung einer Niedertemperatur-Mischtechnologie wird die Aktivit\u00e4t von Xylitol vollst\u00e4ndig freigesetzt. <\/p>\n\n\n\n<p>4. aseptische Abf\u00fcllung, um die Sicherheit und Hygiene des Produkts zu gew\u00e4hrleisten; <\/p>\n\n\n\n<p>5. Der gesamte Prozess der Qualit\u00e4tskontrolle stellt sicher, dass jede Flasche Xylitol-Mundwasser sicher und hygienisch ist. Jede Flasche Xylitol-Mundwasser entspricht dem nationalen Standard. <\/p>\n\n\n\n<p>Durch den oben beschriebenen Prozess bieten wir Ihnen ein hochwertiges und zuverl\u00e4ssiges Mundpflegeprodukt.<\/p>","protected":false},"excerpt":{"rendered":"Common Formulas Xylitol Mouthwash&#8217;s core ingredient, Xylitol, is a natural sweetener with anti-cavity properties. Xylitol inhibits the growth of caries-causing bacteria in the mouth and reduces the formation of plaque, thus reducing the incidence of tooth decay. In addition, xylitol can provide a fresh taste, improve the oral environment and take care of dental health. [&hellip;]","protected":false},"featured_media":678,"menu_order":0,"template":"","meta":[],"product-tag":[201,206,207,208,212,213,216],"products":[72],"class_list":["post-677","product","type-product","status-publish","has-post-thumbnail","hentry","product-tag-mouthwash-manufacturer","product-tag-mouthwash-companies","product-tag-mouthwash-factory","product-tag-mouthwash-suppliers","product-tag-mouthwash-contract-manufacturer","product-tag-antiseptic-mouthwashes-manufacturer","product-tag-private-label-mouthwash-manufacturers","products-mouthwash"],"acf":[],"_links":{"self":[{"href":"https:\/\/www.ruiqigo.com\/de\/wp-json\/wp\/v2\/product\/677","targetHints":{"allow":["GET"]}}],"collection":[{"href":"https:\/\/www.ruiqigo.com\/de\/wp-json\/wp\/v2\/product"}],"about":[{"href":"https:\/\/www.ruiqigo.com\/de\/wp-json\/wp\/v2\/types\/product"}],"version-history":[{"count":0,"href":"https:\/\/www.ruiqigo.com\/de\/wp-json\/wp\/v2\/product\/677\/revisions"}],"wp:featuredmedia":[{"embeddable":true,"href":"https:\/\/www.ruiqigo.com\/de\/wp-json\/wp\/v2\/media\/678"}],"wp:attachment":[{"href":"https:\/\/www.ruiqigo.com\/de\/wp-json\/wp\/v2\/media?parent=677"}],"wp:term":[{"taxonomy":"product-tag","embeddable":true,"href":"https:\/\/www.ruiqigo.com\/de\/wp-json\/wp\/v2\/product-tag?post=677"},{"taxonomy":"products","embeddable":true,"href":"https:\/\/www.ruiqigo.com\/de\/wp-json\/wp\/v2\/products?post=677"}],"curies":[{"name":"wp","href":"https:\/\/api.w.org\/{rel}","templated":true}]}}