{"id":682,"date":"2024-07-25T16:21:43","date_gmt":"2024-07-25T08:21:43","guid":{"rendered":"https:\/\/ruiqigo.com\/?post_type=product&#038;p=682"},"modified":"2025-09-03T15:22:15","modified_gmt":"2025-09-03T07:22:15","slug":"baking-soda-mouthwash","status":"publish","type":"product","link":"https:\/\/www.ruiqigo.com\/de\/product\/baking-soda-mouthwash","title":{"rendered":"Mundwasser mit Backpulver"},"content":{"rendered":"<h2 class=\"wp-block-heading\">Allgemeine Formeln<\/h2>\n\n\n\n<p><strong>Natriumbicarbonat<\/strong>, der Hauptbestandteil von Backpulver-Mundwasser, hat eine sanfte Schrubbwirkung, die Flecken und Plaque effektiv von der Zahnoberfl\u00e4che entfernt. Natriumbikarbonat kann auch dabei helfen, Munds\u00e4uren zu neutralisieren und die Mundumgebung zu verbessern, was Karies und Parodontitis vorbeugt. Dar\u00fcber hinaus ist Natriumbikarbonat f\u00fcr den menschlichen K\u00f6rper unsch\u00e4dlich und f\u00fcr die Langzeitanwendung geeignet.<\/p>\n\n\n\n<h2 class=\"wp-block-heading\">Anwendbares Szenario<\/h2>\n\n\n\n<p>Mundwasser mit Natron eignet sich f\u00fcr viele Situationen, insbesondere aber f\u00fcr folgende Gelegenheiten: <\/p>\n\n\n\n<p>1. nach den Mahlzeiten, um Speisereste wirksam zu entfernen und die Z\u00e4hne zu sch\u00fctzen; <\/p>\n\n\n\n<p>2. um nach durchwachten N\u00e4chten und Rauchen den schlechten Geschmack im Mund zu reduzieren und die Zahngesundheit zu pflegen; <\/p>\n\n\n\n<p>3. bei besonderen Anl\u00e4ssen wie Hochzeiten, Vorstellungsgespr\u00e4chen usw., um den Atem frisch zu halten; <\/p>\n\n\n\n<p>4. Zur Unterst\u00fctzung der Reinigung der Mundh\u00f6hle nach der Behandlung von Munderkrankungen.<\/p>\n\n\n\n<h2 class=\"wp-block-heading\">Anwendbare Bev\u00f6lkerung<\/h2>\n\n\n\n<p>Mundwasser mit Backpulver ist f\u00fcr ein breites Spektrum von Menschen geeignet und wird insbesondere f\u00fcr folgende Verbraucher empfohlen: <\/p>\n\n\n\n<p>1. Menschen mit Flecken auf der Zahnoberfl\u00e4che m\u00fcssen beim Entfernen der Flecken vorsichtig sein. <\/p>\n\n\n\n<p>2. Menschen mit hohem S\u00e4uregehalt im Mund m\u00fcssen die Mundumgebung verbessern; <\/p>\n\n\n\n<p>3. \u00c4ltere Menschen m\u00fcssen ihre Z\u00e4hne sanft reinigen, um Parodontitis vorzubeugen. <\/p>\n\n\n\n<p>4. Kinder und Jugendliche, um gute Mundhygienegewohnheiten zu entwickeln.<\/p>\n\n\n\n<h2 class=\"wp-block-heading\">Produktionsprozess<\/h2>\n\n\n\n<p>Um die Qualit\u00e4t des Backpulver-Mundwassers sicherzustellen, wenden wir das folgende spezielle Produktionsverfahren an: <\/p>\n\n\n\n<p>1. strenge Pr\u00fcfung der Natriumbicarbonat-Rohstoffe, um deren Reinheit und Qualit\u00e4t sicherzustellen; <\/p>\n\n\n\n<p>2. genaue Kontrolle der zugesetzten Natriumbicarbonatmenge, um sicherzustellen, dass das Produkt schonend ist und eine dekontaminationsf\u00f6rdernde Wirkung hat; <\/p>\n\n\n\n<p>3. Durch den Einsatz einer Niedertemperatur-Mischtechnologie wird die Aktivit\u00e4t des Natriumbicarbonats vollst\u00e4ndig freigesetzt. <\/p>\n\n\n\n<p>4. aseptische Abf\u00fcllung, um die Sicherheit und Hygiene des Produkts zu gew\u00e4hrleisten; <\/p>\n\n\n\n<p>5. Umfassende Qualit\u00e4tskontrolle, um sicherzustellen, dass jede Flasche Backpulver-Mundwasser sicher und hygienisch ist. Qualit\u00e4tskontrolle, um sicherzustellen, dass jede Flasche Backpulver-Mundwasser dem nationalen Standard entspricht. <\/p>\n\n\n\n<p>Durch den oben beschriebenen Prozess bieten wir Ihnen ein hochwertiges und zuverl\u00e4ssiges Mundpflegeprodukt.<\/p>","protected":false},"excerpt":{"rendered":"Common Formulas Sodium bicarbonate, the core ingredient of Baking Soda Mouthwash, has a gentle scrubbing action that effectively removes stains and plaque from the surface of teeth. Sodium bicarbonate can also help neutralize oral acids and improve the oral environment, which helps prevent tooth decay and periodontal disease. In addition, sodium bicarbonate is harmless to [&hellip;]","protected":false},"featured_media":688,"menu_order":0,"template":"","meta":[],"product-tag":[201,206,207,208,211,212,216],"products":[72],"class_list":["post-682","product","type-product","status-publish","has-post-thumbnail","hentry","product-tag-mouthwash-manufacturer","product-tag-mouthwash-companies","product-tag-mouthwash-factory","product-tag-mouthwash-suppliers","product-tag-alkaline-mouthwash-manufacturer","product-tag-mouthwash-contract-manufacturer","product-tag-private-label-mouthwash-manufacturers","products-mouthwash"],"acf":[],"_links":{"self":[{"href":"https:\/\/www.ruiqigo.com\/de\/wp-json\/wp\/v2\/product\/682","targetHints":{"allow":["GET"]}}],"collection":[{"href":"https:\/\/www.ruiqigo.com\/de\/wp-json\/wp\/v2\/product"}],"about":[{"href":"https:\/\/www.ruiqigo.com\/de\/wp-json\/wp\/v2\/types\/product"}],"version-history":[{"count":0,"href":"https:\/\/www.ruiqigo.com\/de\/wp-json\/wp\/v2\/product\/682\/revisions"}],"wp:featuredmedia":[{"embeddable":true,"href":"https:\/\/www.ruiqigo.com\/de\/wp-json\/wp\/v2\/media\/688"}],"wp:attachment":[{"href":"https:\/\/www.ruiqigo.com\/de\/wp-json\/wp\/v2\/media?parent=682"}],"wp:term":[{"taxonomy":"product-tag","embeddable":true,"href":"https:\/\/www.ruiqigo.com\/de\/wp-json\/wp\/v2\/product-tag?post=682"},{"taxonomy":"products","embeddable":true,"href":"https:\/\/www.ruiqigo.com\/de\/wp-json\/wp\/v2\/products?post=682"}],"curies":[{"name":"wp","href":"https:\/\/api.w.org\/{rel}","templated":true}]}}