{"id":683,"date":"2024-07-25T16:08:00","date_gmt":"2024-07-25T08:08:00","guid":{"rendered":"https:\/\/ruiqigo.com\/?post_type=product&#038;p=683"},"modified":"2025-09-03T15:22:21","modified_gmt":"2025-09-03T07:22:21","slug":"antibiotic-mouthwash","status":"publish","type":"product","link":"https:\/\/www.ruiqigo.com\/de\/product\/antibiotic-mouthwash","title":{"rendered":"Antibiotisches Mundwasser"},"content":{"rendered":"<h2 class=\"wp-block-heading\">Allgemeine Formeln<\/h2>\n\n\n\n<p>Die Hauptbestandteile des antibiotischen Mundwassers, <strong>PEG-40 hydriertes Rizinus\u00f6l<\/strong>, <strong>Pfefferminz\u00f6l<\/strong> Und <strong>Didecyldimethylammoniumchlorid<\/strong>sind antimikrobielle Breitbandmittel, die das Bakterienwachstum in der Mundh\u00f6hle wirksam hemmen und Munderkrankungen vorbeugen k\u00f6nnen. PEG-40 hydriertes Rizinus\u00f6l und Pfefferminz\u00f6l haben eine milde desinfizierende Wirkung, die schlechte Ger\u00fcche wirksam entfernen und das Mundh\u00f6hlenmilieu verbessern kann. Didecyldimethylammoniumchlorid ist f\u00fcr den menschlichen K\u00f6rper unsch\u00e4dlich und f\u00fcr die Langzeitanwendung geeignet.<\/p>\n\n\n\n<h2 class=\"wp-block-heading\">Anwendbare Szenarien<\/h2>\n\n\n\n<p>Antibiotika-Mundsp\u00fclungen eignen sich f\u00fcr viele Situationen, insbesondere aber f\u00fcr folgende Gelegenheiten: <\/p>\n\n\n\n<p>1. Nach den Mahlzeiten verwenden, um Speisereste wirksam zu entfernen und einen frischen Atem zu bewahren; <\/p>\n\n\n\n<p>2. nach durchwachten N\u00e4chten und Rauchen, um den schlechten Geschmack im Mund zu reduzieren und die Zahngesundheit zu pflegen; <\/p>\n\n\n\n<p>3. bei besonderen Anl\u00e4ssen wie Hochzeiten, Vorstellungsgespr\u00e4chen usw., um frischen Atem zu bewahren; <\/p>\n\n\n\n<p>4. Zur Unterst\u00fctzung der Reinigung der Mundh\u00f6hle nach der Behandlung von Munderkrankungen.<\/p>\n\n\n\n<h2 class=\"wp-block-heading\">F\u00fcr wen ist antibiotisches Mundwasser geeignet?<\/h2>\n\n\n\n<p>Antibiotika-Mundwasser ist f\u00fcr ein breites Spektrum von Menschen geeignet, wird aber besonders f\u00fcr folgende Verbraucher empfohlen: <\/p>\n\n\n\n<p>1. Menschen, die unter Mundgeruch leiden, wie z. B. Raucher, bleiben oft lange auf; <\/p>\n\n\n\n<p>2. Menschen mit empfindlichen Z\u00e4hnen, die eine sanfte Reinigung der Menge ben\u00f6tigen; <\/p>\n\n\n\n<p>3. Diabetiker m\u00fcssen aufgrund des hohen Risikos einer Parodontitis besonders auf die Mundhygiene achten. <\/p>\n\n\n\n<p>4. Ich m\u00f6chte eine neue Art von Mundhygieneprodukten ausprobieren, die den Verbrauchern Spa\u00df machen! Antibiotika-Mundwasser sorgt f\u00fcr Mundgesundheit.<\/p>\n\n\n\n<h2 class=\"wp-block-heading\">Produktionsprozess<\/h2>\n\n\n\n<p>Um die Qualit\u00e4t des antibiotischen Mundwassers sicherzustellen, wenden wir das folgende spezielle Produktionsverfahren an: <\/p>\n\n\n\n<p>1. Die Rohstoffe PEG-40 hydriertes Rizinus\u00f6l, Pfefferminz\u00f6l und Didecyldimethylammoniumchlorid werden streng gepr\u00fcft, um ihre Reinheit und Qualit\u00e4t sicherzustellen. <\/p>\n\n\n\n<p>2. Pr\u00e4zise Kontrolle der Menge der hinzugef\u00fcgten Rohstoffe, um sicherzustellen, dass das Produkt sicher und wirksam ist; <\/p>\n\n\n\n<p>3. Einsatz der Niedertemperatur-Mischtechnologie, um die Aktivit\u00e4t der Rohstoffe optimal freizusetzen; <\/p>\n\n\n\n<p>4. Aseptische Abf\u00fcllung, um sicherzustellen, dass das Produkt sicher und hygienisch ist;<\/p>\n\n\n\n<p>5. Vollst\u00e4ndige Qualit\u00e4tskontrolle, um sicherzustellen, dass jede Flasche antibiotisches Mundwasser den nationalen Standards entspricht. Durch den oben genannten Prozess bieten wir Ihnen ein qualitativ hochwertiges und zuverl\u00e4ssiges Mundpflegeprodukt.<\/p>","protected":false},"excerpt":{"rendered":"Common Formulas The core ingredients of Antibiotic Mouthwash, PEG-40 Hydrogenated Castor Oil, Peppermint Oil and Didecyldimethylammonium Chloride, are broad-spectrum antimicrobial agents that can effectively inhibit the growth of bacteria in the oral cavity and prevent oral diseases. PEG-40 Hydrogenated Castor Oil and Peppermint Oil have a mild disinfectant effect, which can effectively remove bad odors [&hellip;]","protected":false},"featured_media":684,"menu_order":0,"template":"","meta":[],"product-tag":[201,206,207,208,212,213,214],"products":[72],"class_list":["post-683","product","type-product","status-publish","has-post-thumbnail","hentry","product-tag-mouthwash-manufacturer","product-tag-mouthwash-companies","product-tag-mouthwash-factory","product-tag-mouthwash-suppliers","product-tag-mouthwash-contract-manufacturer","product-tag-antiseptic-mouthwashes-manufacturer","product-tag-mouthwash-manufacturers-usa","products-mouthwash"],"acf":[],"_links":{"self":[{"href":"https:\/\/www.ruiqigo.com\/de\/wp-json\/wp\/v2\/product\/683","targetHints":{"allow":["GET"]}}],"collection":[{"href":"https:\/\/www.ruiqigo.com\/de\/wp-json\/wp\/v2\/product"}],"about":[{"href":"https:\/\/www.ruiqigo.com\/de\/wp-json\/wp\/v2\/types\/product"}],"version-history":[{"count":0,"href":"https:\/\/www.ruiqigo.com\/de\/wp-json\/wp\/v2\/product\/683\/revisions"}],"wp:featuredmedia":[{"embeddable":true,"href":"https:\/\/www.ruiqigo.com\/de\/wp-json\/wp\/v2\/media\/684"}],"wp:attachment":[{"href":"https:\/\/www.ruiqigo.com\/de\/wp-json\/wp\/v2\/media?parent=683"}],"wp:term":[{"taxonomy":"product-tag","embeddable":true,"href":"https:\/\/www.ruiqigo.com\/de\/wp-json\/wp\/v2\/product-tag?post=683"},{"taxonomy":"products","embeddable":true,"href":"https:\/\/www.ruiqigo.com\/de\/wp-json\/wp\/v2\/products?post=683"}],"curies":[{"name":"wp","href":"https:\/\/api.w.org\/{rel}","templated":true}]}}