{"id":692,"date":"2024-07-25T20:26:42","date_gmt":"2024-07-25T12:26:42","guid":{"rendered":"https:\/\/ruiqigo.com\/?post_type=product&#038;p=692"},"modified":"2025-09-03T15:22:06","modified_gmt":"2025-09-03T07:22:06","slug":"nystatin-mouthwash","status":"publish","type":"product","link":"https:\/\/www.ruiqigo.com\/de\/product\/nystatin-mouthwash","title":{"rendered":"Nystatin Mundwasser"},"content":{"rendered":"<h2 class=\"wp-block-heading\">Allgemeine Formeln<\/h2>\n\n\n\n<p>Der Hauptbestandteil von Nystatin Mundwasser, <strong>Mykotoxin<\/strong>ist ein Breitband-Antibiotikum, das das Bakterienwachstum im Mund wirksam hemmen und Munderkrankungen vorbeugen kann. Es ist f\u00fcr den menschlichen K\u00f6rper unsch\u00e4dlich und f\u00fcr die Langzeitanwendung geeignet. <\/p>\n\n\n\n<p><strong>PEG-40 hydriertes Rizinus\u00f6l<\/strong> hat eine milde desinfizierende Wirkung, die Mundgeruch wirksam entfernen und das Mundmilieu verbessern kann. <\/p>\n\n\n\n<p>Zus\u00e4tzlich, <strong>Erdbeere, Orange, Zimt, gr\u00fcner Tee, Minze und andere Geschmacksrichtungen<\/strong> kann f\u00fcr einen frischen Geschmack sorgen und bei der Linderung von Mundbeschwerden helfen.<\/p>\n\n\n\n<h2 class=\"wp-block-heading\">Anwendbare Szenarien<\/h2>\n\n\n\n<p>Nystatin-Mundwasser kann in vielen Situationen verwendet werden, insbesondere bei folgenden Gelegenheiten: <\/p>\n\n\n\n<p>1. nach dem Essen, um Speisereste wirksam zu entfernen und den Atem frisch zu halten; <\/p>\n\n\n\n<p>2. nach durchwachten N\u00e4chten und Rauchen, um Mundgeruch zu reduzieren und die Zahngesundheit zu pflegen; <\/p>\n\n\n\n<p>3. bei besonderen Anl\u00e4ssen wie Hochzeiten, Vorstellungsgespr\u00e4chen usw., um den Atem frisch zu halten; <\/p>\n\n\n\n<p>4. Zur Unterst\u00fctzung der Reinigung der Mundh\u00f6hle nach der Behandlung von Munderkrankungen.<\/p>\n\n\n\n<h2 class=\"wp-block-heading\">F\u00fcr wen ist Nystatin Mundwasser geeignet?<\/h2>\n\n\n\n<p>Nystatin Mundwasser ist f\u00fcr ein breites Personenspektrum geeignet, wird aber insbesondere f\u00fcr folgende Verbraucher empfohlen: <\/p>\n\n\n\n<p>1. Menschen, die unter Mundgeruch leiden, wie z. B. Raucher, bleiben oft lange auf; <\/p>\n\n\n\n<p>2. Menschen mit empfindlichen Z\u00e4hnen m\u00fcssen die Menge sanft reinigen; <\/p>\n\n\n\n<p>3. Diabetiker m\u00fcssen aufgrund des hohen Risikos einer Parodontitis besonders auf die Mundpflege achten. <\/p>\n\n\n\n<p>4. Ich m\u00f6chte eine neue Art von Mundpflegeprodukten ausprobieren, an denen die Verbraucher Freude haben! Nystatin-Mundwasser sorgt f\u00fcr Mundgesundheit.<\/p>\n\n\n\n<h2 class=\"wp-block-heading\">Produktionsprozess<\/h2>\n\n\n\n<p>Um die Qualit\u00e4t des Nystatin-Mundwassers sicherzustellen, wenden wir das folgende spezielle Produktionsverfahren an: <\/p>\n\n\n\n<p>1. Strenge Pr\u00fcfung der Rohstoffe Mycophenols\u00e4ure und PEG-40 hydriertes Rizinus\u00f6l, um deren Reinheit und Qualit\u00e4t sicherzustellen; <\/p>\n\n\n\n<p>2. Pr\u00e4zise Kontrolle der Menge der hinzugef\u00fcgten Rohstoffe, um sicherzustellen, dass das Produkt sicher und wirksam ist; <\/p>\n\n\n\n<p>3. Durch den Einsatz der Niedertemperatur-Mischtechnologie k\u00f6nnen die Rohstoffe ihre Aktivit\u00e4t bei der aseptischen Abf\u00fcllung vollst\u00e4ndig freisetzen und so die Sicherheit und Hygiene des Produkts gew\u00e4hrleisten. <\/p>\n\n\n\n<p>4. Umfassende Qualit\u00e4tskontrolle, um sicherzustellen, dass das Produkt sicher und hygienisch ist; <\/p>\n\n\n\n<p>5. Der gesamte Prozess der Qualit\u00e4tskontrolle stellt sicher, dass jede Flasche Nystatin-Mundwasser den nationalen Standards entspricht. <\/p>\n\n\n\n<p>Durch den oben beschriebenen Prozess bieten wir Ihnen ein hochwertiges und zuverl\u00e4ssiges Mundpflegeprodukt.<\/p>","protected":false},"excerpt":{"rendered":"Common Formulas The core ingredient of Nystatin Mouthwash, mycotoxin, is a broad-spectrum antimicrobial agent that can effectively inhibit the growth of bacteria in the mouth and prevent oral diseases. It is harmless to human body and suitable for long-term use. PEG-40 hydrogenated castor oil has a mild disinfectant effect, which can effectively remove oral odor [&hellip;]","protected":false},"featured_media":698,"menu_order":0,"template":"","meta":[],"product-tag":[201,206,207,208,212,213,216],"products":[72],"class_list":["post-692","product","type-product","status-publish","has-post-thumbnail","hentry","product-tag-mouthwash-manufacturer","product-tag-mouthwash-companies","product-tag-mouthwash-factory","product-tag-mouthwash-suppliers","product-tag-mouthwash-contract-manufacturer","product-tag-antiseptic-mouthwashes-manufacturer","product-tag-private-label-mouthwash-manufacturers","products-mouthwash"],"acf":[],"_links":{"self":[{"href":"https:\/\/www.ruiqigo.com\/de\/wp-json\/wp\/v2\/product\/692","targetHints":{"allow":["GET"]}}],"collection":[{"href":"https:\/\/www.ruiqigo.com\/de\/wp-json\/wp\/v2\/product"}],"about":[{"href":"https:\/\/www.ruiqigo.com\/de\/wp-json\/wp\/v2\/types\/product"}],"version-history":[{"count":0,"href":"https:\/\/www.ruiqigo.com\/de\/wp-json\/wp\/v2\/product\/692\/revisions"}],"wp:featuredmedia":[{"embeddable":true,"href":"https:\/\/www.ruiqigo.com\/de\/wp-json\/wp\/v2\/media\/698"}],"wp:attachment":[{"href":"https:\/\/www.ruiqigo.com\/de\/wp-json\/wp\/v2\/media?parent=692"}],"wp:term":[{"taxonomy":"product-tag","embeddable":true,"href":"https:\/\/www.ruiqigo.com\/de\/wp-json\/wp\/v2\/product-tag?post=692"},{"taxonomy":"products","embeddable":true,"href":"https:\/\/www.ruiqigo.com\/de\/wp-json\/wp\/v2\/products?post=692"}],"curies":[{"name":"wp","href":"https:\/\/api.w.org\/{rel}","templated":true}]}}