{"id":693,"date":"2024-07-25T17:01:57","date_gmt":"2024-07-25T09:01:57","guid":{"rendered":"https:\/\/ruiqigo.com\/?post_type=product&#038;p=693"},"modified":"2024-11-01T14:20:14","modified_gmt":"2024-11-01T06:20:14","slug":"cinnamon-breath-spray","status":"publish","type":"product","link":"https:\/\/www.ruiqigo.com\/de\/product\/cinnamon-breath-spray","title":{"rendered":"Zimt-Atemspray"},"content":{"rendered":"<h2 class=\"wp-block-heading\">Herstellung g\u00e4ngiger Formeln f\u00fcr Zimt-Atemspray<\/h2>\n\n\n\n<p>Die Hauptbestandteile des Zimt-Atemsprays, darunter Melaleuca alternifolia-Blatt\u00f6l, Teeblattextrakt, Myrrhe\u00f6l und Zimt\u00f6l, haben ein einzigartiges und erfrischendes Aroma. Diese Inhaltsstoffe k\u00f6nnen das Bakterienwachstum im Mund wirksam hemmen und Munderkrankungen vorbeugen. Teeblattextrakt, der reich an Antioxidantien ist, kann Mundger\u00fcche wirksam entfernen, w\u00e4hrend Myrrhe\u00f6l und Zimt\u00f6l stark antibakteriell wirken und zur Verbesserung der Mundumgebung beitragen.<\/p>\n\n\n\n<h2 class=\"wp-block-heading\">Anwendungsszenarien f\u00fcr Zimt-Atemspray<\/h2>\n\n\n\n<p>Zimt-Atemspray kann in vielen Situationen verwendet werden, insbesondere bei folgenden Gelegenheiten: <\/p>\n\n\n\n<p>1. nach den Mahlzeiten, um Speisereste wirksam zu entfernen und einen frischen Atem zu bewahren; <\/p>\n\n\n\n<p>2. nach durchwachten N\u00e4chten und Rauchen, um Mundgeruch zu reduzieren und die Zahngesundheit zu pflegen; <\/p>\n\n\n\n<p>3. bei besonderen Anl\u00e4ssen wie Hochzeiten, Vorstellungsgespr\u00e4chen usw., um frischen Atem zu bewahren; <\/p>\n\n\n\n<p>4. Zur Unterst\u00fctzung der Reinigung der Mundh\u00f6hle nach der Behandlung von Munderkrankungen.<\/p>\n\n\n\n<h2 class=\"wp-block-heading\">F\u00fcr wen ist Zimt-Atemspray geeignet?<\/h2>\n\n\n\n<p>Zimt-Atemspray ist f\u00fcr ein breites Personenspektrum geeignet, wird aber insbesondere f\u00fcr folgende Verbraucher empfohlen: <\/p>\n\n\n\n<p>1. Menschen, die unter Mundgeruch leiden, wie z. B. Raucher und Menschen, die oft bis sp\u00e4t in die Nacht aufbleiben; <\/p>\n\n\n\n<p>2. Menschen, die empfindliche Z\u00e4hne haben und eine sanfte Reinigung ben\u00f6tigen; <\/p>\n\n\n\n<p>3. Diabetiker, bei denen ein hohes Risiko f\u00fcr Parodontitis besteht und die besondere Aufmerksamkeit auf die Mundpflege richten m\u00fcssen; <\/p>\n\n\n\n<p>4. Verbraucher, die gerne neue Mundpflegeprodukte ausprobieren und die Vorteile von Cinnamon Breath Spray genie\u00dfen. Cinnamon Breath Spray sorgt f\u00fcr Mundgesundheit.<\/p>\n\n\n\n<h2 class=\"wp-block-heading\">Herstellungsprozess von Zimt-Atemspray<\/h2>\n\n\n\n<p>Als professioneller Hersteller von Zimt-Atemspray wenden wir das folgende spezielle Produktionsverfahren an: <\/p>\n\n\n\n<p>1. Die Rohstoffe Melaleuca alternifolia-Blatt\u00f6l, Teeblattextrakt, Myrrhe\u00f6l und Zimt\u00f6l werden streng gepr\u00fcft, um ihre Reinheit und Qualit\u00e4t sicherzustellen. <\/p>\n\n\n\n<p>2. Kontrollieren Sie die Menge der hinzugef\u00fcgten Rohstoffe genau, um sicherzustellen, dass das Produkt sicher und wirksam ist. <\/p>\n\n\n\n<p>3. Einsatz einer Niedertemperatur-Mischtechnologie, um die Aktivit\u00e4t der Rohstoffe vollst\u00e4ndig freizusetzen; <\/p>\n\n\n\n<p>4. Aseptische Abf\u00fcllung, um sicherzustellen, dass das Produkt sicher und hygienisch ist;  <\/p>\n\n\n\n<p>5. Vollst\u00e4ndige Qualit\u00e4tskontrolle, um sicherzustellen, dass jede Flasche Zimt-Atemspray den nationalen Standards entspricht. <\/p>\n\n\n\n<p>Durch den oben beschriebenen Prozess bieten wir Ihnen als seri\u00f6ser Hersteller von Zimt-Atemspray ein qualitativ hochwertiges und zuverl\u00e4ssiges Produkt zur Mundpflege.<\/p>","protected":false},"excerpt":{"rendered":"Cinnamon Breath spray manufacturing common formulas The core ingredients of Cinnamon Breath Spray, including Melaleuca alternifolia leaf oil, tea leaf extract, myrrh oil and cinnamon oil, have a unique and refreshing aroma. These ingredients can effectively inhibit the growth of bacteria in the mouth and prevent oral diseases. Tea leaf extract, which is rich in [&hellip;]","protected":false},"featured_media":694,"menu_order":0,"template":"","meta":[],"product-tag":[],"products":[73],"class_list":["post-693","product","type-product","status-publish","has-post-thumbnail","hentry","products-breath-spray"],"acf":[],"_links":{"self":[{"href":"https:\/\/www.ruiqigo.com\/de\/wp-json\/wp\/v2\/product\/693","targetHints":{"allow":["GET"]}}],"collection":[{"href":"https:\/\/www.ruiqigo.com\/de\/wp-json\/wp\/v2\/product"}],"about":[{"href":"https:\/\/www.ruiqigo.com\/de\/wp-json\/wp\/v2\/types\/product"}],"version-history":[{"count":0,"href":"https:\/\/www.ruiqigo.com\/de\/wp-json\/wp\/v2\/product\/693\/revisions"}],"wp:featuredmedia":[{"embeddable":true,"href":"https:\/\/www.ruiqigo.com\/de\/wp-json\/wp\/v2\/media\/694"}],"wp:attachment":[{"href":"https:\/\/www.ruiqigo.com\/de\/wp-json\/wp\/v2\/media?parent=693"}],"wp:term":[{"taxonomy":"product-tag","embeddable":true,"href":"https:\/\/www.ruiqigo.com\/de\/wp-json\/wp\/v2\/product-tag?post=693"},{"taxonomy":"products","embeddable":true,"href":"https:\/\/www.ruiqigo.com\/de\/wp-json\/wp\/v2\/products?post=693"}],"curies":[{"name":"wp","href":"https:\/\/api.w.org\/{rel}","templated":true}]}}