{"id":708,"date":"2024-07-25T20:42:48","date_gmt":"2024-07-25T12:42:48","guid":{"rendered":"https:\/\/ruiqigo.com\/?post_type=product&#038;p=708"},"modified":"2024-11-01T14:19:30","modified_gmt":"2024-11-01T06:19:30","slug":"xylitol-breath-spray","status":"publish","type":"product","link":"https:\/\/www.ruiqigo.com\/de\/product\/xylitol-breath-spray","title":{"rendered":"Xylitol-Atemspray"},"content":{"rendered":"<h2 class=\"wp-block-heading\">Herstellung von Xylitol-Atemsprays \u2013 g\u00e4ngige Formeln<\/h2>\n\n\n\n<p>Der Hauptbestandteil des Xylitol-Atemsprays, Xylitol, ist ein nat\u00fcrlicher S\u00fc\u00dfstoff mit karieshemmenden Eigenschaften. Xylitol hemmt das Wachstum kariesverursachender Bakterien im Mund und verringert die Bildung von Plaque, wodurch das Auftreten von Karies verringert wird. Dar\u00fcber hinaus kann Xylitol f\u00fcr einen frischen Geschmack sorgen, das Mundklima verbessern und f\u00fcr die Zahngesundheit sorgen.<\/p>\n\n\n\n<h2 class=\"wp-block-heading\">Anwendungsszenarien f\u00fcr Xylitol-Atemspray<\/h2>\n\n\n\n<p>Xylitol-Atemspray kann in vielen Situationen verwendet werden, insbesondere bei folgenden Gelegenheiten: <\/p>\n\n\n\n<p>1. Nach dem Essen Speisereste wirksam entfernen und den Atem frisch halten. <\/p>\n\n\n\n<p>2. Reduzieren Sie nach langem Aufbleiben oder Rauchen den schlechten Geschmack im Mund und achten Sie auf die Gesundheit der Z\u00e4hne. <\/p>\n\n\n\n<p>3. besondere Anl\u00e4sse wie Hochzeiten, Vorstellungsgespr\u00e4che usw., um den Atem frisch zu halten; <\/p>\n\n\n\n<p>4. Zur Unterst\u00fctzung der Reinigung der Mundh\u00f6hle nach der Behandlung von Munderkrankungen.<\/p>\n\n\n\n<h2 class=\"wp-block-heading\">F\u00fcr wen ist Xylitol Atemspray geeignet<\/h2>\n\n\n\n<p>Xylitol Atemspray ist f\u00fcr ein breites Personenspektrum geeignet, wird aber insbesondere f\u00fcr folgende Verbraucher empfohlen: <\/p>\n\n\n\n<p>1. Menschen, die unter Mundgeruch leiden, wie z. B. Raucher und Menschen, die oft bis sp\u00e4t in die Nacht aufbleiben; <\/p>\n\n\n\n<p>2. Menschen, die empfindliche Z\u00e4hne haben und eine sanfte Reinigung ben\u00f6tigen; <\/p>\n\n\n\n<p>3. Diabetiker, bei denen ein hohes Risiko f\u00fcr Parodontitis besteht und die besondere Aufmerksamkeit auf die Mundpflege richten m\u00fcssen; <\/p>\n\n\n\n<p>4. Verbraucher, die gerne neue Mundpflegeprodukte ausprobieren, um die Vorteile des Produkts zu genie\u00dfen. Xylitol Breath Spray sorgt f\u00fcr Mundgesundheit.<\/p>\n\n\n\n<h2 class=\"wp-block-heading\">Herstellungsprozess von Xylitol-Atemspray<\/h2>\n\n\n\n<p>Als renommierter Hersteller von Xylitol-Atemsprays wenden wir das folgende spezielle Produktionsverfahren an: <\/p>\n\n\n\n<p>1. strenge Pr\u00fcfung der Xylitol-Rohstoffe, um deren Reinheit und Qualit\u00e4t sicherzustellen; <\/p>\n\n\n\n<p>2. genaue Kontrolle der zugesetzten Xylitolmenge, um die Sicherheit und Wirksamkeit des Produkts zu gew\u00e4hrleisten;<\/p>\n\n\n\n<p>3. Durch die Verwendung einer Niedertemperatur-Mischtechnologie wird die Aktivit\u00e4t des Xylitols vollst\u00e4ndig freigesetzt. <\/p>\n\n\n\n<p>4. aseptische Abf\u00fcllung, um die Sicherheit und Hygiene des Produkts zu gew\u00e4hrleisten; <\/p>\n\n\n\n<p>5. der gesamte Prozess der Qualit\u00e4tskontrolle. Stellen Sie sicher, dass jede Flasche Xylitol-Atemspray dem nationalen Standard entspricht.<\/p>\n\n\n\n<p>Durch den oben beschriebenen Prozess bieten wir Ihnen als professioneller Hersteller von Xylitol-Atemsprays ein qualitativ hochwertiges und zuverl\u00e4ssiges Produkt zur Mundpflege.<\/p>","protected":false},"excerpt":{"rendered":"Xylitol breath spray manufacturing common formulas Xylitol Breath Spray&#8217;s core ingredient, xylitol, is a natural sweetener with anti-cavity properties. Xylitol inhibits the growth of caries-causing bacteria in the mouth and reduces the formation of plaque, thus reducing the incidence of tooth decay. In addition, xylitol can provide a fresh taste, improve the oral environment and [&hellip;]","protected":false},"featured_media":713,"menu_order":0,"template":"","meta":[],"product-tag":[],"products":[73],"class_list":["post-708","product","type-product","status-publish","has-post-thumbnail","hentry","products-breath-spray"],"acf":[],"_links":{"self":[{"href":"https:\/\/www.ruiqigo.com\/de\/wp-json\/wp\/v2\/product\/708","targetHints":{"allow":["GET"]}}],"collection":[{"href":"https:\/\/www.ruiqigo.com\/de\/wp-json\/wp\/v2\/product"}],"about":[{"href":"https:\/\/www.ruiqigo.com\/de\/wp-json\/wp\/v2\/types\/product"}],"version-history":[{"count":0,"href":"https:\/\/www.ruiqigo.com\/de\/wp-json\/wp\/v2\/product\/708\/revisions"}],"wp:featuredmedia":[{"embeddable":true,"href":"https:\/\/www.ruiqigo.com\/de\/wp-json\/wp\/v2\/media\/713"}],"wp:attachment":[{"href":"https:\/\/www.ruiqigo.com\/de\/wp-json\/wp\/v2\/media?parent=708"}],"wp:term":[{"taxonomy":"product-tag","embeddable":true,"href":"https:\/\/www.ruiqigo.com\/de\/wp-json\/wp\/v2\/product-tag?post=708"},{"taxonomy":"products","embeddable":true,"href":"https:\/\/www.ruiqigo.com\/de\/wp-json\/wp\/v2\/products?post=708"}],"curies":[{"name":"wp","href":"https:\/\/api.w.org\/{rel}","templated":true}]}}