{"id":10,"date":"2024-04-24T15:45:14","date_gmt":"2024-04-24T07:45:14","guid":{"rendered":"https:\/\/ruiqigo.com\/?page_id=10"},"modified":"2024-12-24T09:57:03","modified_gmt":"2024-12-24T01:57:03","slug":"service","status":"publish","type":"page","link":"https:\/\/www.ruiqigo.com\/es\/service","title":{"rendered":"Servicio"},"content":{"rendered":"<div class=\"wp-block-columns are-vertically-aligned-center mb-60 is-layout-flex wp-container-core-columns-is-layout-9d6595d7 wp-block-columns-is-layout-flex\">\n<div class=\"wp-block-column is-vertically-aligned-center is-layout-flow wp-block-column-is-layout-flow\" style=\"flex-basis:40%\">\n<figure class=\"wp-block-image size-full pr-40\"><img fetchpriority=\"high\" decoding=\"async\" width=\"1000\" height=\"667\" src=\"https:\/\/www.ruiqigo.com\/wp-content\/uploads\/2024\/07\/P4-2-S2-.jpg\" alt=\"servicio\" class=\"wp-image-785\" srcset=\"https:\/\/www.ruiqigo.com\/wp-content\/uploads\/2024\/07\/P4-2-S2-.jpg 1000w, https:\/\/www.ruiqigo.com\/wp-content\/uploads\/2024\/07\/P4-2-S2--768x512.jpg 768w\" sizes=\"(max-width: 1000px) 100vw, 1000px\" \/><\/figure>\n<\/div>\n\n\n\n<div class=\"wp-block-column is-vertically-aligned-center is-layout-flow wp-block-column-is-layout-flow\" style=\"flex-basis:60%\">\n<h2 class=\"wp-block-heading\">Una soluci\u00f3n completa, expectativas superadas<\/h2>\n\n\n\n<div class=\"wp-block-columns mb-40 is-layout-flex wp-container-core-columns-is-layout-9d6595d7 wp-block-columns-is-layout-flex\">\n<div class=\"wp-block-column is-layout-flow wp-block-column-is-layout-flow\">\n<h3 class=\"wp-block-heading\">Unidad de dise\u00f1o<\/h3>\n\n\n\n<p>Equipo de expertos en dise\u00f1o<\/p>\n<\/div>\n\n\n\n<div class=\"wp-block-column is-layout-flow wp-block-column-is-layout-flow\">\n<h3 class=\"wp-block-heading\">Varios materiales de embalaje<\/h3>\n\n\n\n<p>M\u00e1s de 6 tipos de opciones<\/p>\n<\/div>\n<\/div>\n\n\n\n<div class=\"wp-block-columns mb-40 is-layout-flex wp-container-core-columns-is-layout-9d6595d7 wp-block-columns-is-layout-flex\">\n<div class=\"wp-block-column is-layout-flow wp-block-column-is-layout-flow\">\n<h3 class=\"wp-block-heading\">Molduras variadas<\/h3>\n\n\n\n<p>Mantenerse al tanto de las tendencias<\/p>\n<\/div>\n\n\n\n<div class=\"wp-block-column is-layout-flow wp-block-column-is-layout-flow\">\n<h3 class=\"wp-block-heading\">Comunicaci\u00f3n eficaz<\/h3>\n\n\n\n<p>Una cadena de suministro cooperativa<\/p>\n<\/div>\n<\/div>\n\n\n\n<div class=\"wp-block-columns is-layout-flex wp-container-core-columns-is-layout-9d6595d7 wp-block-columns-is-layout-flex\">\n<div class=\"wp-block-column is-layout-flow wp-block-column-is-layout-flow\">\n<h3 class=\"wp-block-heading\">Seguro de calidad<\/h3>\n\n\n\n<p>Equipo de control de calidad especializado<\/p>\n<\/div>\n\n\n\n<div class=\"wp-block-column is-layout-flow wp-block-column-is-layout-flow\">\n<h3 class=\"wp-block-heading\">Servicio de ventas satisfactorio<\/h3>\n\n\n\n<p>Respuesta en 8 horas<\/p>\n<\/div>\n<\/div>\n<\/div>\n<\/div>\n\n\n\n<h2 class=\"wp-block-heading\">Soluciones adaptadas a las necesidades individuales<\/h2>\n\n\n\n<p>Escuchamos, analizamos y ayudamos a nuestros clientes a desarrollar un mercado m\u00e1s amplio con una calidad de producto superior.<\/p>\n\n\n\n<div class=\"wp-block-columns mb-60 is-layout-flex wp-container-core-columns-is-layout-9d6595d7 wp-block-columns-is-layout-flex\">\n<div class=\"wp-block-column is-layout-flow wp-block-column-is-layout-flow\">\n<div class=\"wp-block-group pl-40 pr-40 pt-40 pb-40 has-white-color has-text-color has-background has-link-color wp-elements-89fe601cef7688092ae9c6d48f43f356\" style=\"background-color:#007f44\"><div class=\"wp-block-group__inner-container is-layout-constrained wp-block-group-is-layout-constrained\">\n<h3 class=\"wp-block-heading\">A\u00f1adimos distinci\u00f3n a tu marca<\/h3>\n\n\n\n<p>Dentro de nuestra f\u00e1brica de alta gama, aplicamos varios colores, impresi\u00f3n de superficie y otras opciones personalizadas para que su logotipo y empaque sean m\u00e1s reconocibles para cosm\u00e9ticos y cuidado de la piel de calidad.<\/p>\n<\/div><\/div>\n<\/div>\n\n\n\n<div class=\"wp-block-column is-layout-flow wp-block-column-is-layout-flow\">\n<div class=\"wp-block-group pl-40 pr-40 pt-40 pb-40 has-background\" style=\"background-color:#007f44\"><div class=\"wp-block-group__inner-container is-layout-constrained wp-block-group-is-layout-constrained\">\n<h3 class=\"wp-block-heading has-white-color has-text-color has-link-color wp-elements-79e67b2ce6c99588385d2c8c46194a6b\">Prometemos calidad en su distribuci\u00f3n<\/h3>\n\n\n\n<p class=\"has-white-color has-text-color has-link-color wp-elements-b964fd86f34e6f5a1022559ebd826640\">Nuestro equipo de producci\u00f3n diaria de productos qu\u00edmicos altamente eficiente y automatizado nos permite mantenernos al d\u00eda con las tendencias del mercado y garantizar que se puedan entregar pedidos grandes de manera oportuna.<\/p>\n<\/div><\/div>\n<\/div>\n<\/div>\n\n\n\n<h2 class=\"wp-block-heading\">Un servicio atento que le ahorrar\u00e1 su valioso tiempo<\/h2>\n\n\n\n<p>Nos especializamos en hacer que su negocio prospere mediante la elaboraci\u00f3n de estrategias y el asesoramiento de expertos. Un embalaje de calidad para cosm\u00e9ticos puede ahorrarle considerables costos de inversi\u00f3n inicial, mientras que un servicio oportuno y considerado puede ahorrarle costos de tiempo despu\u00e9s de la venta.<\/p>\n\n\n\n<div class=\"wp-block-columns mb-40 is-layout-flex wp-container-core-columns-is-layout-9d6595d7 wp-block-columns-is-layout-flex\">\n<div class=\"wp-block-column is-layout-flow wp-block-column-is-layout-flow\">\n<h2 class=\"wp-block-heading\">N\u00b01<\/h2>\n\n\n\n<h4 class=\"wp-block-heading\">Consulta y comunicaci\u00f3n<\/h4>\n\n\n\n<p>Equipo de expertos para la respuesta<\/p>\n<\/div>\n\n\n\n<div class=\"wp-block-column is-layout-flow wp-block-column-is-layout-flow\">\n<h2 class=\"wp-block-heading\">N\u00b02<\/h2>\n\n\n\n<h4 class=\"wp-block-heading\">Fabricaci\u00f3n y muestreo<\/h4>\n\n\n\n<p>Tecnolog\u00eda moderna<\/p>\n<\/div>\n<\/div>\n\n\n\n<div class=\"wp-block-columns is-layout-flex wp-container-core-columns-is-layout-9d6595d7 wp-block-columns-is-layout-flex\">\n<div class=\"wp-block-column is-layout-flow wp-block-column-is-layout-flow\">\n<h2 class=\"wp-block-heading\">N\u00b03<\/h2>\n\n\n\n<h4 class=\"wp-block-heading\">Producci\u00f3n y almacenamiento<\/h4>\n\n\n\n<p>Excelencia en el control de calidad<\/p>\n<\/div>\n\n\n\n<div class=\"wp-block-column is-layout-flow wp-block-column-is-layout-flow\">\n<h2 class=\"wp-block-heading\">N\u00b04<\/h2>\n\n\n\n<h4 class=\"wp-block-heading\">Inspecci\u00f3n y env\u00edo<\/h4>\n\n\n\n<p>Gesti\u00f3n optimizada<\/p>\n<\/div>\n<\/div>","protected":false},"excerpt":{"rendered":"Solution Packed, Expectation Exceeded Design Unity Team of design experts Various Packing Materials Over 6 types of options Assorted Molding Staying on top of trends Effective Communication A cooperative supply chain Quality Assurance Specialized QC equipment Satisfactory Sales Service Response in 8 hours Solutions Tailored to Individual Needs We listen, analyze, and help our customers [&hellip;]","protected":false},"author":9,"featured_media":784,"parent":0,"menu_order":0,"comment_status":"closed","ping_status":"closed","template":"","meta":{"footnotes":""},"class_list":["post-10","page","type-page","status-publish","has-post-thumbnail","hentry"],"acf":[],"_links":{"self":[{"href":"https:\/\/www.ruiqigo.com\/es\/wp-json\/wp\/v2\/pages\/10","targetHints":{"allow":["GET"]}}],"collection":[{"href":"https:\/\/www.ruiqigo.com\/es\/wp-json\/wp\/v2\/pages"}],"about":[{"href":"https:\/\/www.ruiqigo.com\/es\/wp-json\/wp\/v2\/types\/page"}],"author":[{"embeddable":true,"href":"https:\/\/www.ruiqigo.com\/es\/wp-json\/wp\/v2\/users\/9"}],"replies":[{"embeddable":true,"href":"https:\/\/www.ruiqigo.com\/es\/wp-json\/wp\/v2\/comments?post=10"}],"version-history":[{"count":0,"href":"https:\/\/www.ruiqigo.com\/es\/wp-json\/wp\/v2\/pages\/10\/revisions"}],"wp:featuredmedia":[{"embeddable":true,"href":"https:\/\/www.ruiqigo.com\/es\/wp-json\/wp\/v2\/media\/784"}],"wp:attachment":[{"href":"https:\/\/www.ruiqigo.com\/es\/wp-json\/wp\/v2\/media?parent=10"}],"curies":[{"name":"wp","href":"https:\/\/api.w.org\/{rel}","templated":true}]}}