{"id":63,"date":"2024-04-26T00:53:00","date_gmt":"2024-04-25T16:53:00","guid":{"rendered":"https:\/\/ruiqigo.com\/?page_id=63"},"modified":"2024-12-24T10:13:44","modified_gmt":"2024-12-24T02:13:44","slug":"terms-conditions","status":"publish","type":"page","link":"https:\/\/www.ruiqigo.com\/es\/terms-conditions","title":{"rendered":"T\u00e9rminos y condiciones"},"content":{"rendered":"<p>Estos T\u00e9rminos y Condiciones de Uso (en adelante, \u201cT\u00e9rminos de Uso\u201d) se aplican a los sitios web \u2014www.ruiqigo.com\u2014 (en conjunto, el \u201cSitio Web 3TOP\u201d), que son propiedad de 3TOP, Inc. (en adelante, \u201c3TOP\u201d) y est\u00e1n operados por esta. Estos T\u00e9rminos de Uso, junto con nuestra Pol\u00edtica de Privacidad y Pol\u00edtica de Cookies, forman colectivamente un acuerdo (en adelante, \u201cAcuerdo\u201d) entre usted, el usuario final, y 3TOP.<\/p>\n\n\n\n<p>Su uso del sitio web de 3TOP est\u00e1 condicionado a su aceptaci\u00f3n sin modificaciones de los t\u00e9rminos, condiciones y avisos contenidos en este Acuerdo. Al acceder, usar, descargar, ver y\/o instalar cualquier Contenido del sitio web incluido en el sitio web de 3TOP o los Servicios del sitio web ofrecidos en el sitio web de 3TOP, usted reconoce que ha le\u00eddo este Acuerdo en su totalidad, que lo entiende y que acepta los T\u00e9rminos de uso, la Pol\u00edtica de privacidad y la Pol\u00edtica de cookies contenidos en este Acuerdo.<\/p>\n\n\n\n<p>Tambi\u00e9n acepta que ninguna representaci\u00f3n escrita u oral realizada por 3TOP y sus distribuidores, agentes o empleados aumentar\u00e1 el alcance de las secciones de Garant\u00eda limitada y Limitaciones de responsabilidad establecidas a continuaci\u00f3n en este Acuerdo.<\/p>\n\n\n\n<p>El uso del sitio web de 3TOP constituye su aceptaci\u00f3n de los t\u00e9rminos y condiciones de este Acuerdo. Si no est\u00e1 de acuerdo con los t\u00e9rminos y condiciones de este Acuerdo, no acceda al sitio web de 3TOP ni utilice, descargue, guarde, visualice ni instale ning\u00fan Contenido del sitio web ni ning\u00fan Servicio del sitio web.<\/p>\n\n\n\n<p>I. Definiciones<br>\u201cInformaci\u00f3n digital\u201d significa cualquier dato accesible desde el sitio web de 3TOP, que incluye, entre otros, cualquier texto, tablas, hojas de c\u00e1lculo, gr\u00e1ficos, documentos, im\u00e1genes o fotograf\u00edas, o software contenido en archivos digitales.<\/p>\n\n\n\n<p>\u201cContenido del sitio web\u201d significa informaci\u00f3n digital que se puede obtener al descargar, guardar o copiar del sitio web de 3TOP y que luego usted, el usuario final, almacena, instala, ejecuta, utiliza, visualiza, edita o manipula. Dicho Contenido del sitio web puede incluir t\u00e9rminos y condiciones adicionales, tal como se establece en un acuerdo independiente que acompa\u00f1a a dichas partes.<\/p>\n\n\n\n<p>\u201cServicios del sitio web\u201d significa informaci\u00f3n digital disponible para usted, el usuario final, para descargar, guardar o copiar desde el sitio web de 3TOP.<\/p>\n\n\n\n<p>II. Modificaci\u00f3n<br>3TOP se reserva el derecho de modificar y cambiar estos T\u00e9rminos de uso en cualquier momento, con o sin previo aviso. Su acceso o uso continuo del Contenido del sitio web o de los Servicios del sitio web significa que acepta los nuevos t\u00e9rminos y condiciones. Si se opone a cualquier t\u00e9rmino o condici\u00f3n nuevos: (a) interrumpa el acceso y el uso del Sitio web de 3TOP y de todo el Contenido del sitio web y de los Servicios del sitio web; y (b) devuelva todo el Contenido del sitio web a 3TOP o destruya todo el Contenido del sitio web que est\u00e9 en su posesi\u00f3n o bajo su control.<\/p>\n\n\n\n<p>3TOP puede realizar cambios en cualquier momento en el Contenido del sitio web, el Servicio del sitio web o en cualquier elemento mencionado en el mismo sin previo aviso y no est\u00e1 obligado a respaldar o actualizar el Contenido del sitio web o los Servicios del sitio web.<\/p>\n\n\n\n<p>III. Conducta prohibida<br>El acceso y uso del sitio web de 3TOP y del contenido del mismo se otorgan como una licencia, no como una transferencia de t\u00edtulo, y se limitan estrictamente a fines informativos \u00fanicamente y no a ning\u00fan otro fin. Todos los derechos no expresamente otorgados en el presente documento quedan expresamente reservados a 3TOP y no se implicar\u00e1 ning\u00fan otro derecho. Sin limitar lo anterior, y a menos que se acuerde lo contrario por escrito con 3TOP, usted reconoce las siguientes restricciones espec\u00edficas sobre su uso del sitio web de 3TOP y del contenido del mismo:<\/p>\n\n\n\n<p>No puede copiar, modificar, alterar, adaptar, alquilar, vender, distribuir, exhibir p\u00fablicamente, ejecutar o transferir ninguna parte del Contenido del sitio web o la Informaci\u00f3n digital, crear ning\u00fan trabajo derivado basado en ninguna parte del Contenido del sitio web o la Informaci\u00f3n digital, o usar ninguna parte del Contenido del sitio web o la Informaci\u00f3n digital para ning\u00fan prop\u00f3sito comercial, excepto lo dispuesto anteriormente;<br>No puede obtener ni intentar obtener ning\u00fan material o informaci\u00f3n a trav\u00e9s de ning\u00fan medio que no est\u00e9 intencionalmente disponible o previsto a trav\u00e9s del sitio web de 3TOP;<br>No puede intentar realizar ingenier\u00eda inversa, descompilar o desensamblar ning\u00fan Contenido del sitio web, Informaci\u00f3n digital o parte del sitio web de 3TOP, ni introducir ning\u00fan dispositivo o material que pueda ser malicioso o tecnol\u00f3gicamente da\u00f1ino para el sitio web de 3TOP, el Contenido del sitio web o la Informaci\u00f3n digital, como, entre otros, virus, troyanos, gusanos y bombas l\u00f3gicas;<br>No puede incorporar ning\u00fan Contenido del sitio web, Informaci\u00f3n digital o parte del mismo en ning\u00fan otro material, producto o servicio, ni utilizar el Contenido del sitio web o la Informaci\u00f3n digital para fines de producci\u00f3n;<br>No puede eliminar, alterar ni ocultar ninguna leyenda de propiedad, patente, marca registrada o aviso de derechos de autor contenido en el sitio web de 3TOP, el contenido del sitio web o la informaci\u00f3n digital;<br>No puede utilizar el sitio web 3TOP de ninguna manera que pueda da\u00f1ar, deshabilitar, sobrecargar o perjudicar el sitio web 3TOP o interferir con el uso y disfrute del sitio web 3TOP por parte de terceros;<br>No puede intentar obtener acceso no autorizado, interferir, da\u00f1ar o interrumpir ninguna parte del sitio web de 3TOP, los servidores en los que se almacena el sitio web de 3TOP o cualquier servidor, computadora o base de datos conectada al sitio web de 3TOP, o intentar interferir de otro modo con el funcionamiento adecuado del sitio web de 3TOP;<br>No puede utilizar el sitio web de 3TOP, el contenido del sitio web ni la informaci\u00f3n digital para ning\u00fan prop\u00f3sito que de alguna manera viole cualquier ley o regulaci\u00f3n federal, estatal, local o internacional aplicable (incluidas, entre otras, las leyes relacionadas con la exportaci\u00f3n de datos o software hacia y desde los EE. UU. u otros pa\u00edses), o que est\u00e9 prohibido por este Acuerdo.<br>Tambi\u00e9n acepta realizar esfuerzos razonables para evitar el uso, la reproducci\u00f3n, la distribuci\u00f3n o la publicaci\u00f3n no autorizados de cualquier Contenido del sitio web o Informaci\u00f3n digital. Cualquier uso, reproducci\u00f3n, distribuci\u00f3n o publicaci\u00f3n no autorizados del Contenido del sitio web o de la Informaci\u00f3n digital est\u00e1n prohibidos y constituyen una violaci\u00f3n de este Acuerdo.<\/p>\n\n\n\n<p>IV. Materiales proporcionados a 3TOP<br>3TOP no reclama la propiedad de los materiales que usted proporciona a 3TOP (incluidos los comentarios y sugerencias) o publica, carga, ingresa o env\u00eda a cualquier sitio web de 3TOP o sus servicios asociados (colectivamente \u201cEnv\u00edos\u201d). Sin embargo, al publicar, cargar, ingresar, proporcionar o enviar su Env\u00edo, usted otorga a 3TOP, sus compa\u00f1\u00edas afiliadas y los sublicenciatarios necesarios permiso para usar su Env\u00edo en relaci\u00f3n con la operaci\u00f3n de sus negocios en Internet, incluidos, entre otros, los derechos a: copiar, distribuir, transmitir, exhibir p\u00fablicamente, ejecutar p\u00fablicamente, reproducir, editar, traducir y reformatear su Env\u00edo; y publicar su nombre en relaci\u00f3n con su Env\u00edo.<\/p>\n\n\n\n<p>No se pagar\u00e1 ninguna compensaci\u00f3n con respecto al uso de su Env\u00edo, seg\u00fan lo dispuesto en este documento. 3TOP no tiene obligaci\u00f3n de publicar o usar ning\u00fan Env\u00edo que usted pueda proporcionar y puede eliminar cualquier Env\u00edo en cualquier momento a exclusivo criterio de 3TOP.<\/p>\n\n\n\n<p>Al publicar, cargar, ingresar, proporcionar o enviar su Env\u00edo, usted garantiza y declara que posee o controla de otra manera todos los derechos de su Env\u00edo como se describe en esta secci\u00f3n, incluidos, entre otros, los derechos de autor y todos los derechos necesarios para proporcionar, publicar, cargar, ingresar o enviar los Env\u00edos.<\/p>\n\n\n\n<p>V. Propiedad intelectual y titularidad<br>No tiene derechos de propiedad sobre el sitio web de 3TOP, su contenido ni la informaci\u00f3n digital. Puede utilizar el contenido del sitio web y la informaci\u00f3n digital siempre que acepte y respete los t\u00e9rminos de este Acuerdo. 3TOP se reserva todos los derechos, t\u00edtulos e intereses sobre el contenido del sitio web y la informaci\u00f3n digital, incluidos todos los derechos de propiedad intelectual de los mismos. Salvo que se indique expresamente lo contrario, 3TOP no otorga ning\u00fan derecho expreso o impl\u00edcito en virtud de ninguna patente, derecho de autor, marca registrada u otros derechos de propiedad intelectual de 3TOP en virtud de este Acuerdo. Todos los derechos no expresamente otorgados por este Acuerdo est\u00e1n reservados a 3TOP para su uso y propiedad exclusivos y completos.<\/p>\n\n\n\n<p>Todo el contenido del sitio web y la informaci\u00f3n digital est\u00e1n sujetos a la protecci\u00f3n de derechos de autor seg\u00fan las leyes de los Estados Unidos y otros pa\u00edses, y las disposiciones de tratados internacionales. Descargar, copiar y modificar material protegido por derechos de autor sin la debida autorizaci\u00f3n puede constituir una violaci\u00f3n de la ley de derechos de autor.<\/p>\n\n\n\n<p>3TOP\u00ae y varios nombres de productos, nombres comerciales, nombres de servicios, esl\u00f3ganes y logotipos que aparecen en el sitio web de 3TOP son marcas comerciales de 3TOP, ya sean registradas o no. Las marcas comerciales y la imagen comercial de 3TOP no pueden usarse en relaci\u00f3n con ning\u00fan producto o servicio que no est\u00e9 relacionado con 3TOP, de ninguna manera que pueda causar confusi\u00f3n entre los clientes o de ninguna manera que desacredite o denigre a 3TOP. No debe usar dichas marcas sin el permiso previo por escrito de 3TOP, que podr\u00e1 ser denegado por 3TOP a su exclusivo criterio.<\/p>\n\n\n\n<p>VI. Indemnizaci\u00f3n<br>USTED ACEPTA INDEMNIZAR, DEFENDER Y EXIMIR DE RESPONSABILIDAD A 3TOP, INCLUYENDO SUS FUNCIONARIOS, DIRECTORES, EMPLEADOS, AFILIADOS, LICENCIANTES, PROVEEDORES, PROVEEDORES DE INFORMACI\u00d3N Y AGENTES, DE Y CONTRA TODAS LAS P\u00c9RDIDAS, RECLAMOS, CONTRADEMANDAS, DEMANDAS, LITIGIOS, RESPONSABILIDADES, DA\u00d1OS, SENTENCIAS, P\u00c9RDIDAS, GASTOS, COSTOS Y HONORARIOS, INCLUYENDO, SIN LIMITACI\u00d3N, HONORARIOS RAZONABLES DE ABOGADOS Y DESEMBOLSOS RELACIONADOS, RELACIONADOS CON O QUE SURJAN DE: SU USO O INCAPACIDAD DE USAR EL SITIO WEB DE 3TOP, EL CONTENIDO DEL SITIO WEB Y LA INFORMACI\u00d3N DIGITAL; CUALQUIER ENV\u00cdO REALIZADO POR USTED; CUALQUIER VIOLACI\u00d3N DE LOS T\u00c9RMINOS DE ESTE ACUERDO O DE LOS DERECHOS DE UN TERCERO POR SU PARTE; O VIOLACI\u00d3N DE CUALQUIER LEY, REGLAMENTO O REGLAMENTO APLICABLE POR SU PARTE, INCLUYENDO CONDUCTA NEGLIGENTE O ILEGAL.<\/p>\n\n\n\n<p>VII. Descargo de responsabilidad y garant\u00eda limitada<br>DESCARGO DE RESPONSABILIDAD CON RESPECTO AL CONTENIDO DEL SITIO WEB, LA INFORMACI\u00d3N DIGITAL Y LOS SERVICIOS DEL SITIO WEB: EXCEPTO LO DISPUESTO EN ESTE ACUERDO, EN NING\u00daN CASO 3TOP SER\u00c1 RESPONSABLE POR NINGUNA RECLAMACI\u00d3N DE NINGUNA NATURALEZA, BAJO NINGUNA TEOR\u00cdA LEGAL, YA SEA DIRECTA O INDIRECTA, QUE SURJA DE O EST\u00c9 RELACIONADA CON:<\/p>\n\n\n\n<p>CONTENIDO DEL SITIO WEB, INFORMACI\u00d3N DIGITAL O SERVICIOS DEL SITIO WEB DISPONIBLES EN O A TRAV\u00c9S DEL SITIO WEB DE 3TOP, INCLUYENDO ERRORES U OMISIONES EN DICHO CONTENIDO DEL SITIO WEB, INFORMACI\u00d3N DIGITAL O SERVICIOS DEL SITIO WEB; O<br>P\u00c9RDIDA O DA\u00d1O INCURRIDO COMO RESULTADO DEL ACCESO, USO DEL CONTENIDO DEL SITIO WEB, LA INFORMACI\u00d3N DIGITAL O LOS SERVICIOS DEL SITIO WEB.<br>EN LA MEDIDA EN QUE LO PERMITA LA LEY APLICABLE, EL CONTENIDO DEL SITIO WEB, LA INFORMACI\u00d3N DIGITAL Y LOS SERVICIOS DEL SITIO WEB SE PROPORCIONAN \u201cTAL CUAL\u201d Y 3TOP RENUNCIA EXPRESAMENTE A TODAS LAS GARANT\u00cdAS DE CUALQUIER TIPO, YA SEAN EXPRESAS O IMPL\u00cdCITAS, INCLUYENDO LAS GARANT\u00cdAS IMPL\u00cdCITAS DE COMERCIABILIDAD, CALIDAD SATISFACTORIA, IDONEIDAD PARA UN PROP\u00d3SITO PARTICULAR, T\u00cdTULO Y NO INFRACCI\u00d3N. A MODO DE EJEMPLO Y SIN LIMITACI\u00d3N, 3TOP NO GARANTIZA QUE:<\/p>\n\n\n\n<p>EL CONTENIDO DEL SITIO WEB, LA INFORMACI\u00d3N DIGITAL O LOS SERVICIOS DEL SITIO WEB SE PROPORCIONAN O SE PROPORCIONAR\u00c1N DE UNA MANERA ININTERRUMPIDA, OPORTUNA, SEGURA O LIBRE DE ERRORES;<br>EL CONTENIDO DEL SITIO WEB, LA INFORMACI\u00d3N DIGITAL O LOS SERVICIOS DEL SITIO WEB SON O SER\u00c1N COMPLETOS, PRECISOS, SEGUROS O CONFIABLES;<br>EL CONTENIDO DEL SITIO WEB, LA INFORMACI\u00d3N DIGITAL O LOS SERVICIOS DEL SITIO WEB EST\u00c1N O ESTAR\u00c1N LIBRES DE VIRUS U OTROS COMPONENTES DA\u00d1INOS; O<br>EL CONTENIDO DEL SITIO WEB, LA INFORMACI\u00d3N DIGITAL O LOS SERVICIOS DEL SITIO WEB CUMPLIR\u00c1N CUALQUIERA DE SUS REQUISITOS.<br>LAS PARTES DESEAN QUE ESTA EXENCI\u00d3N DE RESPONSABILIDAD PREVALEZCA SOBRE CUALQUIER DISPOSICI\u00d3N DE GARANT\u00cdA IMPL\u00cdCITA SIMILAR, ESTATAL O UCC.<\/p>\n\n\n\n<p>VIII. Limitaciones de responsabilidad<br>EN LA MEDIDA EN QUE LO PERMITA LA LEY, 3TOP NO TENDR\u00c1 NINGUNA OBLIGACI\u00d3N O RESPONSABILIDAD ANTE USTED POR EL SITIO WEB DE 3TOP, EL CONTENIDO DEL SITIO WEB, LA INFORMACI\u00d3N DIGITAL O LOS SERVICIOS DEL SITIO WEB (YA SEA QUE SURJAN POR CONTRATO, GARANT\u00cdA, AGRAVIO, INCLUYENDO NEGLIGENCIA, RESPONSABILIDAD DEL PRODUCTO, INFRACCI\u00d3N DE DERECHOS DE AUTOR U OTRA ACCI\u00d3N BAJO LA LEY O LA EQUIDAD) POR CUALQUIER DA\u00d1O O RESPONSABILIDAD DIRECTA, INCIDENTAL, INDIRECTA, ESPECIAL, CONSECUENTE O PUNITIVO (INCLUIDOS, SIN LIMITACI\u00d3N, P\u00c9RDIDA DE DATOS, P\u00c9RDIDA DE INGRESOS, P\u00c9RDIDA DE BENEFICIOS, P\u00c9RDIDA DE NEGOCIOS O AHORROS ANTICIPADOS, P\u00c9RDIDA DE USO, P\u00c9RDIDA DE FONDOS DE COMERCIO O DE OTRO MODO) QUE SURJAN DE O EN CONEXI\u00d3N CON SU USO O ACCESO DE (O INCAPACIDAD DE USAR O ACCEDER AL SITIO WEB DE 3TOP, AL CONTENIDO DEL SITIO WEB, A LA INFORMACI\u00d3N DIGITAL O A LOS SERVICIOS DEL SITIO WEB. ESTA LIMITACI\u00d3N SE APLICA A LOS DA\u00d1OS QUE SURJAN DE, SIN LIMITACI\u00d3N:<\/p>\n\n\n\n<p>USO O INCAPACIDAD DE ACCEDER O UTILIZAR EL CONTENIDO DEL SITIO WEB, LA INFORMACI\u00d3N DIGITAL O LOS SERVICIOS DEL SITIO WEB;<br>COSTO DE ADQUISICI\u00d3N DE BIENES Y SERVICIOS SUSTITUTOS;<br>ACCESO NO AUTORIZADO O ALTERACI\u00d3N DE SUS TRANSMISIONES POR PARTE DE TERCEROS;<br>CONTENIDO DE TERCEROS PUESTO A SU DISPOSICI\u00d3N A TRAV\u00c9S DEL SITIO WEB DE 3TOP; O<br>CUALQUIER OTRO ASUNTO RELACIONADO CON EL CONTENIDO DEL SITIO WEB, LA INFORMACI\u00d3N DIGITAL O LOS SERVICIOS DEL SITIO WEB.<br>ALGUNOS ESTADOS NO PERMITEN LA EXCLUSI\u00d3N O LIMITACI\u00d3N DE DA\u00d1OS INCIDENTALES O CONSECUENTES, POR LO QUE LA LIMITACI\u00d3N O EXCLUSI\u00d3N ANTERIOR PUEDE NO APLICARSE EN SU CASO. ESTA GARANT\u00cdA LE OTORGA DERECHOS LEGALES ESPEC\u00cdFICOS, Y USTED PUEDE TENER OTROS DERECHOS QUE VAR\u00cdAN DE UN ESTADO A OTRO.<\/p>\n\n\n\n<p>IX. Terminaci\u00f3n<br>3TOP podr\u00e1, a su exclusivo criterio, rescindir su uso o acceso al Contenido del sitio web, la Informaci\u00f3n digital o los Servicios del sitio web, y eliminar y descartar cualquier Contenido del sitio web, la Informaci\u00f3n digital o los Servicios del sitio web en cualquier momento, sin previo aviso, por cualquier motivo, incluyendo, entre otros, conductas que violen estos T\u00e9rminos de uso u otras pol\u00edticas o pautas establecidas por 3TOP en otras partes de los Servicios del sitio web, la Informaci\u00f3n digital o el Contenido del sitio web. En ning\u00fan caso 3TOP ser\u00e1 responsable ante usted o cualquier tercero por la rescisi\u00f3n de su uso o acceso al Contenido del sitio web, la Informaci\u00f3n digital o los Servicios del sitio web.<\/p>\n\n\n\n<p>X. Elecci\u00f3n de la ley aplicable<br>Cualquier disputa que surja de este acuerdo o est\u00e9 relacionada con \u00e9l se regir\u00e1 por la ley de la Mancomunidad de Pensilvania, con exclusi\u00f3n de sus normas de elecci\u00f3n de la ley aplicable. Los tribunales estatales y federales de Pensilvania son el foro y la jurisdicci\u00f3n exclusivos para resolver todas y cada una de las disputas que surjan de estos T\u00e9rminos de uso o este Acuerdo o est\u00e9n relacionadas con ellos. Su consentimiento a la jurisdicci\u00f3n personal y la competencia de los tribunales estatales y federales de Pensilvania se otorga mediante su uso o acceso al Contenido del sitio web, la Informaci\u00f3n digital o los Servicios del sitio web.<\/p>\n\n\n\n<p>XI. Divisibilidad<br>Si alguna disposici\u00f3n de este Acuerdo se considera nula, inaplicable o ilegal, dicha disposici\u00f3n se considerar\u00e1 reemplazada por una disposici\u00f3n v\u00e1lida y aplicable que coincida lo m\u00e1s estrechamente posible con la intenci\u00f3n de la disposici\u00f3n original y no afectar\u00e1 de ninguna manera la validez o aplicabilidad de las disposiciones restantes.<\/p>","protected":false},"excerpt":{"rendered":"These Terms and Conditions of Use (hereinafter \u201cTerms of Use\u201d) apply to the websites \u2014 www.ruiqigo.com \u2014 (collectively, the \u201c3TOP Website\u201d), which are owned and operated by 3TOP, Inc. (hereinafter \u201c3TOP\u201d). These Terms of Use, together with our Privacy Policy and Cookie Policy, collectively form an agreement (hereinafter \u201cAgreement\u201d) between you, the end user, and [&hellip;]","protected":false},"author":9,"featured_media":0,"parent":0,"menu_order":0,"comment_status":"closed","ping_status":"closed","template":"","meta":{"footnotes":""},"class_list":["post-63","page","type-page","status-publish","hentry"],"acf":[],"_links":{"self":[{"href":"https:\/\/www.ruiqigo.com\/es\/wp-json\/wp\/v2\/pages\/63","targetHints":{"allow":["GET"]}}],"collection":[{"href":"https:\/\/www.ruiqigo.com\/es\/wp-json\/wp\/v2\/pages"}],"about":[{"href":"https:\/\/www.ruiqigo.com\/es\/wp-json\/wp\/v2\/types\/page"}],"author":[{"embeddable":true,"href":"https:\/\/www.ruiqigo.com\/es\/wp-json\/wp\/v2\/users\/9"}],"replies":[{"embeddable":true,"href":"https:\/\/www.ruiqigo.com\/es\/wp-json\/wp\/v2\/comments?post=63"}],"version-history":[{"count":0,"href":"https:\/\/www.ruiqigo.com\/es\/wp-json\/wp\/v2\/pages\/63\/revisions"}],"wp:attachment":[{"href":"https:\/\/www.ruiqigo.com\/es\/wp-json\/wp\/v2\/media?parent=63"}],"curies":[{"name":"wp","href":"https:\/\/api.w.org\/{rel}","templated":true}]}}