{"id":64,"date":"2024-04-26T00:55:27","date_gmt":"2024-04-25T16:55:27","guid":{"rendered":"https:\/\/ruiqigo.com\/?page_id=64"},"modified":"2024-12-24T10:07:42","modified_gmt":"2024-12-24T02:07:42","slug":"privacy-policy","status":"publish","type":"page","link":"https:\/\/www.ruiqigo.com\/es\/privacy-policy","title":{"rendered":"pol\u00edtica de privacidad"},"content":{"rendered":"<h3 class=\"wp-block-heading\">\u00bfQu\u00e9 informaci\u00f3n recopilamos?<\/h3>\n\n\n\n<p>Recopilamos informaci\u00f3n sobre usted cuando se registra en el sitio, realiza un pedido, participa en un concurso o sorteo, responde a una encuesta o comunicaci\u00f3n como correo electr\u00f3nico o participa en otra funci\u00f3n del sitio. Al realizar un pedido o registrarse, podemos solicitarle su nombre, direcci\u00f3n de correo electr\u00f3nico, direcci\u00f3n postal, n\u00famero de tel\u00e9fono, informaci\u00f3n de la tarjeta de cr\u00e9dito u otra informaci\u00f3n. Sin embargo, puede visitar nuestro sitio de forma an\u00f3nima. Tambi\u00e9n recopilamos informaci\u00f3n sobre los destinatarios de los obsequios para que podamos completar la compra del obsequio. La informaci\u00f3n que recopilamos sobre los destinatarios de los obsequios no se utiliza con fines de marketing. Al igual que muchos sitios web, utilizamos &quot;cookies&quot; para mejorar su experiencia y recopilar informaci\u00f3n sobre los visitantes y las visitas a nuestros sitios web. Consulte la secci\u00f3n &quot;\u00bfUsamos &#039;cookies&#039;?&quot; a continuaci\u00f3n para obtener informaci\u00f3n sobre las cookies y c\u00f3mo las usamos.<\/p>\n\n\n\n<h3 class=\"wp-block-heading\">\u00bfC\u00f3mo utilizamos su informaci\u00f3n?<\/h3>\n\n\n\n<p>Podemos utilizar la informaci\u00f3n que recopilamos de usted cuando se registra, compra productos, participa en un concurso o promoci\u00f3n, responde a una encuesta o comunicaci\u00f3n de marketing, navega por el sitio web o utiliza otras funciones del sitio de las siguientes maneras: Para personalizar su experiencia en el sitio y permitirnos ofrecer el tipo de contenido y ofertas de productos en los que est\u00e1 m\u00e1s interesado. Para permitirnos brindarle un mejor servicio al responder a sus solicitudes de servicio al cliente. Para procesar r\u00e1pidamente sus transacciones. Para administrar un concurso, promoci\u00f3n, encuesta u otra funci\u00f3n del sitio. Si ha optado por recibir nuestro bolet\u00edn informativo por correo electr\u00f3nico, es posible que le enviemos correos electr\u00f3nicos peri\u00f3dicos. Si ya no desea recibir correos electr\u00f3nicos promocionales de nosotros, consulte la secci\u00f3n &quot;Retirada de su consentimiento&quot; a continuaci\u00f3n. Si no ha optado por recibir boletines informativos por correo electr\u00f3nico, no recibir\u00e1 estos correos electr\u00f3nicos. A los visitantes que se registren o participen en otras funciones del sitio, como programas de marketing y contenido &quot;solo para miembros&quot;, se les dar\u00e1 la opci\u00f3n de elegir si desean estar en nuestra lista de correo electr\u00f3nico y recibir comunicaciones por correo electr\u00f3nico de nosotros.<\/p>\n\n\n\n<h3 class=\"wp-block-heading\">\u00bfC\u00f3mo protegemos la informaci\u00f3n de los visitantes?<\/h3>\n\n\n\n<p>Implementamos una variedad de medidas de seguridad para mantener la seguridad de su informaci\u00f3n personal. Su informaci\u00f3n personal se encuentra almacenada detr\u00e1s de redes seguras y solo es accesible para un n\u00famero limitado de personas que tienen derechos especiales de acceso a dichos sistemas y est\u00e1n obligadas a mantener la confidencialidad de la informaci\u00f3n. Cuando realiza pedidos o accede a su informaci\u00f3n personal, le ofrecemos el uso de un servidor seguro. Toda la informaci\u00f3n confidencial\/de cr\u00e9dito que usted proporciona se transmite a trav\u00e9s de la tecnolog\u00eda Secure Socket Layer (SSL) y luego se encripta en nuestras bases de datos para que solo se pueda acceder a ella como se indic\u00f3 anteriormente.<\/p>\n\n\n\n<h3 class=\"wp-block-heading\">\u00bfUtilizamos \u201ccookies\u201d?<\/h3>\n\n\n\n<p>S\u00ed. Las cookies son peque\u00f1os archivos que un sitio o su proveedor de servicios transfiere al disco duro de su computadora a trav\u00e9s de su navegador web (si lo permite) que permite que los sistemas del sitio o del proveedor de servicios reconozcan su navegador y capturen y recuerden cierta informaci\u00f3n. Por ejemplo, utilizamos cookies para ayudarnos a recordar y procesar los art\u00edculos en su carrito de compras. Tambi\u00e9n se utilizan para ayudarnos a comprender sus preferencias en funci\u00f3n de la actividad anterior o actual del sitio, lo que nos permite brindarle mejores servicios. Tambi\u00e9n utilizamos cookies para ayudarnos a recopilar datos agregados sobre el tr\u00e1fico del sitio y la interacci\u00f3n del sitio para que podamos ofrecer mejores experiencias y herramientas del sitio en el futuro. Podemos contratar a proveedores de servicios externos para que nos ayuden a comprender mejor a los visitantes de nuestro sitio. Estos proveedores de servicios no tienen permitido usar la informaci\u00f3n recopilada en nuestro nombre, excepto para ayudarnos a realizar y mejorar nuestro negocio. Puede elegir que su computadora le advierta cada vez que se env\u00ede una cookie, o puede elegir desactivar todas las cookies. Puede hacerlo a trav\u00e9s de la configuraci\u00f3n de su navegador (como Google Chrome, Microsoft Edge o Safari). Cada navegador es un poco diferente, por lo que debe consultar el men\u00fa de &quot;Ayuda&quot; de su navegador para conocer la forma correcta de modificar sus cookies. Si desactiva las cookies, no tendr\u00e1 acceso a muchas funciones que hacen que su experiencia en el sitio sea m\u00e1s eficiente y algunos de nuestros servicios no funcionar\u00e1n correctamente. Sin embargo, a\u00fan puede realizar pedidos por tel\u00e9fono comunic\u00e1ndose con el servicio de atenci\u00f3n al cliente.<\/p>\n\n\n\n<h3 class=\"wp-block-heading\">\u00bfDivulgamos la informaci\u00f3n que recopilamos a terceros?<\/h3>\n\n\n\n<p>No vendemos, comercializamos ni transferimos de ninguna otra forma su informaci\u00f3n personal identificable a terceros a menos que le proporcionemos un aviso previo, excepto como se describe a continuaci\u00f3n. El t\u00e9rmino &quot;terceros&quot; no incluye nuestro negocio. Tampoco incluye a los socios de alojamiento de sitios web y otras partes que nos ayudan a operar nuestro sitio web, llevar a cabo nuestro negocio o brindarle servicio, siempre que dichas partes acuerden mantener esta informaci\u00f3n confidencial. Tambi\u00e9n podemos divulgar su informaci\u00f3n cuando creamos que la divulgaci\u00f3n es adecuada para cumplir con la ley, hacer cumplir las pol\u00edticas de nuestro sitio o proteger nuestros derechos, propiedad o seguridad o los de otros. Sin embargo, la informaci\u00f3n de visitantes no personalmente identificable puede proporcionarse a otras partes para marketing, publicidad u otros usos. \u00bfC\u00f3mo puede cancelar la suscripci\u00f3n, eliminar o modificar la informaci\u00f3n que nos ha proporcionado? Para modificar sus suscripciones de correo electr\u00f3nico, inf\u00f3rmenos modificando sus preferencias en la secci\u00f3n &quot;Mi cuenta&quot;. Tenga en cuenta que, debido a los cronogramas de producci\u00f3n de correo electr\u00f3nico, es posible que reciba cualquier correo electr\u00f3nico que ya est\u00e9 en producci\u00f3n. Para eliminar toda la informaci\u00f3n de su cuenta en l\u00ednea de nuestra base de datos, inicie sesi\u00f3n en la secci\u00f3n \u201cMi cuenta\u201d de nuestro sitio y elimine sus direcciones de env\u00edo, direcciones de facturaci\u00f3n e informaci\u00f3n de pago. Tenga en cuenta que podemos mantener informaci\u00f3n sobre una transacci\u00f3n de venta individual para atender esa transacci\u00f3n y para mantener registros. Enlaces de terceros En un intento por brindarle un mayor valor, podemos incluir enlaces de terceros en nuestro sitio. Estos sitios vinculados tienen pol\u00edticas de privacidad separadas e independientes. Por lo tanto, no tenemos ninguna responsabilidad u obligaci\u00f3n por el contenido y las actividades de estos sitios vinculados. No obstante, buscamos proteger la integridad de nuestro sitio y agradecemos cualquier comentario sobre estos sitios vinculados (incluso si un enlace espec\u00edfico no funciona). Los cambios a nuestra pol\u00edtica, si decidimos cambiar nuestra pol\u00edtica de privacidad, se publicar\u00e1n en esta p\u00e1gina. Los cambios de pol\u00edtica se aplicar\u00e1n solo a la informaci\u00f3n recopilada despu\u00e9s de la fecha del cambio. Esta pol\u00edtica se modific\u00f3 por \u00faltima vez el 25 de mayo de 2018.<\/p>\n\n\n\n<h3 class=\"wp-block-heading\">Preguntas y comentarios<\/h3>\n\n\n\n<p>Agradecemos sus preguntas, comentarios e inquietudes sobre privacidad. Env\u00edenos sus comentarios sobre privacidad o cualquier otro tema. Pol\u00edtica de privacidad en l\u00ednea \u00fanicamente. Esta pol\u00edtica de privacidad en l\u00ednea se aplica \u00fanicamente a la informaci\u00f3n recopilada a trav\u00e9s de nuestro sitio web y no a la informaci\u00f3n recopilada fuera de l\u00ednea.<\/p>\n\n\n\n<h3 class=\"wp-block-heading\">Su consentimiento<\/h3>\n\n\n\n<p>Al realizar una compra a trav\u00e9s de nuestro sitio web o enviar una consulta con informaci\u00f3n personal o comercial para obtener una cotizaci\u00f3n o realizar un pago por cualquier medio para un pedido, o coordinar una entrega, usted acepta que recopilemos, almacenemos y usemos esa informaci\u00f3n para su beneficio y\/o para mejorar nuestros servicios y ofertas. Al hacerlo, tambi\u00e9n acepta que revelemos que es cliente de MugFactory y tambi\u00e9n acepta que usemos el nombre de su empresa, logotipo y empaque con el fin de mostrar nuestros productos y servicios, a menos que se especifique lo contrario.<\/p>\n\n\n\n<h3 class=\"wp-block-heading\">Retirar su consentimiento<\/h3>\n\n\n\n<p>En cualquier momento, puede optar por retirar su consentimiento para que MugFactory recopile, use o divulgue su informaci\u00f3n, en cualquier momento, comunic\u00e1ndose con nosotros. MugFactory se reserva el derecho de conservar cualquier informaci\u00f3n recopilada previamente para completar cualquier pedido o resolver cualquier disputa o investigaci\u00f3n. Cuando visita nuestro sitio web, recibimos autom\u00e1ticamente la direcci\u00f3n de protocolo de Internet (IP) de su dispositivo, la regi\u00f3n geogr\u00e1fica aproximada y otra informaci\u00f3n b\u00e1sica sobre su navegador y sistema operativo para brindar una mejor asistencia y una experiencia mejor y m\u00e1s personalizada para nuestros clientes.<\/p>","protected":false},"excerpt":{"rendered":"What information do we collect? We collect information from you when you register on the site, place an order, enter a contest or sweepstakes, respond to a survey or communication such as e-mail, or participate in another site feature. When ordering or registering, we may ask you for your name, e-mail address, mailing address, phone [&hellip;]","protected":false},"author":9,"featured_media":0,"parent":0,"menu_order":0,"comment_status":"closed","ping_status":"closed","template":"","meta":{"footnotes":""},"class_list":["post-64","page","type-page","status-publish","hentry"],"acf":[],"_links":{"self":[{"href":"https:\/\/www.ruiqigo.com\/es\/wp-json\/wp\/v2\/pages\/64","targetHints":{"allow":["GET"]}}],"collection":[{"href":"https:\/\/www.ruiqigo.com\/es\/wp-json\/wp\/v2\/pages"}],"about":[{"href":"https:\/\/www.ruiqigo.com\/es\/wp-json\/wp\/v2\/types\/page"}],"author":[{"embeddable":true,"href":"https:\/\/www.ruiqigo.com\/es\/wp-json\/wp\/v2\/users\/9"}],"replies":[{"embeddable":true,"href":"https:\/\/www.ruiqigo.com\/es\/wp-json\/wp\/v2\/comments?post=64"}],"version-history":[{"count":0,"href":"https:\/\/www.ruiqigo.com\/es\/wp-json\/wp\/v2\/pages\/64\/revisions"}],"wp:attachment":[{"href":"https:\/\/www.ruiqigo.com\/es\/wp-json\/wp\/v2\/media?parent=64"}],"curies":[{"name":"wp","href":"https:\/\/api.w.org\/{rel}","templated":true}]}}