{"id":8,"date":"2024-04-24T15:41:08","date_gmt":"2024-04-24T07:41:08","guid":{"rendered":"https:\/\/ruiqigo.com\/?page_id=8"},"modified":"2024-11-21T17:44:56","modified_gmt":"2024-11-21T09:44:56","slug":"sustainability","status":"publish","type":"page","link":"https:\/\/www.ruiqigo.com\/es\/sustainability","title":{"rendered":"Sostenibilidad"},"content":{"rendered":"<p>Las industrias chinas se est\u00e1n centrando en el objetivo de &quot;doble carbono&quot;, que pretende reducir las emisiones de carbono y la contaminaci\u00f3n. Esto es importante para que la econom\u00eda y la sociedad sean m\u00e1s respetuosas con el medio ambiente y sostenibles. La industria del cuidado diario de la piel tambi\u00e9n est\u00e1 trabajando para alcanzar este objetivo. 3TOP apoya la idea del desarrollo sostenible y ha hecho un buen trabajo en materia de ahorro de energ\u00eda, reducci\u00f3n de carbono y protecci\u00f3n del medio ambiente. 3TOP demuestra su compromiso con la sostenibilidad de tres formas principales: c\u00f3mo cultiva las materias primas, c\u00f3mo gestiona sus f\u00e1bricas y los envases que utiliza. El enfoque de la empresa incluye el abastecimiento sostenible, la fabricaci\u00f3n respetuosa con el medio ambiente y los materiales de envasado.<\/p>\n\n\n\n<h2 class=\"wp-block-heading has-text-align-center\"><strong>1. Base de producci\u00f3n de materias primas<\/strong><\/h2>\n\n\n\n<h3 class=\"wp-block-heading\"><strong>Selecci\u00f3n de materias primas sostenibles<\/strong><\/h3>\n\n\n\n<div class=\"wp-block-columns are-vertically-aligned-center mb-60 is-layout-flex wp-container-core-columns-is-layout-9d6595d7 wp-block-columns-is-layout-flex\">\n<div class=\"wp-block-column is-vertically-aligned-center is-layout-flow wp-block-column-is-layout-flow\">\n<figure class=\"wp-block-image size-full\"><img fetchpriority=\"high\" decoding=\"async\" width=\"800\" height=\"450\" src=\"https:\/\/www.ruiqigo.com\/wp-content\/uploads\/2024\/07\/7.jpg\" alt=\"\" class=\"wp-image-719\" srcset=\"https:\/\/www.ruiqigo.com\/wp-content\/uploads\/2024\/07\/7.jpg 800w, https:\/\/www.ruiqigo.com\/wp-content\/uploads\/2024\/07\/7-768x432.jpg 768w\" sizes=\"(max-width: 800px) 100vw, 800px\" \/><\/figure>\n<\/div>\n\n\n\n<div class=\"wp-block-column is-vertically-aligned-center is-layout-flow wp-block-column-is-layout-flow\">\n<p>3TOP prioriza las materias primas certificadas sostenibles, como los extractos de plantas org\u00e1nicas y los ingredientes naturales, para reducir el impacto negativo en el medio ambiente. Uno de los ingredientes representativos es el aceite de t\u00e9, que no solo es un aceite comestible, sino que tambi\u00e9n tiene una larga historia en el cuidado de la piel. El aceite de t\u00e9 tiene la capacidad de nutrir el cabello y proteger el cuero cabelludo. El aceite de t\u00e9 es rico en nutrientes que nutren el cabello desde la ra\u00edz hasta las puntas, proporcionando un cuidado integral para el cabello. Para muchas personas, el aceite de t\u00e9 es un producto natural para el cuidado del cabello que vale la pena probar. Tambi\u00e9n existe el extracto de saponina de t\u00e9, un extracto de planta natural que se deriva de la torta de harina de t\u00e9 despu\u00e9s de la extracci\u00f3n del aceite, que tiene una variedad de propiedades antioxidantes y antiinflamatorias que tambi\u00e9n lo convierten en un gran producto para tratamientos naturales.<\/p>\n<\/div>\n<\/div>\n\n\n\n<div class=\"wp-block-columns are-vertically-aligned-center mb-60 is-layout-flex wp-container-core-columns-is-layout-9d6595d7 wp-block-columns-is-layout-flex\">\n<div class=\"wp-block-column is-vertically-aligned-center is-layout-flow wp-block-column-is-layout-flow\">\n<p>3TOP utiliza saponina del t\u00e9 en sus productos, que proviene de su propia plantaci\u00f3n de t\u00e9. Esta plantaci\u00f3n cubre 10.000 acres en el condado de Yong Tai, cerca de Fuzhou, la capital de la provincia de Fujian. 3TOP gestiona cuidadosamente la calidad de la planta de t\u00e9 desde la fuente y ajusta la forma en que se procesa para su uso en la industria del cuidado de la piel. La gran plantaci\u00f3n de t\u00e9 de la empresa est\u00e1 bien gestionada para garantizar que las materias primas sean puras y seguras. Con una forma de hacer las cosas, 3TOP puede mantener la calidad de las materias primas constante y confiable.<\/p>\n<\/div>\n\n\n\n<div class=\"wp-block-column is-vertically-aligned-center is-layout-flow wp-block-column-is-layout-flow\">\n<figure class=\"wp-block-image size-full\"><img decoding=\"async\" width=\"800\" height=\"450\" src=\"https:\/\/www.ruiqigo.com\/wp-content\/uploads\/2024\/07\/5.jpg\" alt=\"\" class=\"wp-image-721\" srcset=\"https:\/\/www.ruiqigo.com\/wp-content\/uploads\/2024\/07\/5.jpg 800w, https:\/\/www.ruiqigo.com\/wp-content\/uploads\/2024\/07\/5-768x432.jpg 768w\" sizes=\"(max-width: 800px) 100vw, 800px\" \/><\/figure>\n<\/div>\n<\/div>\n\n\n\n<h3 class=\"wp-block-heading\"><strong>El modelo de plantaci\u00f3n org\u00e1nico y respetuoso con el medio ambiente<\/strong><\/h3>\n\n\n\n<div class=\"wp-block-columns are-vertically-aligned-center mb-60 is-layout-flex wp-container-core-columns-is-layout-9d6595d7 wp-block-columns-is-layout-flex\">\n<div class=\"wp-block-column is-vertically-aligned-center is-layout-flow wp-block-column-is-layout-flow\">\n<figure class=\"wp-block-image size-full\"><img decoding=\"async\" width=\"800\" height=\"450\" src=\"https:\/\/www.ruiqigo.com\/wp-content\/uploads\/2024\/07\/10.jpg\" alt=\"\" class=\"wp-image-723\" srcset=\"https:\/\/www.ruiqigo.com\/wp-content\/uploads\/2024\/07\/10.jpg 800w, https:\/\/www.ruiqigo.com\/wp-content\/uploads\/2024\/07\/10-768x432.jpg 768w\" sizes=\"(max-width: 800px) 100vw, 800px\" \/><\/figure>\n<\/div>\n\n\n\n<div class=\"wp-block-column is-vertically-aligned-center is-layout-flow wp-block-column-is-layout-flow\">\n<p>En 3TOP, adoptamos m\u00e9todos de cultivo org\u00e1nicos y nos negamos a utilizar pesticidas y fertilizantes qu\u00edmicos. Dejamos que las plantas crezcan bajo la lluvia humedecida de forma natural y vivan en armon\u00eda con el suelo y los microorganismos para garantizar la pureza y la seguridad de las materias primas. Al mismo tiempo, 3TOP se centra en preservar la biodiversidad y proteger los hogares donde prosperan todo tipo de criaturas. Adem\u00e1s de la agricultura org\u00e1nica, 3TOP tambi\u00e9n introduce activamente sistemas avanzados de riego que ahorran agua para minimizar el desperdicio de agua mediante el control preciso de la cantidad de agua y el tiempo de riego. Tambi\u00e9n nos centramos en el tratamiento y reciclaje de aguas residuales para garantizar que cada gota de agua se utilice al m\u00e1ximo.<\/p>\n<\/div>\n<\/div>\n\n\n\n<h2 class=\"wp-block-heading has-text-align-center\"><strong>2. Planta de producci\u00f3n<\/strong><\/h2>\n\n\n\n<div class=\"wp-block-columns are-vertically-aligned-center mb-60 is-layout-flex wp-container-core-columns-is-layout-9d6595d7 wp-block-columns-is-layout-flex\">\n<div class=\"wp-block-column is-vertically-aligned-center is-layout-flow wp-block-column-is-layout-flow\">\n<h3 class=\"wp-block-heading\"><strong>Ahorro y mejora de la eficiencia energ\u00e9tica<\/strong><\/h3>\n\n\n\n<p>3TOP sigue un enfoque de producci\u00f3n &quot;ecol\u00f3gico y solidario&quot;. Han construido una gran f\u00e1brica ecol\u00f3gica de 40.000 metros cuadrados, con un recinto industrial de 60 acres y un taller limpio de alto nivel. Se adhieren a una pol\u00edtica de &quot;ahorro de energ\u00eda, ecolog\u00eda y protecci\u00f3n del medio ambiente&quot;. 3TOP utiliza equipos y l\u00edneas de \u00faltima generaci\u00f3n que cumplen con los est\u00e1ndares GMP, que se utilizan en la fabricaci\u00f3n de medicamentos. En su f\u00e1brica donde elaboran champ\u00fa y otros productos, los gases liberados son mucho menores que los que exigen los est\u00e1ndares nacionales de China. Esto les ayuda a ahorrar m\u00e1s de 600 metros c\u00fabicos de gas natural cada d\u00eda y m\u00e1s de 600.000 RMB en costes de gas cada a\u00f1o.<\/p>\n<\/div>\n\n\n\n<div class=\"wp-block-column is-vertically-aligned-center is-layout-flow wp-block-column-is-layout-flow\">\n<figure class=\"wp-block-image size-full\"><img loading=\"lazy\" decoding=\"async\" width=\"800\" height=\"450\" src=\"https:\/\/www.ruiqigo.com\/wp-content\/uploads\/2024\/07\/11.jpg\" alt=\"\" class=\"wp-image-726\" srcset=\"https:\/\/www.ruiqigo.com\/wp-content\/uploads\/2024\/07\/11.jpg 800w, https:\/\/www.ruiqigo.com\/wp-content\/uploads\/2024\/07\/11-768x432.jpg 768w\" sizes=\"(max-width: 800px) 100vw, 800px\" \/><\/figure>\n<\/div>\n<\/div>\n\n\n\n<div class=\"wp-block-columns are-vertically-aligned-center mb-60 is-layout-flex wp-container-core-columns-is-layout-9d6595d7 wp-block-columns-is-layout-flex\">\n<div class=\"wp-block-column is-vertically-aligned-center is-layout-flow wp-block-column-is-layout-flow\">\n<figure class=\"wp-block-image size-full\"><img loading=\"lazy\" decoding=\"async\" width=\"800\" height=\"450\" src=\"https:\/\/www.ruiqigo.com\/wp-content\/uploads\/2024\/07\/3.jpg\" alt=\"\" class=\"wp-image-728\" srcset=\"https:\/\/www.ruiqigo.com\/wp-content\/uploads\/2024\/07\/3.jpg 800w, https:\/\/www.ruiqigo.com\/wp-content\/uploads\/2024\/07\/3-768x432.jpg 768w\" sizes=\"(max-width: 800px) 100vw, 800px\" \/><\/figure>\n<\/div>\n\n\n\n<div class=\"wp-block-column is-vertically-aligned-center is-layout-flow wp-block-column-is-layout-flow\">\n<h3 class=\"wp-block-heading\"><strong>Uso de energ\u00eda limpia<\/strong><strong><\/strong><\/h3>\n\n\n\n<p>Al instalar dos conjuntos de sistemas de generaci\u00f3n de energ\u00eda fotovoltaica, 3TOP utiliza energ\u00eda verde y reduce el consumo de electricidad, logrando as\u00ed una alta eficiencia y ahorro de energ\u00eda en la producci\u00f3n. La generaci\u00f3n de electricidad con energ\u00eda fotovoltaica no solo reduce significativamente la dependencia de las fuentes de energ\u00eda tradicionales, sino que tambi\u00e9n reduce significativamente las emisiones de carbono, lo que contribuye a la protecci\u00f3n del medio ambiente de la Tierra.<\/p>\n<\/div>\n<\/div>\n\n\n\n<div class=\"wp-block-columns are-vertically-aligned-center mb-60 is-layout-flex wp-container-core-columns-is-layout-9d6595d7 wp-block-columns-is-layout-flex\">\n<div class=\"wp-block-column is-vertically-aligned-center is-layout-flow wp-block-column-is-layout-flow\">\n<h3 class=\"wp-block-heading\"><strong>Proceso verde<\/strong><strong><\/strong><\/h3>\n\n\n\n<p>3TOP est\u00e1 constantemente explorando procesos de producci\u00f3n ecol\u00f3gicos para lograr algunos objetivos ambientales especiales. Por ejemplo, rechazar las microesferas de pl\u00e1stico. Los productos de tocador de uso diario a menudo contienen grandes cantidades de microesferas de pl\u00e1stico, que son part\u00edculas de pl\u00e1stico m\u00e1s peque\u00f1as que 2 mil\u00edmetros. Debido a que son diminutas, cuando se usan art\u00edculos de tocador con microesferas de pl\u00e1stico, estas se van por el fregadero, pasan por las plantas de tratamiento de agua y terminan en el oc\u00e9ano. Los peces y mariscos las comen, y luego se convierten en parte de nuestra comida e incluso de nuestro cuerpo. En 2015, un grupo en Europa que trabaja con cosm\u00e9ticos y cuidado personal dijo que las empresas deber\u00edan dejar de usar microesferas de pl\u00e1stico en sus productos por su cuenta.<\/p>\n<\/div>\n\n\n\n<div class=\"wp-block-column is-vertically-aligned-center is-layout-flow wp-block-column-is-layout-flow\">\n<figure class=\"wp-block-image size-full\"><img loading=\"lazy\" decoding=\"async\" width=\"800\" height=\"450\" src=\"https:\/\/www.ruiqigo.com\/wp-content\/uploads\/2024\/07\/6.jpg\" alt=\"\" class=\"wp-image-741\" srcset=\"https:\/\/www.ruiqigo.com\/wp-content\/uploads\/2024\/07\/6.jpg 800w, https:\/\/www.ruiqigo.com\/wp-content\/uploads\/2024\/07\/6-768x432.jpg 768w\" sizes=\"(max-width: 800px) 100vw, 800px\" \/><\/figure>\n<\/div>\n<\/div>\n\n\n\n<p>3TOP lleva ya un tiempo fabricando productos para el cuidado de la piel y el lavado de manos con ingredientes naturales en lugar de peque\u00f1as perlas de pl\u00e1stico. Utilizan ingredientes como nueces, almendras y huesos de aceituna porque son perfectos para elaborar cosm\u00e9ticos y limpian suavemente sin rayar la piel. 3TOP los convierte en exfoliantes naturales para sustituir a las perlas de pl\u00e1stico. Adem\u00e1s, los ingredientes naturales a veces pueden hacer que los productos parezcan m\u00e1s oscuros, pero 3TOP soluciona este problema a\u00f1adiendo colores claros como el di\u00f3xido de titanio. Esto es seguro y no irrita la piel. Adem\u00e1s, 3TOP utiliza un tipo especial de almid\u00f3n de ma\u00edz que es un poco \u00e1spero. Limpia bien, no raya y se descompone f\u00e1cilmente, lo que es bueno para el medio ambiente.<\/p>\n\n\n\n<div class=\"wp-block-columns are-vertically-aligned-center mb-60 is-layout-flex wp-container-core-columns-is-layout-9d6595d7 wp-block-columns-is-layout-flex\">\n<div class=\"wp-block-column is-vertically-aligned-center is-layout-flow wp-block-column-is-layout-flow\">\n<figure class=\"wp-block-image size-full\"><img loading=\"lazy\" decoding=\"async\" width=\"800\" height=\"450\" src=\"https:\/\/www.ruiqigo.com\/wp-content\/uploads\/2024\/07\/12.jpg\" alt=\"\" class=\"wp-image-733\" srcset=\"https:\/\/www.ruiqigo.com\/wp-content\/uploads\/2024\/07\/12.jpg 800w, https:\/\/www.ruiqigo.com\/wp-content\/uploads\/2024\/07\/12-768x432.jpg 768w\" sizes=\"(max-width: 800px) 100vw, 800px\" \/><\/figure>\n<\/div>\n\n\n\n<div class=\"wp-block-column is-vertically-aligned-center is-layout-flow wp-block-column-is-layout-flow\">\n<h3 class=\"wp-block-heading\"><strong>Reciclaje de aguas residuales y gases<\/strong><strong><\/strong><\/h3>\n\n\n\n<p>3TOP sigue la idea de &quot;misi\u00f3n verde, futuro limpio&quot; en lo que respecta a las aguas residuales y los gases. Han puesto en marcha sistemas para reciclar las aguas residuales y limpiar los gases residuales en su f\u00e1brica. El sistema de aguas residuales utiliza buenos filtros y una limpieza especial para convertir el agua sucia de la fabricaci\u00f3n de productos en agua que se puede volver a utilizar, lo que es mejor para el medio ambiente. Al mismo tiempo, el sistema de gases residuales utiliza m\u00e9todos sofisticados para limpiar los gases malos y hacerlos seguros. El sistema de aguas residuales puede limpiar 100 toneladas de agua cada d\u00eda, y el sistema de gases residuales puede reducir los gases qu\u00edmicos en 70% y el gas CO2 en otros 30% por cada producto que fabrican. Adem\u00e1s, 3TOP se ocupa de c\u00f3mo utilizan y desechan cosas como las materias primas y los productos qu\u00edmicos. Tienen un sistema para mantenerlos separados y almacenarlos, y trabajan con otra empresa para reciclarlos a tiempo.<\/p>\n<\/div>\n<\/div>\n\n\n\n<h2 class=\"wp-block-heading has-text-align-center\"><strong>3. Materiales de embalaje respetuosos con el medio ambiente.<\/strong><\/h2>\n\n\n\n<div class=\"wp-block-columns are-vertically-aligned-center mb-60 is-layout-flex wp-container-core-columns-is-layout-9d6595d7 wp-block-columns-is-layout-flex\">\n<div class=\"wp-block-column is-vertically-aligned-center is-layout-flow wp-block-column-is-layout-flow\">\n<h3 class=\"wp-block-heading\"><strong>Uso de materiales ecol\u00f3gicos de primera calidad:<\/strong><strong><\/strong><\/h3>\n\n\n\n<p>3TOP sabe que los envases viejos pueden da\u00f1ar el medio ambiente, por lo que utiliza materiales ecol\u00f3gicos en su lugar. Utilizan pl\u00e1sticos biodegradables para el embalaje de sus productos. Estos pl\u00e1sticos se descomponen f\u00e1cilmente en la naturaleza y no da\u00f1an el medio ambiente ni las plantas. Los pl\u00e1sticos biodegradables son una opci\u00f3n popular y probada para el embalaje. Pueden descomponerse r\u00e1pidamente con la ayuda de sustancias especiales que aceleran el proceso. Puedes encontrar envases biodegradables como bolsas, pajitas y bol\u00edgrafos. Desde 2020, 3TOP ha estado trabajando en envases que se puedan reciclar o que se descompongan en la naturaleza. Han fabricado peque\u00f1as bolsas de viaje de 10 a 12 ml, y a la gente de Europa y Estados Unidos les gustan mucho.<\/p>\n<\/div>\n\n\n\n<div class=\"wp-block-column is-vertically-aligned-center is-layout-flow wp-block-column-is-layout-flow\">\n<figure class=\"wp-block-image size-full\"><img loading=\"lazy\" decoding=\"async\" width=\"800\" height=\"450\" src=\"https:\/\/www.ruiqigo.com\/wp-content\/uploads\/2024\/07\/9.jpg\" alt=\"\" class=\"wp-image-730\" srcset=\"https:\/\/www.ruiqigo.com\/wp-content\/uploads\/2024\/07\/9.jpg 800w, https:\/\/www.ruiqigo.com\/wp-content\/uploads\/2024\/07\/9-768x432.jpg 768w\" sizes=\"(max-width: 800px) 100vw, 800px\" \/><\/figure>\n<\/div>\n<\/div>\n\n\n\n<div class=\"wp-block-columns are-vertically-aligned-center mb-60 is-layout-flex wp-container-core-columns-is-layout-9d6595d7 wp-block-columns-is-layout-flex\">\n<div class=\"wp-block-column is-vertically-aligned-center is-layout-flow wp-block-column-is-layout-flow\">\n<figure class=\"wp-block-image size-full\"><img loading=\"lazy\" decoding=\"async\" width=\"800\" height=\"450\" src=\"https:\/\/www.ruiqigo.com\/wp-content\/uploads\/2024\/07\/8.jpg\" alt=\"\" class=\"wp-image-736\" srcset=\"https:\/\/www.ruiqigo.com\/wp-content\/uploads\/2024\/07\/8.jpg 800w, https:\/\/www.ruiqigo.com\/wp-content\/uploads\/2024\/07\/8-768x432.jpg 768w\" sizes=\"(max-width: 800px) 100vw, 800px\" \/><\/figure>\n<\/div>\n\n\n\n<div class=\"wp-block-column is-vertically-aligned-center is-layout-flow wp-block-column-is-layout-flow\">\n<h3 class=\"wp-block-heading\"><strong>Optimizar el dise\u00f1o del embalaje<\/strong><strong><\/strong><\/h3>\n\n\n\n<p>3TOP tambi\u00e9n est\u00e1 trabajando para mejorar el embalaje y utilizar menos. Calculan cu\u00e1nto espacio y cu\u00e1nto pesan sus productos, de modo que pueden hacer cajas m\u00e1s peque\u00f1as y ligeras. Esto ayuda a mantener los productos seguros cuando se trasladan y tambi\u00e9n reduce los residuos. Por ejemplo, 3TOP hizo una nueva caja para una marca de champ\u00fa. Tiene un aspecto bonito y ahorra tinta, cart\u00f3n, relleno y el espacio que ocupa durante el env\u00edo. Con las cajas antiguas, se pod\u00edan meter cuatro en una caja grande que ten\u00eda una imagen. La nueva caja tiene una base especial que los trabajadores de la tienda pueden quitar y utilizar para manipular el champ\u00fa y mostrarlo en la tienda. El nuevo dise\u00f1o utiliza mucho menos material. Tiene una sencilla &quot;tapa de papel&quot; que se quita f\u00e1cilmente para proteger el champ\u00fa durante el env\u00edo y no necesita ninguna impresi\u00f3n. Este mejor embalaje ayuda a ahorrar 67 toneladas de papel, significa que se necesitan 52 camiones grandes menos para trasladar el champ\u00fa y reduce el uso de tinta hasta en 80% cada a\u00f1o.<\/p>\n<\/div>\n<\/div>\n\n\n\n<p>Adem\u00e1s, 3TOP tambi\u00e9n contin\u00faa mejorando el nuevo dise\u00f1o de la bomba de prensa para otros productos embotellados y enlatados, ahorrando 8 toneladas de pl\u00e1stico por a\u00f1o y 40 toneladas de cajas exteriores de papel por a\u00f1o al optimizar el proceso de envasado. Los productos de champ\u00fa reci\u00e9n lanzados han ahorrado alrededor de 13% de consumibles de envasado por botella al mejorar el dise\u00f1o de la tapa y la botella.<\/p>\n\n\n\n<div class=\"wp-block-columns are-vertically-aligned-center mb-60 is-layout-flex wp-container-core-columns-is-layout-9d6595d7 wp-block-columns-is-layout-flex\">\n<div class=\"wp-block-column is-vertically-aligned-center is-layout-flow wp-block-column-is-layout-flow\">\n<h3 class=\"wp-block-heading\"><strong>Lanz\u00f3 una estrategia de reciclaje de envases<\/strong><strong><\/strong><\/h3>\n\n\n\n<p>Seg\u00fan un estudio de la Asociaci\u00f3n Estadounidense para el Avance de la Ciencia (AAAS), de los m\u00e1s de 400 millones de toneladas de pl\u00e1stico que se producen cada a\u00f1o, aproximadamente 40% provienen de envases y, por lo general, estos envases de pl\u00e1stico solo se utilizan una vez antes de desecharse. En respuesta, 3TOP ha presentado un programa de reciclaje de envases para los consumidores con el fin de alentarlos a participar en iniciativas ambientales. Los clientes pueden llevar botellas de cosm\u00e9ticos vac\u00edas a tiendas especiales para reciclarlas. A cambio, reciben un paquete de muestra de cosm\u00e9ticos gratis. Esto ayuda a las personas a recolectar y reciclar m\u00e1s botellas, lo que reduce la basura. Las botellas recolectadas se convertir\u00e1n en cosas nuevas o se utilizar\u00e1n para generar energ\u00eda.<\/p>\n<\/div>\n\n\n\n<div class=\"wp-block-column is-vertically-aligned-center is-layout-flow wp-block-column-is-layout-flow\">\n<figure class=\"wp-block-image size-full\"><img loading=\"lazy\" decoding=\"async\" width=\"800\" height=\"450\" src=\"https:\/\/www.ruiqigo.com\/wp-content\/uploads\/2024\/07\/2.jpg\" alt=\"\" class=\"wp-image-739\" srcset=\"https:\/\/www.ruiqigo.com\/wp-content\/uploads\/2024\/07\/2.jpg 800w, https:\/\/www.ruiqigo.com\/wp-content\/uploads\/2024\/07\/2-768x432.jpg 768w\" sizes=\"(max-width: 800px) 100vw, 800px\" \/><\/figure>\n<\/div>\n<\/div>\n\n\n\n<h2 class=\"wp-block-heading has-text-align-center\"><strong>Conclusi\u00f3n<\/strong><strong><\/strong><\/h2>\n\n\n\n<p>3TOP entiende que el desarrollo sostenible no es s\u00f3lo un eslogan, sino tambi\u00e9n una acci\u00f3n. Por ello, 3TOP participa activamente en diversas actividades de bienestar p\u00fablico medioambiental, defiende el concepto de consumo ecol\u00f3gico y promueve el desarrollo de la industria en una direcci\u00f3n m\u00e1s respetuosa con el medio ambiente y sostenible. Esperamos que a trav\u00e9s de nuestros esfuerzos, m\u00e1s personas comprendan y presten atenci\u00f3n al desarrollo sostenible y contribuyan conjuntamente al futuro de la tierra. Elegir nuestros productos qu\u00edmicos diarios es elegir el cuidado y la responsabilidad por la tierra y las generaciones futuras. \u00a1Seamos testigos de un futuro m\u00e1s verde y mejor!<\/p>","protected":false},"excerpt":{"rendered":"China&#8217;s industries are focusing on the &#8216;dual-carbon&#8217; goal, which aims to reduce carbon emissions and pollution. This is important for making the economy and society more environmentally friendly and sustainable. The daily skincare industry is also working towards this goal. 3TOP supports the idea of sustainable development and has done well in saving energy, reducing [&hellip;]","protected":false},"author":9,"featured_media":717,"parent":0,"menu_order":0,"comment_status":"closed","ping_status":"closed","template":"","meta":{"footnotes":""},"class_list":["post-8","page","type-page","status-publish","has-post-thumbnail","hentry"],"acf":[],"_links":{"self":[{"href":"https:\/\/www.ruiqigo.com\/es\/wp-json\/wp\/v2\/pages\/8","targetHints":{"allow":["GET"]}}],"collection":[{"href":"https:\/\/www.ruiqigo.com\/es\/wp-json\/wp\/v2\/pages"}],"about":[{"href":"https:\/\/www.ruiqigo.com\/es\/wp-json\/wp\/v2\/types\/page"}],"author":[{"embeddable":true,"href":"https:\/\/www.ruiqigo.com\/es\/wp-json\/wp\/v2\/users\/9"}],"replies":[{"embeddable":true,"href":"https:\/\/www.ruiqigo.com\/es\/wp-json\/wp\/v2\/comments?post=8"}],"version-history":[{"count":0,"href":"https:\/\/www.ruiqigo.com\/es\/wp-json\/wp\/v2\/pages\/8\/revisions"}],"wp:featuredmedia":[{"embeddable":true,"href":"https:\/\/www.ruiqigo.com\/es\/wp-json\/wp\/v2\/media\/717"}],"wp:attachment":[{"href":"https:\/\/www.ruiqigo.com\/es\/wp-json\/wp\/v2\/media?parent=8"}],"curies":[{"name":"wp","href":"https:\/\/api.w.org\/{rel}","templated":true}]}}