{"id":835,"date":"2024-07-30T15:57:32","date_gmt":"2024-07-30T07:57:32","guid":{"rendered":"https:\/\/ruiqigo.com\/?page_id=835"},"modified":"2024-12-24T10:10:52","modified_gmt":"2024-12-24T02:10:52","slug":"cookie-policy","status":"publish","type":"page","link":"https:\/\/www.ruiqigo.com\/es\/cookie-policy","title":{"rendered":"Pol\u00edtica de cookies"},"content":{"rendered":"<h3 class=\"wp-block-heading\">\u00bfQu\u00e9 son las cookies?<\/h3>\n\n\n\n<p>Un archivo cookie no nos da acceso a su dispositivo ni a ninguna informaci\u00f3n sobre usted que no sean los datos que usted elija compartir con nosotros y puede incluir un identificador \u00fanico an\u00f3nimo.<\/p>\n\n\n\n<h3 class=\"wp-block-heading\">\u00bfC\u00f3mo utilizamos las cookies?<\/h3>\n\n\n\n<p>Utilizamos cookies para rastrear la actividad en el sitio web de Aerotech y almacenar cierta informaci\u00f3n.<\/p>\n\n\n\n<p>Algunos ejemplos de cookies que podemos utilizar y c\u00f3mo podemos utilizarlas incluyen:<\/p>\n\n\n\n<ul class=\"wp-block-list\">\n<li>Cookies de sesi\u00f3n: estas cookies se utilizan para operar el sitio web y se eliminan de su dispositivo al final de su sesi\u00f3n de navegaci\u00f3n.<\/li>\n\n\n\n<li>Cookies de preferencia: Estas cookies se utilizan para recordar sus preferencias y diversas configuraciones.<\/li>\n\n\n\n<li>Cookies de seguridad: estas cookies habilitan y respaldan nuestras funciones de seguridad y nos ayudan a detectar actividad maliciosa.<\/li>\n\n\n\n<li>Cookies de estad\u00edsticas: Estas cookies se utilizan para identificar qu\u00e9 p\u00e1ginas de nuestro sitio web se visitan y se utilizan. Esto nos ayuda a analizar datos sobre el tr\u00e1fico de la p\u00e1gina web, como con Google Analytics, para mejorar nuestro sitio web. Solo utilizamos esta informaci\u00f3n para fines de an\u00e1lisis estad\u00edstico y luego los datos se eliminan del sistema.<\/li>\n<\/ul>\n\n\n\n<h3 class=\"wp-block-heading\">Control de cookies<\/h3>\n\n\n\n<p>Puede optar por aceptar o rechazar las cookies. Si prefiere no utilizar cookies en nuestro sitio web, puede controlarlas o rechazarlas de las siguientes maneras:<\/p>\n\n\n\n<ul class=\"wp-block-list\">\n<li>Tambi\u00e9n puede configurar su navegador para que rechace las cookies. Tambi\u00e9n puede eliminar todas las cookies que ya se encuentran en el disco duro de su computadora buscando y eliminando los archivos que contienen la palabra &quot;cookie&quot;.<\/li>\n\n\n\n<li>Para controlar la recopilaci\u00f3n de datos con fines anal\u00edticos por parte de Google Analytics, puedes visitar esta p\u00e1gina.<\/li>\n<\/ul>\n\n\n\n<p>Tenga en cuenta que rechazar o deshabilitar las cookies puede significar que no tenga acceso a ciertas funciones del sitio web. Eliminar todas las cookies de su computadora tambi\u00e9n podr\u00eda afectar sus visitas posteriores a ciertos sitios web, incluido el sitio web de MugFactory, al requerir que vuelva a ingresar cierta informaci\u00f3n cuando regrese.<\/p>\n\n\n\n<p>Para obtener informaci\u00f3n sobre c\u00f3mo 3TOP puede recopilar y utilizar otra informaci\u00f3n personal, visite nuestra Pol\u00edtica de privacidad.<\/p>","protected":false},"excerpt":{"rendered":"What are cookies? A cookie file does not give us access to your device or any information about you other than the data you choose to share with us, and it may include an anonymous unique identifier. How do we use cookies? We use cookies to track the activity on the Aerotech Website and hold [&hellip;]","protected":false},"author":9,"featured_media":0,"parent":0,"menu_order":0,"comment_status":"closed","ping_status":"closed","template":"","meta":{"footnotes":""},"class_list":["post-835","page","type-page","status-publish","hentry"],"acf":[],"_links":{"self":[{"href":"https:\/\/www.ruiqigo.com\/es\/wp-json\/wp\/v2\/pages\/835","targetHints":{"allow":["GET"]}}],"collection":[{"href":"https:\/\/www.ruiqigo.com\/es\/wp-json\/wp\/v2\/pages"}],"about":[{"href":"https:\/\/www.ruiqigo.com\/es\/wp-json\/wp\/v2\/types\/page"}],"author":[{"embeddable":true,"href":"https:\/\/www.ruiqigo.com\/es\/wp-json\/wp\/v2\/users\/9"}],"replies":[{"embeddable":true,"href":"https:\/\/www.ruiqigo.com\/es\/wp-json\/wp\/v2\/comments?post=835"}],"version-history":[{"count":0,"href":"https:\/\/www.ruiqigo.com\/es\/wp-json\/wp\/v2\/pages\/835\/revisions"}],"wp:attachment":[{"href":"https:\/\/www.ruiqigo.com\/es\/wp-json\/wp\/v2\/media?parent=835"}],"curies":[{"name":"wp","href":"https:\/\/api.w.org\/{rel}","templated":true}]}}