{"id":1034,"date":"2024-09-04T15:51:06","date_gmt":"2024-09-04T07:51:06","guid":{"rendered":"https:\/\/ruiqigo.com\/?post_type=product&#038;p=1034"},"modified":"2025-09-03T15:21:47","modified_gmt":"2025-09-03T07:21:47","slug":"alkaline-mouthwash","status":"publish","type":"product","link":"https:\/\/www.ruiqigo.com\/es\/product\/alkaline-mouthwash","title":{"rendered":"Enjuague bucal alcalino"},"content":{"rendered":"<h2 class=\"wp-block-heading\">Los 5 principales beneficios del enjuague bucal alcalino<\/h2>\n\n\n\n<p>El enjuague bucal alcalino nos ayuda a limpiar las zonas a las que no llegan nuestros cepillos de dientes ni el hilo dental, por lo que tambi\u00e9n es importante para mantener las enc\u00edas sanas. A continuaci\u00f3n, se indican cinco beneficios clave de nuestro enjuague bucal alcalino:<\/p>\n\n\n\n<h3 class=\"wp-block-heading\">TOP 1: Mantener el equilibrio \u00e1cido-base en la boca<\/h3>\n\n\n\n<p>El interior de la boca humana suele ser un ambiente \u00e1cido, y el ambiente \u00e1cido tambi\u00e9n es una de las causas del crecimiento bacteriano y la formaci\u00f3n de placa.<\/p>\n\n\n\n<p>Las marcas de enjuague bucal m\u00e1s comunes en el mercado son enjuagues bucales \u00e1cidos, los enjuagues bucales \u00e1cidos tienen una fuerte capacidad bactericida, pero son m\u00e1s estimulantes cuando se usan, no son adecuados para la mayor\u00eda de las personas, y el uso frecuente a largo plazo tambi\u00e9n puede destruir el equilibrio \u00e1cido-base en la boca, agravar la erosi\u00f3n del esmalte dental, causando enfermedades bucales. En comparaci\u00f3n con los enjuagues bucales tradicionales, el enjuague bucal alcalino que desarrollamos est\u00e1 m\u00e1s enfocado en equilibrar el pH bucal, es suave y no irritante, y es m\u00e1s adecuado para la mayor\u00eda de los grupos para proteger nuestra salud bucal.<\/p>\n\n\n\n<h3 class=\"wp-block-heading\">TOP 2: Alivia la sensibilidad bucal<\/h3>\n\n\n\n<p>El fl\u00faor es una sustancia eficaz para prevenir la caries dental. Puede penetrar en la superficie del diente y combinarse con los minerales del mismo para formar una pel\u00edcula protectora que mejora la capacidad anticaries del diente. Esta pel\u00edcula protectora puede prevenir la irritaci\u00f3n externa, aliviando as\u00ed los s\u00edntomas de la sensibilidad dental y puede mejorar a\u00fan m\u00e1s el dolor y la debilidad de los dientes. Adem\u00e1s, el enjuague bucal alcalino tambi\u00e9n puede inhibir el crecimiento de bacterias da\u00f1inas, reducir la formaci\u00f3n de placa dental y lograr una prevenci\u00f3n y un tratamiento auxiliar eficaces.<\/p>\n\n\n\n<h3 class=\"wp-block-heading\">TOP 3: Aliento fresco<\/h3>\n\n\n\n<p>Nuestro equipo ha a\u00f1adido menta y otros ingredientes refrescantes para mejorar el mal aliento. Estos ingredientes eliminan r\u00e1pidamente los olores de la boca, dejando una sensaci\u00f3n de frescura. No solo eso, los ingredientes humectantes de nuestro enjuague bucal alcalino tambi\u00e9n pueden hidratar la mucosa oral y aliviar los s\u00edntomas de la boca seca, reduciendo as\u00ed la aparici\u00f3n del mal aliento. En comparaci\u00f3n con el enjuague bucal com\u00fan, el ambiente alcalino tiene un efecto bacteriost\u00e1tico sobre muchas bacterias, puede equilibrar la flora y limpiar la boca, por lo que su efecto refrescante ser\u00e1 m\u00e1s duradero, ayudando a mantener la boca fresca y c\u00f3moda durante mucho tiempo.<\/p>\n\n\n\n<p>Como parte del cuidado bucal diario, el enjuague bucal alcalino cubre las enc\u00edas mejor que los cepillos de dientes y el hilo dental para eliminar los residuos de comida y las bacterias, y nuestro empaque est\u00e1 dise\u00f1ado para ser f\u00e1cil de transportar, por lo que creo que nuestro enjuague bucal alcalino es una opci\u00f3n confiable para usted, especialmente para aquellos que sufren de mal aliento.<\/p>\n\n\n\n<h3 class=\"wp-block-heading\">TOP 4: Promueve la reparaci\u00f3n y curaci\u00f3n bucal<\/h3>\n\n\n\n<p>El bicarbonato de sodio, como uno de los ingredientes del enjuague bucal alcalino, puede neutralizar las sustancias \u00e1cidas en la superficie de las \u00falceras, reduciendo as\u00ed la irritaci\u00f3n de la mucosa oral, logrando efectos antibacterianos y antiinflamatorios, que pueden aliviar el dolor y promover la curaci\u00f3n. Adem\u00e1s, el enjuague bucal puede penetrar en todos los rincones y grietas de la boca, y puede limpiar profundamente la suciedad peque\u00f1a como los restos de comida para mantener un entorno bucal saludable y limpio, lo que tambi\u00e9n ayuda a reducir el crecimiento bacteriano y crear un buen ambiente para la curaci\u00f3n de las \u00falceras bucales. Tambi\u00e9n agregamos algunos ingredientes que promueven la reparaci\u00f3n de la mucosa oral, lo que no solo promueve la curaci\u00f3n de la superficie de la \u00falcera sino que tambi\u00e9n mejora la funci\u00f3n de barrera y reduce el riesgo de \u00falceras bucales. Sin embargo, cuando lo use, se recomienda usarlo correctamente de acuerdo con las instrucciones y evitar tomarlo en exceso o con demasiada frecuencia, para recuperarse de manera m\u00e1s efectiva.<\/p>\n\n\n\n<h3 class=\"wp-block-heading\">TOP 5: Promover la salud bucal<\/h3>\n\n\n\n<p>En el proceso de cuidado diario, generalmente usamos cepillos de dientes e hilo dental para limpiar la boca despu\u00e9s de las comidas, y la limpieza auxiliar del enjuague bucal puede llegar a las \u00e1reas que no se pueden limpiar para garantizar una limpieza integral de la boca, y el enjuague bucal alcalino puede matar bacterias de manera efectiva e inhibirlas, y formar una pel\u00edcula protectora en la boca, mejorar la barrera, reducir el crecimiento de bacterias y prevenir enfermedades bucales. No solo eso, sino que agregamos el factor de menta que tambi\u00e9n puede refrescar el aliento, utilizado para citas en la oficina y otras ocasiones, desarrollamos un enjuague bucal alcalino que es f\u00e1cil de llevar y conveniente para que lo use. Espero que pueda desarrollar buenos h\u00e1bitos de cuidado bucal y promover su salud bucal.<\/p>\n\n\n\n<h2 class=\"wp-block-heading\">Algunas sugerencias de uso<\/h2>\n\n\n\n<p>El uso adecuado del enjuague bucal es muy importante para nuestra salud bucal, a continuaci\u00f3n te dejamos algunas pautas de uso:<\/p>\n\n\n\n<p>1. Utilice enjuague bucal alcalino despu\u00e9s del lavado matutino y vespertino para ayudar a limpiar los dientes; tambi\u00e9n se puede utilizar despu\u00e9s de las comidas para neutralizar las sustancias \u00e1cidas tra\u00eddas por los residuos de alimentos y mantener el equilibrio \u00e1cido-base en la boca.<\/p>\n\n\n\n<p>2. Tome la cantidad adecuada de enjuague bucal y vi\u00e9rtalo en su boca seg\u00fan las instrucciones. Es posible que sea necesario diluir algunos productos.<\/p>\n\n\n\n<p>3. Haga g\u00e1rgaras suavemente 5 veces de izquierda a derecha, prestando atenci\u00f3n a los dientes superiores e inferiores, el lado de la lengua y el lado de los labios, y finalmente regrese a la lengua para hacer g\u00e1rgaras de un lado a otro, y escupa el enjuague bucal despu\u00e9s de hacer g\u00e1rgaras, todo el proceso es de aproximadamente 30 segundos a 1 minuto, para asegurar que el enjuague bucal toque completamente toda la boca.<\/p>\n\n\n\n<p>4. No beba ni coma durante media hora despu\u00e9s de hacer g\u00e1rgaras para mantener el efecto del enjuague bucal.<\/p>\n\n\n\n<p>5. La frecuencia de uso del enjuague bucal depende del estado bucal de cada persona. Si se producen molestias durante el proceso de hacer g\u00e1rgaras, suspenda su uso inmediatamente y consulte a un m\u00e9dico.<\/p>\n\n\n\n<h2 class=\"wp-block-heading\">Conclusi\u00f3n<\/h2>\n\n\n\n<p>El enjuague bucal alcalino desempe\u00f1a un papel auxiliar importante en el cuidado de la salud bucal, y el uso correcto del enjuague bucal alcalino puede proteger eficazmente la salud bucal. Sin embargo, preste atenci\u00f3n a seguir las instrucciones del producto y las recomendaciones del m\u00e9dico al usarlo, puede realizar un examen bucal regularmente cuando sea necesario y prestar atenci\u00f3n a una dieta saludable y un buen descanso y descanso en la vida diaria, para prevenir mejor las enfermedades bucales.<\/p>\n\n\n\n<p><\/p>","protected":false},"excerpt":{"rendered":"TOP 5 benefits of Alkaline Mouthwash Alkaline mouthwash helps us clean areas that our toothbrushes and floss fail to reach, so it&#8217;s also an important part of keeping your gums healthy. Here are 5 key benefits of our alkaline mouthwash: TOP 1: Maintain acid-base balance in the mouth The inside of the human mouth is [&hellip;]","protected":false},"featured_media":1035,"menu_order":0,"template":"","meta":[],"product-tag":[201,206,207,208,211,212,216],"products":[72],"class_list":["post-1034","product","type-product","status-publish","has-post-thumbnail","hentry","product-tag-mouthwash-manufacturer","product-tag-mouthwash-companies","product-tag-mouthwash-factory","product-tag-mouthwash-suppliers","product-tag-alkaline-mouthwash-manufacturer","product-tag-mouthwash-contract-manufacturer","product-tag-private-label-mouthwash-manufacturers","products-mouthwash"],"acf":[],"_links":{"self":[{"href":"https:\/\/www.ruiqigo.com\/es\/wp-json\/wp\/v2\/product\/1034","targetHints":{"allow":["GET"]}}],"collection":[{"href":"https:\/\/www.ruiqigo.com\/es\/wp-json\/wp\/v2\/product"}],"about":[{"href":"https:\/\/www.ruiqigo.com\/es\/wp-json\/wp\/v2\/types\/product"}],"version-history":[{"count":0,"href":"https:\/\/www.ruiqigo.com\/es\/wp-json\/wp\/v2\/product\/1034\/revisions"}],"wp:featuredmedia":[{"embeddable":true,"href":"https:\/\/www.ruiqigo.com\/es\/wp-json\/wp\/v2\/media\/1035"}],"wp:attachment":[{"href":"https:\/\/www.ruiqigo.com\/es\/wp-json\/wp\/v2\/media?parent=1034"}],"wp:term":[{"taxonomy":"product-tag","embeddable":true,"href":"https:\/\/www.ruiqigo.com\/es\/wp-json\/wp\/v2\/product-tag?post=1034"},{"taxonomy":"products","embeddable":true,"href":"https:\/\/www.ruiqigo.com\/es\/wp-json\/wp\/v2\/products?post=1034"}],"curies":[{"name":"wp","href":"https:\/\/api.w.org\/{rel}","templated":true}]}}