{"id":1080,"date":"2024-09-14T14:55:04","date_gmt":"2024-09-14T06:55:04","guid":{"rendered":"https:\/\/ruiqigo.com\/?post_type=product&#038;p=1080"},"modified":"2024-11-14T22:16:48","modified_gmt":"2024-11-14T14:16:48","slug":"batana-oil","status":"publish","type":"product","link":"https:\/\/www.ruiqigo.com\/es\/product\/batana-oil","title":{"rendered":"Aceite de Batana\u00a0"},"content":{"rendered":"<h2 class=\"wp-block-heading\">C\u00f3mo formular una l\u00ednea de cuidado capilar con aceite de Batana<\/h2>\n\n\n\n<p>Como fabricante l\u00edder de aceite de Batana, el aceite de Batana tiene un efecto significativo en el cuidado del cabello gracias a sus nutrientes clave, que nutren el cabello, mejoran su dureza, retrasan el envejecimiento y cuidan la salud del cabello.<\/p>\n\n\n\n<p>\u00c1cidos grasos: Los \u00e1cidos grasos pueden nutrir profundamente el cabello, haci\u00e9ndolo m\u00e1s saludable y brillante. Adem\u00e1s, los \u00e1cidos grasos tambi\u00e9n pueden mejorar la elasticidad y la dureza del cabello y reducir la rotura.<\/p>\n\n\n\n<p>Vitamina E: La vitamina E es un antioxidante natural que tiene un cierto efecto reparador, puede mejorar el cabello da\u00f1ado y reduce el da\u00f1o causado por el cabello quebradizo y quebradizo. No solo eso, la vitamina E tambi\u00e9n puede promover la circulaci\u00f3n sangu\u00ednea en el cuero cabelludo, proporcionando m\u00e1s nutrientes al cabello y promoviendo su crecimiento.<\/p>\n\n\n\n<p>Antioxidantes: Los antioxidantes pueden combatir los radicales libres para retardar el proceso de oxidaci\u00f3n del cabello y el cuero cabelludo, ayudar a retardar el proceso de envejecimiento del cabello y proteger el cabello de los rayos UV, haci\u00e9ndolo as\u00ed m\u00e1s brillante y saludable.<\/p>\n\n\n\n<h2 class=\"wp-block-heading\">Caracter\u00edsticas<\/h2>\n\n\n\n<p>1. Natural y libre de contaminaci\u00f3n: nuestro aceite esencial de Batana se extrae sin agregar otros componentes qu\u00edmicos durante el proceso de producci\u00f3n, los ingredientes son limpios, no contienen ingredientes irritantes y se pueden usar de forma segura.<\/p>\n\n\n\n<p>2. F\u00e1cil absorci\u00f3n: en comparaci\u00f3n con los aceites esenciales para el cuidado del cabello comunes, nuestros aceites esenciales de Batana pueden penetrar y absorberse m\u00e1s r\u00e1pido y mejor, y no ser\u00e1n grasosos, por lo que la experiencia ser\u00e1 m\u00e1s c\u00f3moda y se pueden usar con otros productos, no pesados.<\/p>\n\n\n\n<p>3. Piel completa: Las propiedades nutritivas, hidratantes y de f\u00e1cil absorci\u00f3n del aceite de Batana tambi\u00e9n demuestran que es adecuado para una variedad de tipos de cabello. No solo puede hidratar fuertemente el cabello seco y lograr el efecto hidratante, sino que tambi\u00e9n equilibra la secreci\u00f3n de aceite y reduce la sensaci\u00f3n grasosa del cabello graso. Por supuesto, para el cabello mixto, puede mejorar la salud general del cabello y es una opci\u00f3n que vale la pena comprar.<\/p>\n\n\n\n<h2 class=\"wp-block-heading\">Los beneficios del aceite de Batana<\/h2>\n\n\n\n<p>1. Nutrici\u00f3n e hidrataci\u00f3n profundas: el aceite esencial de Batana puede penetrar profundamente en el cuero cabelludo, suavizarlo y calmarlo, y proporcionar un efecto nutritivo e hidratante para el cabello. Este es un buen aceite esencial para el cuidado del cabello para personas con cabello seco y da\u00f1ado, que puede mejorar la calidad de su cabello y deshacerse del problema del cabello seco.<\/p>\n\n\n\n<p>2. Brillo natural: el aceite de batana no solo suaviza el cabello, sino que tambi\u00e9n restaura su brillo. Hace que el cabello quede m\u00e1s suave y mejora su apariencia general.<\/p>\n\n\n\n<p>3. Repara el da\u00f1o: las sustancias antioxidantes del aceite de Batana pueden reparar profundamente el cabello da\u00f1ado, reduciendo as\u00ed la rotura y la divisi\u00f3n del cabello. El da\u00f1o causado por el planchado y el te\u00f1ido frecuentes y la bifurcaci\u00f3n grave tambi\u00e9n pueden ser la medicina adecuada; la adherencia a largo plazo al uso puede mejorar la dureza del cabello para que est\u00e9 m\u00e1s saludable y no se parta ni se quiebre f\u00e1cilmente.<\/p>\n\n\n\n<p>4. Promueve el crecimiento: Como fabricante de precisi\u00f3n, un cuero cabelludo saludable favorece el crecimiento del cabello, y los nutrientes que proporciona el aceite esencial de Batana pueden promover la salud del cuero cabelludo y proporcionar un buen entorno de crecimiento para los fol\u00edculos pilosos. Masajear el cuero cabelludo con aceite de Batana estimula la circulaci\u00f3n sangu\u00ednea y promueve la salud general del cabello, lo que reduce la ca\u00edda y la rotura del cabello, al mismo tiempo que ayuda al cabello a crecer de forma natural.<\/p>\n\n\n\n<p>5. Calma la piel: adem\u00e1s del cuidado del cabello, Batana tambi\u00e9n se puede utilizar en otros aspectos, como mejorar el tono desigual de la piel, proporcionar un efecto hidratante para la piel, retardar el envejecimiento de la piel y otros efectos; con el uso a largo plazo, encontrar\u00e1 cambios en la piel.<\/p>\n\n\n\n<h2 class=\"wp-block-heading\">\u00bfC\u00f3mo utilizar el aceite de Batana en el cabello?<\/h2>\n\n\n\n<p>Como fabricante profesional de aceite de Batana, aqu\u00ed hay muchas formas de usar el aceite de Batana y puede elegir una o m\u00e1s que sean mejores para usted seg\u00fan su tipo de cabello:<\/p>\n\n\n\n<p>1. Antes del champ\u00fa: tome una cantidad adecuada de aceite esencial y fr\u00f3telo en la palma de la mano para calentarlo, masajee el aceite esencial caliente en el cuero cabelludo y el cabello, especialmente en la parte seca y da\u00f1ada, y luego fije el cabello con un gorro de ducha o film transparente y espere media hora antes de lavarlo o a la ma\u00f1ana siguiente. Este proceso ayuda a que el aceite esencial de Batana penetre m\u00e1s profundamente en las hebras del cabello, emulsionando los aceites y la suciedad y nutriendo el cuero cabelludo.<\/p>\n\n\n\n<p>2. Durante el champ\u00fa: puedes masajear una peque\u00f1a cantidad de aceite esencial en el cuero cabelludo y el cabello durante el champ\u00fa. Tambi\u00e9n puedes mezclarlo con el champ\u00fa o el acondicionador. Cubrir todo el cuero cabelludo con aceite esencial y masajearlo suavemente durante 3 a 5 minutos puede limpiar y relajar el cuero cabelludo, lo que promueve la circulaci\u00f3n sangu\u00ednea y estimula los fol\u00edculos pilosos. Despu\u00e9s del masaje, enjuaga con agua. Este proceso ayuda a que el aceite esencial nutra mejor el cabello y lo haga m\u00e1s suave y brillante.<\/p>\n\n\n\n<p>3. Despu\u00e9s de lavarse el cabello con champ\u00fa, s\u00e9quelo con una toalla y mant\u00e9ngalo ligeramente h\u00famedo. Luego, tome una cantidad adecuada de aceite esencial, fr\u00f3telo y cali\u00e9ntelo, y apl\u00edquelo en el cabello, especialmente donde las puntas del cabello se parten con facilidad. Despu\u00e9s de aplicarlo, deje que su cabello se seque al aire o con un secador de pelo, teniendo cuidado de no calentarlo demasiado. De esta manera, su cabello estar\u00e1 hidratado y protegido.<\/p>\n\n\n\n<h2 class=\"wp-block-heading\">Precauci\u00f3n<\/h2>\n\n\n\n<p>1. Por primera vez, se recomienda realizar una prueba cut\u00e1nea para prevenir alergias.<\/p>\n\n\n\n<p>2. Se recomienda que los ni\u00f1os lo utilicen bajo la supervisi\u00f3n de sus padres.<\/p>\n\n\n\n<p>3. En caso de contacto con los ojos durante el uso, enju\u00e1guelos inmediatamente con agua limpia.<\/p>\n\n\n\n<p>4. Conservar en un lugar fresco y seco, alejado de la luz solar directa.<\/p>\n\n\n\n<p>5. La frecuencia de uso del cabello fino no debe ser demasiado alta.<\/p>\n\n\n\n<h2 class=\"wp-block-heading\">Conclusi\u00f3n<\/h2>\n\n\n\n<p>El aceite esencial de Batana es vers\u00e1til, suave y no irritante para una amplia variedad de tipos de cabello. Las soluciones efectivas para el cabello seco, las puntas abiertas, la ca\u00edda del cabello, etc., desempe\u00f1an un papel importante en el cuidado del cabello. Como excelente fabricante de aceite de Batana, contamos con niveles de selecci\u00f3n para garantizar materias primas naturales y de alta calidad y, a trav\u00e9s de una variedad de procesos de fabricaci\u00f3n, el aceite esencial de Batana tambi\u00e9n es un producto confiable.<\/p>\n\n\n\n<p><\/p>","protected":false},"excerpt":{"rendered":"How To Formulate A Batana Oil Hair Care Line As a leading Batana Oil manufacturer, Batana oil has a significant effect on hair care thanks to its key nutrients, which nourish hair, enhance hair toughness, delay aging, and care for your hair health. Fatty acids: Fatty acids can deeply nourish hair, making hair more healthy [&hellip;]","protected":false},"featured_media":1081,"menu_order":0,"template":"","meta":[],"product-tag":[],"products":[49,53],"class_list":["post-1080","product","type-product","status-publish","has-post-thumbnail","hentry","products-hair-care","products-essential-oil"],"acf":[],"_links":{"self":[{"href":"https:\/\/www.ruiqigo.com\/es\/wp-json\/wp\/v2\/product\/1080","targetHints":{"allow":["GET"]}}],"collection":[{"href":"https:\/\/www.ruiqigo.com\/es\/wp-json\/wp\/v2\/product"}],"about":[{"href":"https:\/\/www.ruiqigo.com\/es\/wp-json\/wp\/v2\/types\/product"}],"version-history":[{"count":0,"href":"https:\/\/www.ruiqigo.com\/es\/wp-json\/wp\/v2\/product\/1080\/revisions"}],"wp:featuredmedia":[{"embeddable":true,"href":"https:\/\/www.ruiqigo.com\/es\/wp-json\/wp\/v2\/media\/1081"}],"wp:attachment":[{"href":"https:\/\/www.ruiqigo.com\/es\/wp-json\/wp\/v2\/media?parent=1080"}],"wp:term":[{"taxonomy":"product-tag","embeddable":true,"href":"https:\/\/www.ruiqigo.com\/es\/wp-json\/wp\/v2\/product-tag?post=1080"},{"taxonomy":"products","embeddable":true,"href":"https:\/\/www.ruiqigo.com\/es\/wp-json\/wp\/v2\/products?post=1080"}],"curies":[{"name":"wp","href":"https:\/\/api.w.org\/{rel}","templated":true}]}}