{"id":1101,"date":"2024-09-20T13:55:29","date_gmt":"2024-09-20T05:55:29","guid":{"rendered":"https:\/\/ruiqigo.com\/?post_type=product&#038;p=1101"},"modified":"2024-09-20T13:55:29","modified_gmt":"2024-09-20T05:55:29","slug":"minoxidil-hair-growth-solution","status":"publish","type":"product","link":"https:\/\/www.ruiqigo.com\/es\/product\/minoxidil-hair-growth-solution","title":{"rendered":"Soluci\u00f3n Minoxidil para el crecimiento del cabello"},"content":{"rendered":"<h2 class=\"wp-block-heading\">F\u00f3rmulas comunes de fabricaci\u00f3n de la soluci\u00f3n para el crecimiento del cabello Minoxidil<\/h2>\n\n\n\n<p>Nuestro proceso de producci\u00f3n incluye principalmente la preparaci\u00f3n de la materia prima, la s\u00edntesis de la reacci\u00f3n, la purificaci\u00f3n, la preparaci\u00f3n y el envasado. La inspecci\u00f3n de calidad se lleva a cabo durante todo el proceso para garantizar que la calidad del producto cumpla con los est\u00e1ndares y requisitos pertinentes. Las principales f\u00f3rmulas son:<\/p>\n\n\n\n<p>1. Minoxidil: El ingrediente activo principal puede dilatar los vasos sangu\u00edneos, promover la circulaci\u00f3n sangu\u00ednea, proporcionar al cabello m\u00e1s ox\u00edgeno y nutrientes y estimular el crecimiento del cabello.<\/p>\n\n\n\n<p>2. Propilenglicol: como disolvente, desempe\u00f1a principalmente un papel disolvente y anticorrosivo, y tambi\u00e9n tiene un efecto hidratante sobre la piel.<\/p>\n\n\n\n<p>3. Etanol: Acci\u00f3n auxiliar, ayudando a que el minoxidil se disuelva y permanezca estable.<\/p>\n\n\n\n<p>4. Glicerina: como humectante, puede aumentar la comodidad del producto.<\/p>\n\n\n\n<p>5. Agua pura: diluci\u00f3n<\/p>\n\n\n\n<h2 class=\"wp-block-heading\">Los beneficios de la soluci\u00f3n Minoxidil para el crecimiento del cabello<\/h2>\n\n\n\n<p>1. Promueve el crecimiento del cabello: la soluci\u00f3n de crecimiento del cabello Minoxidil puede estimular la proliferaci\u00f3n y diferenciaci\u00f3n de las c\u00e9lulas del fol\u00edculo piloso, promoviendo as\u00ed el crecimiento del cabello y ayudando a restaurar la funci\u00f3n de los fol\u00edculos pilosos da\u00f1ados.<\/p>\n\n\n\n<p>2. Mejora el entorno del cuero cabelludo: la soluci\u00f3n de minoxidil para el crecimiento del cabello promueve la circulaci\u00f3n sangu\u00ednea al dilatar los vasos sangu\u00edneos, lo que aporta m\u00e1s ox\u00edgeno y nutrientes a los fol\u00edculos pilosos. El uso a largo plazo puede mejorar el entorno del cuero cabelludo.<\/p>\n\n\n\n<p>3. Mejora la ca\u00edda del cabello: la soluci\u00f3n para el crecimiento del cabello Minoxidil puede reducir la ca\u00edda del cabello, especialmente para las personas con alopecia androg\u00e9nica y alopecia seborreica.<\/p>\n\n\n\n<p>4. Aumenta el grosor y la densidad del cabello: el uso a largo plazo de nuestros productos no solo puede reducir la ca\u00edda del cabello y promover su crecimiento, sino que tambi\u00e9n el cabello absorbe constantemente nutrientes, lo que lo volver\u00e1 m\u00e1s saludable y grueso.<\/p>\n\n\n\n<p>5. Prolonga el ciclo del fol\u00edculo piloso inactivo: la soluci\u00f3n para el crecimiento del cabello Minoxidil puede regular el ciclo de crecimiento de los fol\u00edculos pilosos, de modo que los fol\u00edculos pilosos inactivos entren en la fase de crecimiento con anticipaci\u00f3n, extendiendo as\u00ed el ciclo de vida del cabello.<\/p>\n\n\n\n<p>6. Repara la funci\u00f3n de barrera del cuero cabelludo: el minoxidil tambi\u00e9n tiene efectos antiinflamatorios y la inflamaci\u00f3n del cuero cabelludo generalmente da\u00f1a la funci\u00f3n de barrera, por lo que el uso a largo plazo puede ayudar a reducir este da\u00f1o y promover la reparaci\u00f3n de la barrera del cuero cabelludo.<\/p>\n\n\n\n<h2 class=\"wp-block-heading\">\u00bfC\u00f3mo utilizar la soluci\u00f3n para el crecimiento del cabello Minoxidil?<\/h2>\n\n\n\n<p>1. Limpie el cuero cabelludo: antes de usar la soluci\u00f3n de minoxidil para el crecimiento del cabello, aseg\u00farese de que el cuero cabelludo est\u00e9 limpio y seco para garantizar que el medicamento se absorba mejor.<\/p>\n\n\n\n<p>2. Aplicar o rociar: el cabello se puede dividir en cuatro partes y luego aplicar uniformemente la soluci\u00f3n de crecimiento en el \u00e1rea de p\u00e9rdida de cabello, o rociar la boquilla contra el cuero cabelludo para asegurar que el l\u00edquido pueda cubrirse uniformemente en el cuero cabelludo y luego masajear suavemente con el dedo vientre durante 3-5 minutos hasta que se absorba por completo.<\/p>\n\n\n\n<p>3. L\u00e1vese las manos inmediatamente despu\u00e9s del masaje para no tocar otras partes del l\u00edquido. Al mismo tiempo, no se lave el cabello inmediatamente despu\u00e9s de la aplicaci\u00f3n, se recomienda esperar m\u00e1s de 1 hora y utilizar una vez cada ma\u00f1ana y noche.<\/p>\n\n\n\n<h2 class=\"wp-block-heading\">Precauci\u00f3n<\/h2>\n\n\n\n<p>1. Evite mezclar con otros medicamentos. Al utilizar este producto, debe consultar a su m\u00e9dico si se pueden mezclar otros medicamentos con los productos de soluci\u00f3n para el crecimiento del cabello Minoxidil.<\/p>\n\n\n\n<p>2. Las mujeres embarazadas, los ni\u00f1os, las mujeres en per\u00edodo de lactancia y los pacientes con enfermedades card\u00edacas o antecedentes de enfermedades card\u00edacas deben usarlo con precauci\u00f3n bajo la supervisi\u00f3n de un m\u00e9dico.<\/p>\n\n\n\n<p>3. Se recomienda realizar una prueba de alergia antes de usar la soluci\u00f3n de minoxidil para el crecimiento del cabello.<\/p>\n\n\n\n<p>4. El ciclo de uso de este producto suele ser de 4 meses. Si deja de usarlo durante este per\u00edodo, la ca\u00edda del cabello puede comenzar de nuevo y perder el cabello m\u00e1s r\u00e1pido.<\/p>\n\n\n\n<p>5. Este producto es adecuado para la mayor\u00eda de las personas, el mejor efecto del tratamiento es para personas de 18 a 40 a\u00f1os.<\/p>\n\n\n\n<p>6. Este producto es adecuado para las etapas tempranas y medias de la p\u00e9rdida de cabello, \u00e1reas de p\u00e9rdida de cabello clara y otros escenarios, pero aseg\u00farese de seguir el consejo del m\u00e9dico antes de usarlo.<\/p>\n\n\n\n<p>7. Despu\u00e9s de usar este producto, la piel est\u00e1 m\u00e1s sensible al sol, as\u00ed que preste atenci\u00f3n a la protecci\u00f3n solar.<\/p>\n\n\n\n<p>7. Si se produce alguna molestia durante el uso, deje de usarlo inmediatamente y l\u00edmpielo con agua.<\/p>\n\n\n\n<p>8. La soluci\u00f3n capilar de minoxidil debe almacenarse en un lugar fresco y seco, lejos de la luz solar directa.<\/p>\n\n\n\n<h2 class=\"wp-block-heading\">Conclusi\u00f3n<\/h2>\n\n\n\n<p>La soluci\u00f3n para el crecimiento del cabello Minoxidil es la preferida por las personas con p\u00e9rdida de cabello y ca\u00edda del cabello, especialmente alopecia androg\u00e9nica, por sus caracter\u00edsticas de mejorar la ca\u00edda del cabello, expandir los fol\u00edculos pilosos, promover el crecimiento y reparar las barreras. Nuestra f\u00e1brica a trav\u00e9s de capas de control de calidad, as\u00ed como la innovaci\u00f3n de investigaci\u00f3n y desarrollo del personal t\u00e9cnico, mejora la f\u00f3rmula existente y mejora constantemente la facilidad de uso de los productos. Al mismo tiempo, garantizamos que la calidad y la seguridad de los productos est\u00e9n a la altura de los m\u00e1s altos est\u00e1ndares y satisfagan sus necesidades. Adem\u00e1s, hemos marcado las instrucciones de uso en el empaque del producto en detalle. Esperamos que pueda leer las instrucciones detenidamente antes de usarlo y ajustarlas seg\u00fan su tipo de piel para lograr los mejores resultados.<\/p>\n\n\n\n<p><\/p>","protected":false},"excerpt":{"rendered":"Minoxidil Hair Growth Solution Manufacturing Common Formulas Our production process mainly includes raw material preparation, reaction synthesis, purification, preparation, and filling. The quality inspection runs through the whole process to ensure that the product quality meets the relevant standards and requirements. The main formulas are: 1. Minoxidil: The core active ingredient can dilate blood vessels, [&hellip;]","protected":false},"featured_media":1102,"menu_order":0,"template":"","meta":[],"product-tag":[],"products":[49],"class_list":["post-1101","product","type-product","status-publish","has-post-thumbnail","hentry","products-hair-care"],"acf":[],"_links":{"self":[{"href":"https:\/\/www.ruiqigo.com\/es\/wp-json\/wp\/v2\/product\/1101","targetHints":{"allow":["GET"]}}],"collection":[{"href":"https:\/\/www.ruiqigo.com\/es\/wp-json\/wp\/v2\/product"}],"about":[{"href":"https:\/\/www.ruiqigo.com\/es\/wp-json\/wp\/v2\/types\/product"}],"version-history":[{"count":0,"href":"https:\/\/www.ruiqigo.com\/es\/wp-json\/wp\/v2\/product\/1101\/revisions"}],"wp:featuredmedia":[{"embeddable":true,"href":"https:\/\/www.ruiqigo.com\/es\/wp-json\/wp\/v2\/media\/1102"}],"wp:attachment":[{"href":"https:\/\/www.ruiqigo.com\/es\/wp-json\/wp\/v2\/media?parent=1101"}],"wp:term":[{"taxonomy":"product-tag","embeddable":true,"href":"https:\/\/www.ruiqigo.com\/es\/wp-json\/wp\/v2\/product-tag?post=1101"},{"taxonomy":"products","embeddable":true,"href":"https:\/\/www.ruiqigo.com\/es\/wp-json\/wp\/v2\/products?post=1101"}],"curies":[{"name":"wp","href":"https:\/\/api.w.org\/{rel}","templated":true}]}}