{"id":1121,"date":"2024-09-20T17:27:59","date_gmt":"2024-09-20T09:27:59","guid":{"rendered":"https:\/\/ruiqigo.com\/?post_type=product&#038;p=1121"},"modified":"2024-11-14T17:27:54","modified_gmt":"2024-11-14T09:27:54","slug":"pumpkin-seed-oil","status":"publish","type":"product","link":"https:\/\/www.ruiqigo.com\/es\/product\/pumpkin-seed-oil","title":{"rendered":"Aceite de semilla de calabaza\u00a0\u00a0"},"content":{"rendered":"<h2 class=\"wp-block-heading\">F\u00f3rmulas habituales para la elaboraci\u00f3n de aceite de semilla de calabaza<\/h2>\n\n\n\n<p>Damos gran importancia a la calidad del aceite de semilla de calabaza, por lo que cada proceso de producci\u00f3n est\u00e1 estrictamente controlado. En primer lugar, seleccionaremos semillas de calabaza de alta calidad y libres de contaminaci\u00f3n como materia prima, y utilizaremos tecnolog\u00eda de prensado en fr\u00edo para extraerlas, lo que puede garantizar la integridad y la actividad de los nutrientes. Como fabricante confiable de aceite de semilla de calabaza, en la f\u00f3rmula del aceite de semilla de calabaza, la semilla de calabaza es el ingrediente principal y se mezcla en proporci\u00f3n con otros antioxidantes. Las siguientes son las principales formulaciones de nuestros productos:<\/p>\n\n\n\n<p>1. Semillas de calabaza: los diversos \u00e1cidos grasos de las semillas de calabaza tienen propiedades antiinflamatorias, que pueden mejorar el cabello da\u00f1ado. Los nutrientes que contienen tambi\u00e9n pueden promover la salud y el crecimiento del cabello.<\/p>\n\n\n\n<p>2. Vitamina E: La vitamina E es un poderoso antioxidante que combate los radicales libres en el cuero cabelludo, retrasando as\u00ed el envejecimiento y protegiendo las c\u00e9lulas del da\u00f1o.<\/p>\n\n\n\n<h2 class=\"wp-block-heading\">Los beneficios del aceite de semilla de calabaza<\/h2>\n\n\n\n<p>1. Nutre el cabello: el aceite de semilla de calabaza puede proporcionar una rica nutrici\u00f3n para el cabello y mejorar el cabello seco, amarillo y otros problemas.<\/p>\n\n\n\n<p>2. Repara el da\u00f1o: La vitamina E y otros antioxidantes en el aceite de semilla de calabaza combaten los radicales libres y tambi\u00e9n pueden combatir los s\u00edntomas relacionados con la caspa y las infecciones del cuero cabelludo, reparar en profundidad y mejorar la calidad del cabello.<\/p>\n\n\n\n<p>3. Agua que retiene la humedad: Nuestro producto es un aceite de calidad media, adecuado para aplicar en el cuero cabelludo, puede retener el agua firmemente y mejorar el cabello partido, roto y con otros problemas.<\/p>\n\n\n\n<p>4. Mejora la ca\u00edda del cabello: cuando la DHT (dihidrotestosterona) del cuerpo es excesiva, provocar\u00e1 problemas de ca\u00edda del cabello, y el aceite de semilla de calabaza puede reducir la producci\u00f3n de DHT, protegiendo as\u00ed la salud de los fol\u00edculos pilosos y reduciendo la ca\u00edda del cabello.<\/p>\n\n\n\n<p>5. Promueve el crecimiento: Algunos componentes del aceite de semilla de calabaza pueden promover la circulaci\u00f3n sangu\u00ednea, proporcionar m\u00e1s nutrientes y ox\u00edgeno a los fol\u00edculos pilosos y ayudar a que el cabello crezca naturalmente.<\/p>\n\n\n\n<p>6. Mejora la piel: el aceite de semilla de calabaza no solo tiene un efecto notable en el cuidado del cabello, sino que tambi\u00e9n es un producto natural para el cuidado de la piel, que puede ser antioxidante, antienvejecimiento, nutritivo e hidratante, y puede mejorar la calidad de la piel y hacer que su piel sea m\u00e1s saludable en uso a largo plazo.<\/p>\n\n\n\n<h2 class=\"wp-block-heading\">\u00bfC\u00f3mo utilizar el aceite de semilla de calabaza para el crecimiento del cabello?<\/h2>\n\n\n\n<p>Como fabricante confiable de aceite de semilla de calabaza, seleccionamos cuidadosamente semillas de calabaza de alta calidad y cada proceso de producci\u00f3n es revisado por t\u00e9cnicos profesionales para garantizar su pureza y seguridad. Hay muchas formas de usar el aceite de semilla de calabaza en el cuidado del cabello, puede elegir una adecuada para usted de acuerdo con la solicitud real y el uso a largo plazo, y creo que su cabello se volver\u00e1 m\u00e1s saludable, m\u00e1s grueso y brillante. A continuaci\u00f3n, se muestran varios m\u00e9todos de uso a los que se puede hacer referencia:<\/p>\n\n\n\n<p>1. Antes de aplicar el champ\u00fa: Antes de aplicar el champ\u00fa, peina tu cabello y aplica nuestro producto en la palma de tu mano para calentarlo. Luego, apl\u00edcalo uniformemente en el cuero cabelludo y el cabello, puedes masajear suavemente con el dedo durante 3 a 5 minutos y esperar 10 minutos para promover la absorci\u00f3n; L\u00e1vate el cabello por \u00faltimo y aseg\u00farate de limpiarlo bien cuando lo laves.<\/p>\n\n\n\n<p>2. Champ\u00fa: En el proceso de champ\u00fa, puedes dejar caer dos gotas de aceite de semilla de calabaza en el champ\u00fa o acondicionador. De acuerdo con el proceso de champ\u00fa normal, puedes dedicar m\u00e1s tiempo a masajear el cuero cabelludo con los dedos y el abdomen para promover la circulaci\u00f3n sangu\u00ednea y la absorci\u00f3n del aceite esencial. Enjuaga con agua tibia para asegurarte de que no queden residuos.<\/p>\n\n\n\n<p>3. Despu\u00e9s de lavarse el cabello: Despu\u00e9s de lavarse el cabello, seque el agua con una toalla para mantener su cabello en un estado semiseco; Luego tome una peque\u00f1a cantidad de aceite de semilla de calabaza, frote y caliente, y aplique uniformemente desde la punta del cabello hasta el final del cabello, especialmente las partes secas y da\u00f1adas, tenga cuidado de no aplicar en el cuero cabelludo, para evitar el cabello graso; Despu\u00e9s de aplicar, puede secar con un secador de pelo a baja temperatura o secar al aire.<\/p>\n\n\n\n<h2 class=\"wp-block-heading\">Precauci\u00f3n<\/h2>\n\n\n\n<p>1. Se debe realizar una prueba de alergia cuando se utiliza por primera vez para asegurarse de que no haya ninguna reacci\u00f3n al\u00e9rgica antes de usarlo.<\/p>\n\n\n\n<p>2. A los pacientes con \u00falceras eritematosas o ra\u00edces de cabello muy grasas se les recomienda su uso bajo supervisi\u00f3n m\u00e9dica.<\/p>\n\n\n\n<p>3. El aceite de semilla de calabaza es adecuado para la mayor\u00eda de las personas, especialmente aquellas con cabello da\u00f1ado, calvo, cabello seco, etc.<\/p>\n\n\n\n<p>4. Nuestro producto es adecuado para cualquier situaci\u00f3n, ya sea que se utilice antes, durante y despu\u00e9s del lavado del cabello o para el cuidado diario.<\/p>\n\n\n\n<p>5. Cuando se utiliza para controlar la cantidad, para evitar el exceso de cabello graso y dif\u00edcil de limpiar.<\/p>\n\n\n\n<p>6. Si durante el uso se produce enrojecimiento de la piel, picaz\u00f3n en el cuero cabelludo u otros s\u00edntomas, deje de usarlo inmediatamente y l\u00edmpielo con agua.<\/p>\n\n\n\n<p>7. Este producto debe almacenarse en un lugar fresco y seco, lejos de la luz solar directa.<\/p>\n\n\n\n<h2 class=\"wp-block-heading\">Conclusi\u00f3n<\/h2>\n\n\n\n<p>Si buscas un aceite esencial totalmente natural y no da\u00f1ino para el cuidado del cabello, entonces nuestro aceite de semilla de calabaza es la mejor opci\u00f3n. Damos gran importancia a la calidad y seguridad del producto. En todo el proceso de producci\u00f3n, el control de calidad, la protecci\u00f3n del medio ambiente y el ahorro de energ\u00eda son nuestras prioridades. Desde el cribado de la materia prima hasta el procesamiento y envasado, existen diferentes pruebas de calidad, incluidos indicadores sensoriales, indicadores funcionales, pruebas de irritaci\u00f3n de la piel, etc., para garantizar la estabilidad y seguridad de los aceites esenciales. Como fabricante eficiente de aceite de semilla de calabaza, al mismo tiempo, los productos tambi\u00e9n son verificados por instituciones de prueba profesionales de terceros para cumplir con los est\u00e1ndares pertinentes. Espero que pueda brindarte una buena experiencia en el cuidado del cabello, y creo que con su uso persistente, tu cabello seguramente tendr\u00e1 cambios significativos.<\/p>","protected":false},"excerpt":{"rendered":"Pumpkin Seed Oil Manufacturing Common Formulas We attach great importance to the quality of pumpkin seed oil, so every process of production is strictly controlled. First of all, we will select high-quality, pollution-free pumpkin seeds as raw materials, and use cold-pressing technology to extract them which can ensure the integrity and activity of nutrients. As [&hellip;]","protected":false},"featured_media":1122,"menu_order":0,"template":"","meta":[],"product-tag":[],"products":[53],"class_list":["post-1121","product","type-product","status-publish","has-post-thumbnail","hentry","products-essential-oil"],"acf":[],"_links":{"self":[{"href":"https:\/\/www.ruiqigo.com\/es\/wp-json\/wp\/v2\/product\/1121","targetHints":{"allow":["GET"]}}],"collection":[{"href":"https:\/\/www.ruiqigo.com\/es\/wp-json\/wp\/v2\/product"}],"about":[{"href":"https:\/\/www.ruiqigo.com\/es\/wp-json\/wp\/v2\/types\/product"}],"version-history":[{"count":0,"href":"https:\/\/www.ruiqigo.com\/es\/wp-json\/wp\/v2\/product\/1121\/revisions"}],"wp:featuredmedia":[{"embeddable":true,"href":"https:\/\/www.ruiqigo.com\/es\/wp-json\/wp\/v2\/media\/1122"}],"wp:attachment":[{"href":"https:\/\/www.ruiqigo.com\/es\/wp-json\/wp\/v2\/media?parent=1121"}],"wp:term":[{"taxonomy":"product-tag","embeddable":true,"href":"https:\/\/www.ruiqigo.com\/es\/wp-json\/wp\/v2\/product-tag?post=1121"},{"taxonomy":"products","embeddable":true,"href":"https:\/\/www.ruiqigo.com\/es\/wp-json\/wp\/v2\/products?post=1121"}],"curies":[{"name":"wp","href":"https:\/\/api.w.org\/{rel}","templated":true}]}}